{"id":805860,"date":"2025-06-17T21:54:05","date_gmt":"2025-06-17T18:54:05","guid":{"rendered":"https:\/\/nextsnkr.com\/product\/nike-air-force-pixel-white\/"},"modified":"2026-01-31T19:09:23","modified_gmt":"2026-01-31T16:09:23","slug":"nike-air-force-pixel-white","status":"publish","type":"product","link":"https:\/\/nextsnkr.com\/fr\/produit\/nike-air-force-pixel-white\/","title":{"rendered":"Nike air force Pixel White-chaussures de sport en cuir demi-saison"},"content":{"rendered":"<h2>Nike air force Pixel White-chaussures de sport en cuir demi-saison<\/h2>\n<p>Les baskets Nike Air Force Pixel White sont fabriqu\u00e9es en cuir de haute qualit\u00e9 pour un confort, une durabilit\u00e9 et un look \u00e9l\u00e9gant. La semelle ext\u00e9rieure l\u00e9g\u00e8re en mousse garantit un amorti et un confort lors du port quotidien. Le mod\u00e8le est adapt\u00e9 pour une utilisation demi-saison et se Marie facilement avec n&rsquo;importe quel style sportif ou d\u00e9contract\u00e9. Fabricant-usine Vietnam. Choisissez Nike Air force Pixel White pour le confort, le design moderne et la fiabilit\u00e9.<\/p>\n","protected":false},"excerpt":{"rendered":"<p>Les baskets Nike Air Force Pixel White sont fabriqu\u00e9es en cuir de haute qualit\u00e9 pour un confort, une durabilit\u00e9 et un look \u00e9l\u00e9gant. La semelle ext\u00e9rieure l\u00e9g\u00e8re en mousse garantit un amorti et un confort lors du port quotidien. Le mod\u00e8le est adapt\u00e9 pour une utilisation demi-saison et se Marie facilement avec n&rsquo;importe quel style sportif ou d\u00e9contract\u00e9. Fabricant-usine Vietnam. Choisissez Nike Air force Pixel White pour le confort, le design moderne et la fiabilit\u00e9.<\/p>\n","protected":false},"featured_media":805861,"comment_status":"open","ping_status":"open","template":"","meta":[],"product_brand":[],"product_cat":[3212,3319],"product_tag":[],"class_list":{"0":"post-805860","1":"product","2":"type-product","3":"status-publish","4":"has-post-thumbnail","6":"product_cat-all-product","7":"product_cat-kedy","8":"pa_rozmir-910","9":"pa_rozmir-912","10":"pa_rozmir-914","11":"pa_rozmir-915","12":"pa_rozmir-916","13":"pa_rozmir-917","14":"pa_rozmir-918","15":"pa_rozmir-919","16":"pa_rozmir-920","17":"pa_rozmir-921","18":"pa_rozmir-922","20":"first","21":"instock","22":"purchasable","23":"product-type-variable"},"_links":{"self":[{"href":"https:\/\/nextsnkr.com\/fr\/wp-json\/wp\/v2\/product\/805860","targetHints":{"allow":["GET"]}}],"collection":[{"href":"https:\/\/nextsnkr.com\/fr\/wp-json\/wp\/v2\/product"}],"about":[{"href":"https:\/\/nextsnkr.com\/fr\/wp-json\/wp\/v2\/types\/product"}],"replies":[{"embeddable":true,"href":"https:\/\/nextsnkr.com\/fr\/wp-json\/wp\/v2\/comments?post=805860"}],"version-history":[{"count":0,"href":"https:\/\/nextsnkr.com\/fr\/wp-json\/wp\/v2\/product\/805860\/revisions"}],"wp:featuredmedia":[{"embeddable":true,"href":"https:\/\/nextsnkr.com\/fr\/wp-json\/wp\/v2\/media\/805861"}],"wp:attachment":[{"href":"https:\/\/nextsnkr.com\/fr\/wp-json\/wp\/v2\/media?parent=805860"}],"wp:term":[{"taxonomy":"product_brand","embeddable":true,"href":"https:\/\/nextsnkr.com\/fr\/wp-json\/wp\/v2\/product_brand?post=805860"},{"taxonomy":"product_cat","embeddable":true,"href":"https:\/\/nextsnkr.com\/fr\/wp-json\/wp\/v2\/product_cat?post=805860"},{"taxonomy":"product_tag","embeddable":true,"href":"https:\/\/nextsnkr.com\/fr\/wp-json\/wp\/v2\/product_tag?post=805860"}],"curies":[{"name":"wp","href":"https:\/\/api.w.org\/{rel}","templated":true}]}}