{"id":805010,"date":"2025-06-17T21:56:40","date_gmt":"2025-06-17T18:56:40","guid":{"rendered":"https:\/\/nextsnkr.com\/product\/nike-air-max-270-react-white-electric-green\/"},"modified":"2026-01-31T19:08:59","modified_gmt":"2026-01-31T16:08:59","slug":"nike-air-max-270-react-white-electric-green","status":"publish","type":"product","link":"https:\/\/nextsnkr.com\/fr\/produit\/nike-air-max-270-react-white-electric-green\/","title":{"rendered":"Baskets Nike air MAX 270 React White Electric Green-cuir et maille"},"content":{"rendered":"<h2>Baskets Nike air MAX 270 React White Electric Green-cuir et maille<\/h2>\n<p>Les baskets Nike Air MAX 270 React \u00ab\u00a0White Electric Green\u00a0\u00bb allient un design \u00e9l\u00e9gant et un haut niveau de confort. Fabriqu\u00e9s \u00e0 partir de cuir de qualit\u00e9 et de maille textile, ils offrent une excellente ventilation, l\u00e9g\u00e8ret\u00e9 et durabilit\u00e9. La semelle intercalaire amortie avec technologie Air MAX garantit le confort m\u00eame en cas de port prolong\u00e9. La combinaison vibrante de blanc et de vert ajoute un accent frais \u00e0 votre look. Fabriqu\u00e9es au Vietnam, ces baskets conviennent aux sports, aux activit\u00e9s de plein air et au style urbain d\u00e9contract\u00e9.<\/p>\n","protected":false},"excerpt":{"rendered":"<p>Les baskets Nike Air MAX 270 React \u00ab\u00a0White Electric Green\u00a0\u00bb allient un design \u00e9l\u00e9gant et un haut niveau de confort. Fabriqu\u00e9s \u00e0 partir de cuir de qualit\u00e9 et de maille textile, ils offrent une excellente ventilation, l\u00e9g\u00e8ret\u00e9 et durabilit\u00e9. La semelle intercalaire amortie avec technologie Air MAX garantit le confort m\u00eame en cas de port prolong\u00e9. La combinaison vibrante de blanc et de vert ajoute un accent frais \u00e0 votre look. Fabriqu\u00e9es au Vietnam, ces baskets conviennent aux sports, aux activit\u00e9s de plein air et au style urbain d\u00e9contract\u00e9.<\/p>\n","protected":false},"featured_media":805011,"comment_status":"open","ping_status":"open","template":"","meta":[],"product_brand":[],"product_cat":[3212,3213],"product_tag":[],"class_list":{"0":"post-805010","1":"product","2":"type-product","3":"status-publish","4":"has-post-thumbnail","6":"product_cat-all-product","7":"product_cat-krosivky","8":"pa_rozmir-910","9":"pa_rozmir-912","10":"pa_rozmir-914","11":"pa_rozmir-915","12":"pa_rozmir-916","13":"pa_rozmir-917","14":"pa_rozmir-918","15":"pa_rozmir-919","16":"pa_rozmir-920","17":"pa_rozmir-921","18":"pa_rozmir-922","20":"first","21":"onbackorder","22":"purchasable","23":"product-type-variable"},"_links":{"self":[{"href":"https:\/\/nextsnkr.com\/fr\/wp-json\/wp\/v2\/product\/805010","targetHints":{"allow":["GET"]}}],"collection":[{"href":"https:\/\/nextsnkr.com\/fr\/wp-json\/wp\/v2\/product"}],"about":[{"href":"https:\/\/nextsnkr.com\/fr\/wp-json\/wp\/v2\/types\/product"}],"replies":[{"embeddable":true,"href":"https:\/\/nextsnkr.com\/fr\/wp-json\/wp\/v2\/comments?post=805010"}],"version-history":[{"count":0,"href":"https:\/\/nextsnkr.com\/fr\/wp-json\/wp\/v2\/product\/805010\/revisions"}],"wp:featuredmedia":[{"embeddable":true,"href":"https:\/\/nextsnkr.com\/fr\/wp-json\/wp\/v2\/media\/805011"}],"wp:attachment":[{"href":"https:\/\/nextsnkr.com\/fr\/wp-json\/wp\/v2\/media?parent=805010"}],"wp:term":[{"taxonomy":"product_brand","embeddable":true,"href":"https:\/\/nextsnkr.com\/fr\/wp-json\/wp\/v2\/product_brand?post=805010"},{"taxonomy":"product_cat","embeddable":true,"href":"https:\/\/nextsnkr.com\/fr\/wp-json\/wp\/v2\/product_cat?post=805010"},{"taxonomy":"product_tag","embeddable":true,"href":"https:\/\/nextsnkr.com\/fr\/wp-json\/wp\/v2\/product_tag?post=805010"}],"curies":[{"name":"wp","href":"https:\/\/api.w.org\/{rel}","templated":true}]}}