{"id":804840,"date":"2025-06-13T09:54:55","date_gmt":"2025-06-13T06:54:55","guid":{"rendered":"https:\/\/nextsnkr.com\/product\/air-force-1-low-pivot-point\/"},"modified":"2026-01-31T19:08:55","modified_gmt":"2026-01-31T16:08:55","slug":"air-force-1-low-pivot-point","status":"publish","type":"product","link":"https:\/\/nextsnkr.com\/fr\/produit\/air-force-1-low-pivot-point\/","title":{"rendered":"Baskets en cuir air Force 1 Low Pivot Point-style et confort"},"content":{"rendered":"<h2>Baskets en cuir air Force 1 Low Pivot Point-style et confort<\/h2>\n<p>Les baskets en cuir Air Force 1 Low Pivot Point sont des chaussures \u00e9l\u00e9gantes et pratiques pour un usage quotidien. Le mod\u00e8le est fabriqu\u00e9 en cuir v\u00e9ritable de qualit\u00e9, ce qui garantit durabilit\u00e9, confort et entretien facile. La semelle robuste offre une stabilit\u00e9 lors de la marche, et le design polyvalent s&rsquo;adapte \u00e0 n&rsquo;importe quel look. Fabricant-Chine. Un excellent choix pour ceux qui appr\u00e9cient le style, la commodit\u00e9 et la qualit\u00e9. Code SKU: 067-392854.<\/p>\n","protected":false},"excerpt":{"rendered":"<p>Les baskets en cuir Air Force 1 Low Pivot Point sont des chaussures \u00e9l\u00e9gantes et pratiques pour un usage quotidien. Le mod\u00e8le est fabriqu\u00e9 en cuir v\u00e9ritable de qualit\u00e9, ce qui garantit durabilit\u00e9, confort et entretien facile. La semelle robuste offre une stabilit\u00e9 lors de la marche, et le design polyvalent s&rsquo;adapte \u00e0 n&rsquo;importe quel look. Fabricant-Chine. Un excellent choix pour ceux qui appr\u00e9cient le style, la commodit\u00e9 et la qualit\u00e9. Code SKU: 067-392854.<\/p>\n","protected":false},"featured_media":804841,"comment_status":"open","ping_status":"open","template":"","meta":[],"product_brand":[],"product_cat":[3212,3319],"product_tag":[],"class_list":{"0":"post-804840","1":"product","2":"type-product","3":"status-publish","4":"has-post-thumbnail","6":"product_cat-all-product","7":"product_cat-kedy","8":"pa_rozmir-910","9":"pa_rozmir-912","10":"pa_rozmir-914","11":"pa_rozmir-915","12":"pa_rozmir-916","13":"pa_rozmir-917","14":"pa_rozmir-918","15":"pa_rozmir-919","16":"pa_rozmir-920","17":"pa_rozmir-921","18":"pa_rozmir-922","20":"first","21":"instock","22":"purchasable","23":"product-type-variable"},"_links":{"self":[{"href":"https:\/\/nextsnkr.com\/fr\/wp-json\/wp\/v2\/product\/804840","targetHints":{"allow":["GET"]}}],"collection":[{"href":"https:\/\/nextsnkr.com\/fr\/wp-json\/wp\/v2\/product"}],"about":[{"href":"https:\/\/nextsnkr.com\/fr\/wp-json\/wp\/v2\/types\/product"}],"replies":[{"embeddable":true,"href":"https:\/\/nextsnkr.com\/fr\/wp-json\/wp\/v2\/comments?post=804840"}],"version-history":[{"count":0,"href":"https:\/\/nextsnkr.com\/fr\/wp-json\/wp\/v2\/product\/804840\/revisions"}],"wp:featuredmedia":[{"embeddable":true,"href":"https:\/\/nextsnkr.com\/fr\/wp-json\/wp\/v2\/media\/804841"}],"wp:attachment":[{"href":"https:\/\/nextsnkr.com\/fr\/wp-json\/wp\/v2\/media?parent=804840"}],"wp:term":[{"taxonomy":"product_brand","embeddable":true,"href":"https:\/\/nextsnkr.com\/fr\/wp-json\/wp\/v2\/product_brand?post=804840"},{"taxonomy":"product_cat","embeddable":true,"href":"https:\/\/nextsnkr.com\/fr\/wp-json\/wp\/v2\/product_cat?post=804840"},{"taxonomy":"product_tag","embeddable":true,"href":"https:\/\/nextsnkr.com\/fr\/wp-json\/wp\/v2\/product_tag?post=804840"}],"curies":[{"name":"wp","href":"https:\/\/api.w.org\/{rel}","templated":true}]}}