{"id":802965,"date":"2025-06-17T22:01:57","date_gmt":"2025-06-17T19:01:57","guid":{"rendered":"https:\/\/nextsnkr.com\/product\/nike-air-zoom-spiridon-cage-2-stussy-pure-platinum\/"},"modified":"2026-01-31T19:07:54","modified_gmt":"2026-01-31T16:07:54","slug":"nike-air-zoom-spiridon-cage-2-stussy-pure-platinum","status":"publish","type":"product","link":"https:\/\/nextsnkr.com\/fr\/produit\/nike-air-zoom-spiridon-cage-2-stussy-pure-platinum\/","title":{"rendered":"Baskets Nike Air Zoom Spiridon Cage 2 Stussy Pure Platinum-cuir et textile"},"content":{"rendered":"<h2>Baskets Nike Air Zoom Spiridon Cage 2 Stussy Pure Platinum-cuir et textile<\/h2>\n<p>Nike Air Zoom Spiridon Cage 2 Stussy Pure Platinum est une combinaison \u00e9l\u00e9gante de cuir et de textile pour offrir confort, l\u00e9g\u00e8ret\u00e9 et durabilit\u00e9. La teinte claire Pure Platinum ajoute modernit\u00e9 et polyvalence \u00e0 l&rsquo;image. Le mod\u00e8le a \u00e9t\u00e9 con\u00e7u en collaboration avec Stussy, ce qui souligne l&rsquo;exclusivit\u00e9 et le design tendance. Fabriqu\u00e9s en usine au Vietnam, les baskets ont une semelle solide et un ajustement confortable au pied. Un choix parfait pour un port quotidien et un style de vie actif en mettant l&rsquo;accent sur le style et le confort.<\/p>\n","protected":false},"excerpt":{"rendered":"<p>Nike Air Zoom Spiridon Cage 2 Stussy Pure Platinum est une combinaison \u00e9l\u00e9gante de cuir et de textile pour offrir confort, l\u00e9g\u00e8ret\u00e9 et durabilit\u00e9. La teinte claire Pure Platinum ajoute modernit\u00e9 et polyvalence \u00e0 l&rsquo;image. Le mod\u00e8le a \u00e9t\u00e9 con\u00e7u en collaboration avec Stussy, ce qui souligne l&rsquo;exclusivit\u00e9 et le design tendance. Fabriqu\u00e9s en usine au Vietnam, les baskets ont une semelle solide et un ajustement confortable au pied. Un choix parfait pour un port quotidien et un style de vie actif en mettant l&rsquo;accent sur le style et le confort.<\/p>\n","protected":false},"featured_media":802969,"comment_status":"open","ping_status":"open","template":"","meta":[],"product_brand":[],"product_cat":[3212,3213],"product_tag":[],"class_list":{"0":"post-802965","1":"product","2":"type-product","3":"status-publish","4":"has-post-thumbnail","6":"product_cat-all-product","7":"product_cat-krosivky","8":"pa_rozmir-910","9":"pa_rozmir-912","10":"pa_rozmir-914","11":"pa_rozmir-915","12":"pa_rozmir-916","13":"pa_rozmir-917","14":"pa_rozmir-918","15":"pa_rozmir-919","16":"pa_rozmir-920","17":"pa_rozmir-921","18":"pa_rozmir-922","20":"first","21":"instock","22":"purchasable","23":"product-type-variable"},"_links":{"self":[{"href":"https:\/\/nextsnkr.com\/fr\/wp-json\/wp\/v2\/product\/802965","targetHints":{"allow":["GET"]}}],"collection":[{"href":"https:\/\/nextsnkr.com\/fr\/wp-json\/wp\/v2\/product"}],"about":[{"href":"https:\/\/nextsnkr.com\/fr\/wp-json\/wp\/v2\/types\/product"}],"replies":[{"embeddable":true,"href":"https:\/\/nextsnkr.com\/fr\/wp-json\/wp\/v2\/comments?post=802965"}],"version-history":[{"count":0,"href":"https:\/\/nextsnkr.com\/fr\/wp-json\/wp\/v2\/product\/802965\/revisions"}],"wp:featuredmedia":[{"embeddable":true,"href":"https:\/\/nextsnkr.com\/fr\/wp-json\/wp\/v2\/media\/802969"}],"wp:attachment":[{"href":"https:\/\/nextsnkr.com\/fr\/wp-json\/wp\/v2\/media?parent=802965"}],"wp:term":[{"taxonomy":"product_brand","embeddable":true,"href":"https:\/\/nextsnkr.com\/fr\/wp-json\/wp\/v2\/product_brand?post=802965"},{"taxonomy":"product_cat","embeddable":true,"href":"https:\/\/nextsnkr.com\/fr\/wp-json\/wp\/v2\/product_cat?post=802965"},{"taxonomy":"product_tag","embeddable":true,"href":"https:\/\/nextsnkr.com\/fr\/wp-json\/wp\/v2\/product_tag?post=802965"}],"curies":[{"name":"wp","href":"https:\/\/api.w.org\/{rel}","templated":true}]}}