{"id":801932,"date":"2025-06-17T22:05:22","date_gmt":"2025-06-17T19:05:22","guid":{"rendered":"https:\/\/nextsnkr.com\/product\/nike-vista-lite-white\/"},"modified":"2026-01-31T19:07:16","modified_gmt":"2026-01-31T16:07:16","slug":"nike-vista-lite-white","status":"publish","type":"product","link":"https:\/\/nextsnkr.com\/fr\/produit\/nike-vista-lite-white\/","title":{"rendered":"Baskets Nike Vista Lite White textile-l\u00e9ger et \u00e9l\u00e9gant"},"content":{"rendered":"<h2>Baskets Nike Vista Lite White textile-l\u00e9ger et \u00e9l\u00e9gant<\/h2>\n<p>Les baskets Nike Vista Lite White sont fabriqu\u00e9es \u00e0 partir de Textiles respirants, offrant l\u00e9g\u00e8ret\u00e9, confort et excellente ventilation du pied. Le design blanc \u00e9l\u00e9gant rend le mod\u00e8le polyvalent et moderne, soulignant la marque Nike et le style sportif urbain. La semelle intercalaire amortissante garantit la commodit\u00e9 d&rsquo;un usage quotidien et d&rsquo;un mode de vie actif. Fabriqu\u00e9es au Vietnam, ces baskets allient praticit\u00e9, confort et look tendance, id\u00e9ales pour la marche, l&rsquo;entra\u00eenement et l&rsquo;usage quotidien.<\/p>\n","protected":false},"excerpt":{"rendered":"<p>Les baskets Nike Vista Lite White sont fabriqu\u00e9es \u00e0 partir de Textiles respirants, offrant l\u00e9g\u00e8ret\u00e9, confort et excellente ventilation du pied. Le design blanc \u00e9l\u00e9gant rend le mod\u00e8le polyvalent et moderne, soulignant la marque Nike et le style sportif urbain. La semelle intercalaire amortissante garantit la commodit\u00e9 d&rsquo;un usage quotidien et d&rsquo;un mode de vie actif. Fabriqu\u00e9es au Vietnam, ces baskets allient praticit\u00e9, confort et look tendance, id\u00e9ales pour la marche, l&rsquo;entra\u00eenement et l&rsquo;usage quotidien.<\/p>\n","protected":false},"featured_media":801937,"comment_status":"open","ping_status":"open","template":"","meta":[],"product_brand":[3135],"product_cat":[4462,3212,3213],"product_tag":[],"class_list":{"0":"post-801932","1":"product","2":"type-product","3":"status-publish","4":"has-post-thumbnail","6":"product_brand-nike-vista","7":"product_cat-nike-vista","8":"product_cat-all-product","9":"product_cat-krosivky","10":"pa_rozmir-910","11":"pa_rozmir-912","12":"pa_rozmir-914","13":"pa_rozmir-915","14":"pa_rozmir-916","15":"pa_rozmir-917","16":"pa_rozmir-918","17":"pa_rozmir-919","18":"pa_rozmir-920","19":"pa_rozmir-921","20":"pa_rozmir-922","22":"first","23":"onbackorder","24":"purchasable","25":"product-type-variable"},"_links":{"self":[{"href":"https:\/\/nextsnkr.com\/fr\/wp-json\/wp\/v2\/product\/801932","targetHints":{"allow":["GET"]}}],"collection":[{"href":"https:\/\/nextsnkr.com\/fr\/wp-json\/wp\/v2\/product"}],"about":[{"href":"https:\/\/nextsnkr.com\/fr\/wp-json\/wp\/v2\/types\/product"}],"replies":[{"embeddable":true,"href":"https:\/\/nextsnkr.com\/fr\/wp-json\/wp\/v2\/comments?post=801932"}],"version-history":[{"count":0,"href":"https:\/\/nextsnkr.com\/fr\/wp-json\/wp\/v2\/product\/801932\/revisions"}],"wp:featuredmedia":[{"embeddable":true,"href":"https:\/\/nextsnkr.com\/fr\/wp-json\/wp\/v2\/media\/801937"}],"wp:attachment":[{"href":"https:\/\/nextsnkr.com\/fr\/wp-json\/wp\/v2\/media?parent=801932"}],"wp:term":[{"taxonomy":"product_brand","embeddable":true,"href":"https:\/\/nextsnkr.com\/fr\/wp-json\/wp\/v2\/product_brand?post=801932"},{"taxonomy":"product_cat","embeddable":true,"href":"https:\/\/nextsnkr.com\/fr\/wp-json\/wp\/v2\/product_cat?post=801932"},{"taxonomy":"product_tag","embeddable":true,"href":"https:\/\/nextsnkr.com\/fr\/wp-json\/wp\/v2\/product_tag?post=801932"}],"curies":[{"name":"wp","href":"https:\/\/api.w.org\/{rel}","templated":true}]}}