{"id":799876,"date":"2025-06-17T22:39:24","date_gmt":"2025-06-17T19:39:24","guid":{"rendered":"https:\/\/nextsnkr.com\/product\/nike-air-max-plus-light-blue\/"},"modified":"2026-01-31T19:06:11","modified_gmt":"2026-01-31T16:06:11","slug":"nike-air-max-plus-light-blue","status":"publish","type":"product","link":"https:\/\/nextsnkr.com\/fr\/produit\/nike-air-max-plus-light-blue\/","title":{"rendered":"Baskets Nike Air Max plus \u00a0\u00bb Light Blue &#8211; &#8211; confort et style"},"content":{"rendered":"<h2>Baskets Nike Air Max plus \u00a0\u00bb Light Blue &#8211; &#8211; confort et style<\/h2>\n<p>Les baskets Nike Air Max plus \u00ab\u00a0Light Blue\u00a0\u00bb allient design moderne et confort maximal pour un usage quotidien. Fabriqu\u00e9s \u00e0 partir de cuir et de Textiles de qualit\u00e9, ils offrent l\u00e9g\u00e8ret\u00e9, respirabilit\u00e9 et durabilit\u00e9. L&rsquo;amorti Air Max de marque soutient le pied et att\u00e9nue les chocs lors de la marche ou de la course. La couleur bleu clair \u00e9l\u00e9gante rend le mod\u00e8le accrocheur et \u00e0 la mode. Un choix parfait pour ceux qui appr\u00e9cient la qualit\u00e9, le confort et le design lumineux.<\/p>\n","protected":false},"excerpt":{"rendered":"<p>Les baskets Nike Air Max plus \u00ab\u00a0Light Blue\u00a0\u00bb allient design moderne et confort maximal pour un usage quotidien. Fabriqu\u00e9s \u00e0 partir de cuir et de Textiles de qualit\u00e9, ils offrent l\u00e9g\u00e8ret\u00e9, respirabilit\u00e9 et durabilit\u00e9. L&rsquo;amorti Air Max de marque soutient le pied et att\u00e9nue les chocs lors de la marche ou de la course. La couleur bleu clair \u00e9l\u00e9gante rend le mod\u00e8le accrocheur et \u00e0 la mode. Un choix parfait pour ceux qui appr\u00e9cient la qualit\u00e9, le confort et le design lumineux.<\/p>\n","protected":false},"featured_media":799877,"comment_status":"open","ping_status":"open","template":"","meta":[],"product_brand":[],"product_cat":[3212,3213],"product_tag":[],"class_list":{"0":"post-799876","1":"product","2":"type-product","3":"status-publish","4":"has-post-thumbnail","6":"product_cat-all-product","7":"product_cat-krosivky","8":"pa_rozmir-910","9":"pa_rozmir-912","10":"pa_rozmir-914","11":"pa_rozmir-915","12":"pa_rozmir-916","13":"pa_rozmir-917","14":"pa_rozmir-918","15":"pa_rozmir-919","16":"pa_rozmir-920","17":"pa_rozmir-921","18":"pa_rozmir-922","20":"first","21":"onbackorder","22":"purchasable","23":"product-type-variable"},"_links":{"self":[{"href":"https:\/\/nextsnkr.com\/fr\/wp-json\/wp\/v2\/product\/799876","targetHints":{"allow":["GET"]}}],"collection":[{"href":"https:\/\/nextsnkr.com\/fr\/wp-json\/wp\/v2\/product"}],"about":[{"href":"https:\/\/nextsnkr.com\/fr\/wp-json\/wp\/v2\/types\/product"}],"replies":[{"embeddable":true,"href":"https:\/\/nextsnkr.com\/fr\/wp-json\/wp\/v2\/comments?post=799876"}],"version-history":[{"count":0,"href":"https:\/\/nextsnkr.com\/fr\/wp-json\/wp\/v2\/product\/799876\/revisions"}],"wp:featuredmedia":[{"embeddable":true,"href":"https:\/\/nextsnkr.com\/fr\/wp-json\/wp\/v2\/media\/799877"}],"wp:attachment":[{"href":"https:\/\/nextsnkr.com\/fr\/wp-json\/wp\/v2\/media?parent=799876"}],"wp:term":[{"taxonomy":"product_brand","embeddable":true,"href":"https:\/\/nextsnkr.com\/fr\/wp-json\/wp\/v2\/product_brand?post=799876"},{"taxonomy":"product_cat","embeddable":true,"href":"https:\/\/nextsnkr.com\/fr\/wp-json\/wp\/v2\/product_cat?post=799876"},{"taxonomy":"product_tag","embeddable":true,"href":"https:\/\/nextsnkr.com\/fr\/wp-json\/wp\/v2\/product_tag?post=799876"}],"curies":[{"name":"wp","href":"https:\/\/api.w.org\/{rel}","templated":true}]}}