{"id":799405,"date":"2025-06-13T10:01:04","date_gmt":"2025-06-13T07:01:04","guid":{"rendered":"https:\/\/nextsnkr.com\/product\/97-swarovski\/"},"modified":"2026-01-31T19:05:57","modified_gmt":"2026-01-31T16:05:57","slug":"97-swarovski","status":"publish","type":"product","link":"https:\/\/nextsnkr.com\/fr\/produit\/97-swarovski\/","title":{"rendered":"Baskets Nike 97 Swarovski en cuir &#8211; style et brillance"},"content":{"rendered":"<h2>Baskets Nike 97 Swarovski en cuir &#8211; style et brillance<\/h2>\n<p>Les baskets 97 Swarovski sont une combinaison de cuir haut de gamme, de Textiles durables et d&rsquo;un design raffin\u00e9 avec des cristaux Swarovski. Le mod\u00e8le offre un confort pendant le port quotidien et attire l&rsquo;attention avec une brillance \u00e9clatante. La fabrication de la Chine garantit un \u00e9quilibre optimal entre le prix et la qualit\u00e9. Un choix id\u00e9al pour ceux qui veulent se d\u00e9marquer et compl\u00e9ter l&rsquo;image avec des chaussures \u00e9l\u00e9gantes. Code et SKU: 019-206599.<\/p>\n","protected":false},"excerpt":{"rendered":"<p>Les baskets 97 Swarovski sont une combinaison de cuir haut de gamme, de Textiles durables et d&rsquo;un design raffin\u00e9 avec des cristaux Swarovski. Le mod\u00e8le offre un confort pendant le port quotidien et attire l&rsquo;attention avec une brillance \u00e9clatante. La fabrication de la Chine garantit un \u00e9quilibre optimal entre le prix et la qualit\u00e9. Un choix id\u00e9al pour ceux qui veulent se d\u00e9marquer et compl\u00e9ter l&rsquo;image avec des chaussures \u00e9l\u00e9gantes. Code et SKU: 019-206599.<\/p>\n","protected":false},"featured_media":799406,"comment_status":"open","ping_status":"open","template":"","meta":[],"product_brand":[],"product_cat":[3212,3213],"product_tag":[],"class_list":{"0":"post-799405","1":"product","2":"type-product","3":"status-publish","4":"has-post-thumbnail","6":"product_cat-all-product","7":"product_cat-krosivky","8":"pa_rozmir-910","9":"pa_rozmir-912","10":"pa_rozmir-914","11":"pa_rozmir-915","12":"pa_rozmir-916","13":"pa_rozmir-917","14":"pa_rozmir-918","15":"pa_rozmir-919","16":"pa_rozmir-920","17":"pa_rozmir-921","18":"pa_rozmir-922","20":"first","21":"onbackorder","22":"purchasable","23":"product-type-variable"},"_links":{"self":[{"href":"https:\/\/nextsnkr.com\/fr\/wp-json\/wp\/v2\/product\/799405","targetHints":{"allow":["GET"]}}],"collection":[{"href":"https:\/\/nextsnkr.com\/fr\/wp-json\/wp\/v2\/product"}],"about":[{"href":"https:\/\/nextsnkr.com\/fr\/wp-json\/wp\/v2\/types\/product"}],"replies":[{"embeddable":true,"href":"https:\/\/nextsnkr.com\/fr\/wp-json\/wp\/v2\/comments?post=799405"}],"version-history":[{"count":0,"href":"https:\/\/nextsnkr.com\/fr\/wp-json\/wp\/v2\/product\/799405\/revisions"}],"wp:featuredmedia":[{"embeddable":true,"href":"https:\/\/nextsnkr.com\/fr\/wp-json\/wp\/v2\/media\/799406"}],"wp:attachment":[{"href":"https:\/\/nextsnkr.com\/fr\/wp-json\/wp\/v2\/media?parent=799405"}],"wp:term":[{"taxonomy":"product_brand","embeddable":true,"href":"https:\/\/nextsnkr.com\/fr\/wp-json\/wp\/v2\/product_brand?post=799405"},{"taxonomy":"product_cat","embeddable":true,"href":"https:\/\/nextsnkr.com\/fr\/wp-json\/wp\/v2\/product_cat?post=799405"},{"taxonomy":"product_tag","embeddable":true,"href":"https:\/\/nextsnkr.com\/fr\/wp-json\/wp\/v2\/product_tag?post=799405"}],"curies":[{"name":"wp","href":"https:\/\/api.w.org\/{rel}","templated":true}]}}