{"id":798521,"date":"2025-06-17T22:42:44","date_gmt":"2025-06-17T19:42:44","guid":{"rendered":"https:\/\/nextsnkr.com\/product\/nike-air-max-plus-black-volt\/"},"modified":"2026-01-31T19:05:29","modified_gmt":"2026-01-31T16:05:29","slug":"nike-air-max-plus-black-volt","status":"publish","type":"product","link":"https:\/\/nextsnkr.com\/fr\/produit\/nike-air-max-plus-black-volt\/","title":{"rendered":"Baskets Nike Air Max plus Black \/ Volt-cuir et textile, \u00e9l\u00e9gant"},"content":{"rendered":"<h2>Baskets Nike Air Max plus Black \/ Volt-cuir et textile, \u00e9l\u00e9gant<\/h2>\n<p>Les baskets Nike Air Max plus Black \/ Volt allient cuir et textile pour une durabilit\u00e9 et un confort maximum. La l\u00e9gendaire semelle amortissante Air Max offre confort pendant les longues promenades et les modes de vie actifs. La couleur noire avec des accents lumineux Volt cr\u00e9e un look \u00e9l\u00e9gant et souligne l&rsquo;individualit\u00e9. Le choix id\u00e9al pour les connaisseurs de la marque Nike qui appr\u00e9cient la qualit\u00e9 sup\u00e9rieure et le design moderne.<\/p>\n","protected":false},"excerpt":{"rendered":"<p>Les baskets Nike Air Max plus Black \/ Volt allient cuir et textile pour une durabilit\u00e9 et un confort maximum. La l\u00e9gendaire semelle amortissante Air Max offre confort pendant les longues promenades et les modes de vie actifs. La couleur noire avec des accents lumineux Volt cr\u00e9e un look \u00e9l\u00e9gant et souligne l&rsquo;individualit\u00e9. Le choix id\u00e9al pour les connaisseurs de la marque Nike qui appr\u00e9cient la qualit\u00e9 sup\u00e9rieure et le design moderne.<\/p>\n","protected":false},"featured_media":798525,"comment_status":"open","ping_status":"open","template":"","meta":[],"product_brand":[],"product_cat":[3212,3213],"product_tag":[],"class_list":{"0":"post-798521","1":"product","2":"type-product","3":"status-publish","4":"has-post-thumbnail","6":"product_cat-all-product","7":"product_cat-krosivky","8":"pa_rozmir-910","9":"pa_rozmir-912","10":"pa_rozmir-914","11":"pa_rozmir-915","12":"pa_rozmir-916","13":"pa_rozmir-917","14":"pa_rozmir-918","15":"pa_rozmir-919","16":"pa_rozmir-920","17":"pa_rozmir-921","18":"pa_rozmir-922","20":"first","21":"onbackorder","22":"purchasable","23":"product-type-variable"},"_links":{"self":[{"href":"https:\/\/nextsnkr.com\/fr\/wp-json\/wp\/v2\/product\/798521","targetHints":{"allow":["GET"]}}],"collection":[{"href":"https:\/\/nextsnkr.com\/fr\/wp-json\/wp\/v2\/product"}],"about":[{"href":"https:\/\/nextsnkr.com\/fr\/wp-json\/wp\/v2\/types\/product"}],"replies":[{"embeddable":true,"href":"https:\/\/nextsnkr.com\/fr\/wp-json\/wp\/v2\/comments?post=798521"}],"version-history":[{"count":0,"href":"https:\/\/nextsnkr.com\/fr\/wp-json\/wp\/v2\/product\/798521\/revisions"}],"wp:featuredmedia":[{"embeddable":true,"href":"https:\/\/nextsnkr.com\/fr\/wp-json\/wp\/v2\/media\/798525"}],"wp:attachment":[{"href":"https:\/\/nextsnkr.com\/fr\/wp-json\/wp\/v2\/media?parent=798521"}],"wp:term":[{"taxonomy":"product_brand","embeddable":true,"href":"https:\/\/nextsnkr.com\/fr\/wp-json\/wp\/v2\/product_brand?post=798521"},{"taxonomy":"product_cat","embeddable":true,"href":"https:\/\/nextsnkr.com\/fr\/wp-json\/wp\/v2\/product_cat?post=798521"},{"taxonomy":"product_tag","embeddable":true,"href":"https:\/\/nextsnkr.com\/fr\/wp-json\/wp\/v2\/product_tag?post=798521"}],"curies":[{"name":"wp","href":"https:\/\/api.w.org\/{rel}","templated":true}]}}