{"id":797693,"date":"2025-06-13T10:03:21","date_gmt":"2025-06-13T07:03:21","guid":{"rendered":"https:\/\/nextsnkr.com\/product\/track-recycled-sole-in-beige\/"},"modified":"2026-01-31T19:05:07","modified_gmt":"2026-01-31T16:05:07","slug":"track-recycled-sole-in-beige","status":"publish","type":"product","link":"https:\/\/nextsnkr.com\/fr\/produit\/track-recycled-sole-in-beige\/","title":{"rendered":"Baskets Track Recycled Sole en cuir beige"},"content":{"rendered":"<h2>Baskets Track Recycled Sole en cuir beige<\/h2>\n<p>Les \u00e9l\u00e9gantes baskets Track Recycled Sole de couleur beige allient design moderne et praticit\u00e9. Fabriqu\u00e9s \u00e0 partir de cuir, ils offrent confort et durabilit\u00e9, tandis que la semelle recycl\u00e9e souligne une approche \u00e9cologique. Id\u00e9al pour un usage quotidien, des promenades actives et un rythme urbain dynamique. Choisissez la qualit\u00e9, la l\u00e9g\u00e8ret\u00e9 et le style polyvalent \u00e0 chaque \u00e9tape.<\/p>\n","protected":false},"excerpt":{"rendered":"<p>Les \u00e9l\u00e9gantes baskets Track Recycled Sole de couleur beige allient design moderne et praticit\u00e9. Fabriqu\u00e9s \u00e0 partir de cuir, ils offrent confort et durabilit\u00e9, tandis que la semelle recycl\u00e9e souligne une approche \u00e9cologique. Id\u00e9al pour un usage quotidien, des promenades actives et un rythme urbain dynamique. Choisissez la qualit\u00e9, la l\u00e9g\u00e8ret\u00e9 et le style polyvalent \u00e0 chaque \u00e9tape.<\/p>\n","protected":false},"featured_media":797694,"comment_status":"open","ping_status":"open","template":"","meta":[],"product_brand":[],"product_cat":[3212,3213],"product_tag":[],"class_list":{"0":"post-797693","1":"product","2":"type-product","3":"status-publish","4":"has-post-thumbnail","6":"product_cat-all-product","7":"product_cat-krosivky","8":"pa_rozmir-910","9":"pa_rozmir-912","10":"pa_rozmir-914","11":"pa_rozmir-915","12":"pa_rozmir-916","13":"pa_rozmir-917","14":"pa_rozmir-918","15":"pa_rozmir-919","16":"pa_rozmir-920","17":"pa_rozmir-921","18":"pa_rozmir-922","20":"first","21":"instock","22":"purchasable","23":"product-type-variable"},"_links":{"self":[{"href":"https:\/\/nextsnkr.com\/fr\/wp-json\/wp\/v2\/product\/797693","targetHints":{"allow":["GET"]}}],"collection":[{"href":"https:\/\/nextsnkr.com\/fr\/wp-json\/wp\/v2\/product"}],"about":[{"href":"https:\/\/nextsnkr.com\/fr\/wp-json\/wp\/v2\/types\/product"}],"replies":[{"embeddable":true,"href":"https:\/\/nextsnkr.com\/fr\/wp-json\/wp\/v2\/comments?post=797693"}],"version-history":[{"count":0,"href":"https:\/\/nextsnkr.com\/fr\/wp-json\/wp\/v2\/product\/797693\/revisions"}],"wp:featuredmedia":[{"embeddable":true,"href":"https:\/\/nextsnkr.com\/fr\/wp-json\/wp\/v2\/media\/797694"}],"wp:attachment":[{"href":"https:\/\/nextsnkr.com\/fr\/wp-json\/wp\/v2\/media?parent=797693"}],"wp:term":[{"taxonomy":"product_brand","embeddable":true,"href":"https:\/\/nextsnkr.com\/fr\/wp-json\/wp\/v2\/product_brand?post=797693"},{"taxonomy":"product_cat","embeddable":true,"href":"https:\/\/nextsnkr.com\/fr\/wp-json\/wp\/v2\/product_cat?post=797693"},{"taxonomy":"product_tag","embeddable":true,"href":"https:\/\/nextsnkr.com\/fr\/wp-json\/wp\/v2\/product_tag?post=797693"}],"curies":[{"name":"wp","href":"https:\/\/api.w.org\/{rel}","templated":true}]}}