{"id":796169,"date":"2025-06-17T22:48:15","date_gmt":"2025-06-17T19:48:15","guid":{"rendered":"https:\/\/nextsnkr.com\/product\/air-jordan-black\/"},"modified":"2026-01-31T19:03:59","modified_gmt":"2026-01-31T16:03:59","slug":"air-jordan-black","status":"publish","type":"product","link":"https:\/\/nextsnkr.com\/fr\/produit\/air-jordan-black\/","title":{"rendered":"Chapeau AIR JORDAN Black-acrylique polyvalent avec broderie"},"content":{"rendered":"<h2>Chapeau AIR JORDAN Black-acrylique polyvalent avec broderie<\/h2>\n<p>Le chapeau AIR JORDAN Black est un accessoire \u00e9l\u00e9gant et pratique pour toutes les saisons. Fabriqu\u00e9 en acrylique de haute qualit\u00e9, il offre chaleur et confort lors du port. La broderie volum\u00e9trique du logo de la marque donne un look sportif moderne. La taille universelle convient \u00e0 la plupart et l&rsquo;entretien est simple-lavable \u00e0 30\u00b0C. Choisissez AIR JORDAN Black pour un look \u00e9l\u00e9gant et une protection contre le froid.<\/p>\n","protected":false},"excerpt":{"rendered":"<p>Le chapeau AIR JORDAN Black est un accessoire \u00e9l\u00e9gant et pratique pour toutes les saisons. Fabriqu\u00e9 en acrylique de haute qualit\u00e9, il offre chaleur et confort lors du port. La broderie volum\u00e9trique du logo de la marque donne un look sportif moderne. La taille universelle convient \u00e0 la plupart et l&rsquo;entretien est simple-lavable \u00e0 30\u00b0C. Choisissez AIR JORDAN Black pour un look \u00e9l\u00e9gant et une protection contre le froid.<\/p>\n","protected":false},"featured_media":796171,"comment_status":"open","ping_status":"open","template":"","meta":[],"product_brand":[],"product_cat":[3384,3212,4449],"product_tag":[],"class_list":{"0":"post-796169","1":"product","2":"type-product","3":"status-publish","4":"has-post-thumbnail","6":"product_cat-nike-jordan","7":"product_cat-all-product","8":"product_cat-shapky","9":"pa_rozmir-one-size","11":"first","12":"instock","13":"purchasable","14":"product-type-simple"},"_links":{"self":[{"href":"https:\/\/nextsnkr.com\/fr\/wp-json\/wp\/v2\/product\/796169","targetHints":{"allow":["GET"]}}],"collection":[{"href":"https:\/\/nextsnkr.com\/fr\/wp-json\/wp\/v2\/product"}],"about":[{"href":"https:\/\/nextsnkr.com\/fr\/wp-json\/wp\/v2\/types\/product"}],"replies":[{"embeddable":true,"href":"https:\/\/nextsnkr.com\/fr\/wp-json\/wp\/v2\/comments?post=796169"}],"version-history":[{"count":0,"href":"https:\/\/nextsnkr.com\/fr\/wp-json\/wp\/v2\/product\/796169\/revisions"}],"wp:featuredmedia":[{"embeddable":true,"href":"https:\/\/nextsnkr.com\/fr\/wp-json\/wp\/v2\/media\/796171"}],"wp:attachment":[{"href":"https:\/\/nextsnkr.com\/fr\/wp-json\/wp\/v2\/media?parent=796169"}],"wp:term":[{"taxonomy":"product_brand","embeddable":true,"href":"https:\/\/nextsnkr.com\/fr\/wp-json\/wp\/v2\/product_brand?post=796169"},{"taxonomy":"product_cat","embeddable":true,"href":"https:\/\/nextsnkr.com\/fr\/wp-json\/wp\/v2\/product_cat?post=796169"},{"taxonomy":"product_tag","embeddable":true,"href":"https:\/\/nextsnkr.com\/fr\/wp-json\/wp\/v2\/product_tag?post=796169"}],"curies":[{"name":"wp","href":"https:\/\/api.w.org\/{rel}","templated":true}]}}