{"id":794901,"date":"2025-06-13T10:07:43","date_gmt":"2025-06-13T07:07:43","guid":{"rendered":"https:\/\/nextsnkr.com\/product\/3-xl-grey-silver\/"},"modified":"2026-01-31T19:03:04","modified_gmt":"2026-01-31T16:03:04","slug":"3-xl-grey-silver","status":"publish","type":"product","link":"https:\/\/nextsnkr.com\/fr\/produit\/3-xl-grey-silver\/","title":{"rendered":"Baskets 3 XL Grey \/ Silver-baskets \u00e9l\u00e9gantes en cuir et textile"},"content":{"rendered":"<h2>Baskets 3 XL Grey \/ Silver-baskets \u00e9l\u00e9gantes en cuir et textile<\/h2>\n<p>Les baskets 3 XL Grey \/ Silver sont un mod\u00e8le polyvalent fabriqu\u00e9 \u00e0 partir d&rsquo;une combinaison de cuir v\u00e9ritable et de Textiles durables. Les chaussures offrent un confort, un ajustement s\u00fbr du pied et de l&rsquo;endurance pendant l&rsquo;utilisation quotidienne. Le design \u00e9l\u00e9gant gris-argent se Marie facilement avec n&rsquo;importe quelle image urbaine. Fabriqu\u00e9es en Chine, ces baskets sont de bonne qualit\u00e9 et offrent un rapport qualit\u00e9-prix optimal. Un choix parfait pour un mode de vie actif.<\/p>\n","protected":false},"excerpt":{"rendered":"<p>Les baskets 3 XL Grey \/ Silver sont un mod\u00e8le polyvalent fabriqu\u00e9 \u00e0 partir d&rsquo;une combinaison de cuir v\u00e9ritable et de Textiles durables. Les chaussures offrent un confort, un ajustement s\u00fbr du pied et de l&rsquo;endurance pendant l&rsquo;utilisation quotidienne. Le design \u00e9l\u00e9gant gris-argent se Marie facilement avec n&rsquo;importe quelle image urbaine. Fabriqu\u00e9es en Chine, ces baskets sont de bonne qualit\u00e9 et offrent un rapport qualit\u00e9-prix optimal. Un choix parfait pour un mode de vie actif.<\/p>\n","protected":false},"featured_media":794902,"comment_status":"open","ping_status":"open","template":"","meta":[],"product_brand":[],"product_cat":[3212,3213],"product_tag":[],"class_list":{"0":"post-794901","1":"product","2":"type-product","3":"status-publish","4":"has-post-thumbnail","6":"product_cat-all-product","7":"product_cat-krosivky","8":"pa_rozmir-910","9":"pa_rozmir-912","10":"pa_rozmir-914","11":"pa_rozmir-915","12":"pa_rozmir-916","13":"pa_rozmir-917","14":"pa_rozmir-918","15":"pa_rozmir-919","16":"pa_rozmir-920","17":"pa_rozmir-921","18":"pa_rozmir-922","20":"first","21":"onbackorder","22":"purchasable","23":"product-type-variable"},"_links":{"self":[{"href":"https:\/\/nextsnkr.com\/fr\/wp-json\/wp\/v2\/product\/794901","targetHints":{"allow":["GET"]}}],"collection":[{"href":"https:\/\/nextsnkr.com\/fr\/wp-json\/wp\/v2\/product"}],"about":[{"href":"https:\/\/nextsnkr.com\/fr\/wp-json\/wp\/v2\/types\/product"}],"replies":[{"embeddable":true,"href":"https:\/\/nextsnkr.com\/fr\/wp-json\/wp\/v2\/comments?post=794901"}],"version-history":[{"count":0,"href":"https:\/\/nextsnkr.com\/fr\/wp-json\/wp\/v2\/product\/794901\/revisions"}],"wp:featuredmedia":[{"embeddable":true,"href":"https:\/\/nextsnkr.com\/fr\/wp-json\/wp\/v2\/media\/794902"}],"wp:attachment":[{"href":"https:\/\/nextsnkr.com\/fr\/wp-json\/wp\/v2\/media?parent=794901"}],"wp:term":[{"taxonomy":"product_brand","embeddable":true,"href":"https:\/\/nextsnkr.com\/fr\/wp-json\/wp\/v2\/product_brand?post=794901"},{"taxonomy":"product_cat","embeddable":true,"href":"https:\/\/nextsnkr.com\/fr\/wp-json\/wp\/v2\/product_cat?post=794901"},{"taxonomy":"product_tag","embeddable":true,"href":"https:\/\/nextsnkr.com\/fr\/wp-json\/wp\/v2\/product_tag?post=794901"}],"curies":[{"name":"wp","href":"https:\/\/api.w.org\/{rel}","templated":true}]}}