{"id":792285,"date":"2025-06-13T10:14:04","date_gmt":"2025-06-13T07:14:04","guid":{"rendered":"https:\/\/nextsnkr.com\/product\/dior-sneakers-high-black-premium\/"},"modified":"2026-01-31T19:01:34","modified_gmt":"2026-01-31T16:01:34","slug":"dior-sneakers-high-black-premium","status":"publish","type":"product","link":"https:\/\/nextsnkr.com\/fr\/produit\/dior-sneakers-high-black-premium\/","title":{"rendered":"Dior Sneakers High Black Premium-cuir et textile haut de gamme"},"content":{"rendered":"<h2>Dior Sneakers High Black Premium-cuir et textile haut de gamme<\/h2>\n<p>Les baskets haut de gamme Dior Sneakers High Black Premium allient design luxueux et mat\u00e9riaux de qualit\u00e9. Le mod\u00e8le est fait de cuir v\u00e9ritable et de Textiles, ce qui offre confort, durabilit\u00e9 et look \u00e9l\u00e9gant. La couleur noire souligne la polyvalence et l&rsquo;\u00e9l\u00e9gance des chaussures. Fabriqu\u00e9s en Chine sur le mod\u00e8le des normes italiennes, ces baskets compl\u00e8tent tout look \u00e0 la mode. un choix parfait pour ceux qui appr\u00e9cient la marque Premium et la qualit\u00e9 irr\u00e9prochable. Code: 185-733441.<\/p>\n","protected":false},"excerpt":{"rendered":"<p>Les baskets haut de gamme Dior Sneakers High Black Premium allient design luxueux et mat\u00e9riaux de qualit\u00e9. Le mod\u00e8le est fait de cuir v\u00e9ritable et de Textiles, ce qui offre confort, durabilit\u00e9 et look \u00e9l\u00e9gant. La couleur noire souligne la polyvalence et l&rsquo;\u00e9l\u00e9gance des chaussures. Fabriqu\u00e9s en Chine sur le mod\u00e8le des normes italiennes, ces baskets compl\u00e8tent tout look \u00e0 la mode. un choix parfait pour ceux qui appr\u00e9cient la marque Premium et la qualit\u00e9 irr\u00e9prochable. Code: 185-733441.<\/p>\n","protected":false},"featured_media":792286,"comment_status":"open","ping_status":"open","template":"","meta":[],"product_brand":[],"product_cat":[3212,3319],"product_tag":[],"class_list":{"0":"post-792285","1":"product","2":"type-product","3":"status-publish","4":"has-post-thumbnail","6":"product_cat-all-product","7":"product_cat-kedy","8":"pa_rozmir-910","9":"pa_rozmir-912","10":"pa_rozmir-914","11":"pa_rozmir-915","12":"pa_rozmir-916","13":"pa_rozmir-917","14":"pa_rozmir-918","15":"pa_rozmir-919","16":"pa_rozmir-920","17":"pa_rozmir-921","18":"pa_rozmir-922","20":"first","21":"instock","22":"purchasable","23":"product-type-variable"},"_links":{"self":[{"href":"https:\/\/nextsnkr.com\/fr\/wp-json\/wp\/v2\/product\/792285","targetHints":{"allow":["GET"]}}],"collection":[{"href":"https:\/\/nextsnkr.com\/fr\/wp-json\/wp\/v2\/product"}],"about":[{"href":"https:\/\/nextsnkr.com\/fr\/wp-json\/wp\/v2\/types\/product"}],"replies":[{"embeddable":true,"href":"https:\/\/nextsnkr.com\/fr\/wp-json\/wp\/v2\/comments?post=792285"}],"version-history":[{"count":0,"href":"https:\/\/nextsnkr.com\/fr\/wp-json\/wp\/v2\/product\/792285\/revisions"}],"wp:featuredmedia":[{"embeddable":true,"href":"https:\/\/nextsnkr.com\/fr\/wp-json\/wp\/v2\/media\/792286"}],"wp:attachment":[{"href":"https:\/\/nextsnkr.com\/fr\/wp-json\/wp\/v2\/media?parent=792285"}],"wp:term":[{"taxonomy":"product_brand","embeddable":true,"href":"https:\/\/nextsnkr.com\/fr\/wp-json\/wp\/v2\/product_brand?post=792285"},{"taxonomy":"product_cat","embeddable":true,"href":"https:\/\/nextsnkr.com\/fr\/wp-json\/wp\/v2\/product_cat?post=792285"},{"taxonomy":"product_tag","embeddable":true,"href":"https:\/\/nextsnkr.com\/fr\/wp-json\/wp\/v2\/product_tag?post=792285"}],"curies":[{"name":"wp","href":"https:\/\/api.w.org\/{rel}","templated":true}]}}