{"id":791946,"date":"2025-06-13T10:14:45","date_gmt":"2025-06-13T07:14:45","guid":{"rendered":"https:\/\/nextsnkr.com\/product\/dior-sneakers-high-deep-blue-premium\/"},"modified":"2026-01-31T19:01:14","modified_gmt":"2026-01-31T16:01:14","slug":"dior-sneakers-high-deep-blue-premium","status":"publish","type":"product","link":"https:\/\/nextsnkr.com\/fr\/produit\/dior-sneakers-high-deep-blue-premium\/","title":{"rendered":"Dior Sneakers High Deep Blue Premium-baskets haut de gamme \u00e9l\u00e9gantes"},"content":{"rendered":"<h2>Dior Sneakers High Deep Blue Premium-baskets haut de gamme \u00e9l\u00e9gantes<\/h2>\n<p>Les baskets Dior High Deep Blue Premium allient design \u00e9l\u00e9gant et mat\u00e9riaux de haute qualit\u00e9. Le mod\u00e8le est fabriqu\u00e9 en cuir et en textile, ce qui offre confort, durabilit\u00e9 et bonne ventilation. La couleur bleu profond donne \u00e0 la chaussure un look haut de gamme et la construction haute maintient fermement le pied en marchant. Id\u00e9al pour ceux qui appr\u00e9cient le style, le confort et le design moderne. Id\u00e9al pour l&rsquo;image quotidienne et les combinaisons \u00e0 la mode.<\/p>\n","protected":false},"excerpt":{"rendered":"<p>Les baskets Dior High Deep Blue Premium allient design \u00e9l\u00e9gant et mat\u00e9riaux de haute qualit\u00e9. Le mod\u00e8le est fabriqu\u00e9 en cuir et en textile, ce qui offre confort, durabilit\u00e9 et bonne ventilation. La couleur bleu profond donne \u00e0 la chaussure un look haut de gamme et la construction haute maintient fermement le pied en marchant. Id\u00e9al pour ceux qui appr\u00e9cient le style, le confort et le design moderne. Id\u00e9al pour l&rsquo;image quotidienne et les combinaisons \u00e0 la mode.<\/p>\n","protected":false},"featured_media":791947,"comment_status":"open","ping_status":"open","template":"","meta":[],"product_brand":[],"product_cat":[3212,3319],"product_tag":[],"class_list":{"0":"post-791946","1":"product","2":"type-product","3":"status-publish","4":"has-post-thumbnail","6":"product_cat-all-product","7":"product_cat-kedy","8":"pa_rozmir-910","9":"pa_rozmir-912","10":"pa_rozmir-914","11":"pa_rozmir-915","12":"pa_rozmir-916","13":"pa_rozmir-917","14":"pa_rozmir-918","15":"pa_rozmir-919","16":"pa_rozmir-920","17":"pa_rozmir-921","18":"pa_rozmir-922","20":"first","21":"instock","22":"purchasable","23":"product-type-variable"},"_links":{"self":[{"href":"https:\/\/nextsnkr.com\/fr\/wp-json\/wp\/v2\/product\/791946","targetHints":{"allow":["GET"]}}],"collection":[{"href":"https:\/\/nextsnkr.com\/fr\/wp-json\/wp\/v2\/product"}],"about":[{"href":"https:\/\/nextsnkr.com\/fr\/wp-json\/wp\/v2\/types\/product"}],"replies":[{"embeddable":true,"href":"https:\/\/nextsnkr.com\/fr\/wp-json\/wp\/v2\/comments?post=791946"}],"version-history":[{"count":0,"href":"https:\/\/nextsnkr.com\/fr\/wp-json\/wp\/v2\/product\/791946\/revisions"}],"wp:featuredmedia":[{"embeddable":true,"href":"https:\/\/nextsnkr.com\/fr\/wp-json\/wp\/v2\/media\/791947"}],"wp:attachment":[{"href":"https:\/\/nextsnkr.com\/fr\/wp-json\/wp\/v2\/media?parent=791946"}],"wp:term":[{"taxonomy":"product_brand","embeddable":true,"href":"https:\/\/nextsnkr.com\/fr\/wp-json\/wp\/v2\/product_brand?post=791946"},{"taxonomy":"product_cat","embeddable":true,"href":"https:\/\/nextsnkr.com\/fr\/wp-json\/wp\/v2\/product_cat?post=791946"},{"taxonomy":"product_tag","embeddable":true,"href":"https:\/\/nextsnkr.com\/fr\/wp-json\/wp\/v2\/product_tag?post=791946"}],"curies":[{"name":"wp","href":"https:\/\/api.w.org\/{rel}","templated":true}]}}