{"id":790586,"date":"2025-06-13T10:18:14","date_gmt":"2025-06-13T07:18:14","guid":{"rendered":"https:\/\/nextsnkr.com\/product\/natural-indigo\/"},"modified":"2026-01-31T19:00:39","modified_gmt":"2026-01-31T16:00:39","slug":"natural-indigo","status":"publish","type":"product","link":"https:\/\/nextsnkr.com\/fr\/produit\/natural-indigo\/","title":{"rendered":"Baskets Natural Indigo en daim et cuir \u00e9l\u00e9gantes pour un usage quotidien"},"content":{"rendered":"<h2>Baskets Natural Indigo en daim et cuir \u00e9l\u00e9gantes pour un usage quotidien<\/h2>\n<p>Les baskets \u00e0 la mode Natural Indigo sont fabriqu\u00e9es \u00e0 partir d&rsquo;une combinaison de daim et de cuir v\u00e9ritable pour un look \u00e9l\u00e9gant et durable. La tige rembourr\u00e9e s&rsquo;adapte bien au pied et la semelle de qualit\u00e9 garantit le confort lors de longues promenades. Un design discret et des mat\u00e9riaux fiables rendent ce mod\u00e8le polyvalent pour un usage quotidien. Un choix parfait pour ceux qui appr\u00e9cient le style, le confort et la praticit\u00e9.<\/p>\n","protected":false},"excerpt":{"rendered":"<p>Les baskets \u00e0 la mode Natural Indigo sont fabriqu\u00e9es \u00e0 partir d&rsquo;une combinaison de daim et de cuir v\u00e9ritable pour un look \u00e9l\u00e9gant et durable. La tige rembourr\u00e9e s&rsquo;adapte bien au pied et la semelle de qualit\u00e9 garantit le confort lors de longues promenades. Un design discret et des mat\u00e9riaux fiables rendent ce mod\u00e8le polyvalent pour un usage quotidien. Un choix parfait pour ceux qui appr\u00e9cient le style, le confort et la praticit\u00e9.<\/p>\n","protected":false},"featured_media":790587,"comment_status":"open","ping_status":"open","template":"","meta":[],"product_brand":[],"product_cat":[3212,3213],"product_tag":[],"class_list":{"0":"post-790586","1":"product","2":"type-product","3":"status-publish","4":"has-post-thumbnail","6":"product_cat-all-product","7":"product_cat-krosivky","8":"pa_rozmir-910","9":"pa_rozmir-912","10":"pa_rozmir-914","11":"pa_rozmir-915","12":"pa_rozmir-916","13":"pa_rozmir-917","14":"pa_rozmir-918","15":"pa_rozmir-919","16":"pa_rozmir-920","17":"pa_rozmir-921","18":"pa_rozmir-922","20":"first","21":"instock","22":"purchasable","23":"product-type-variable"},"_links":{"self":[{"href":"https:\/\/nextsnkr.com\/fr\/wp-json\/wp\/v2\/product\/790586","targetHints":{"allow":["GET"]}}],"collection":[{"href":"https:\/\/nextsnkr.com\/fr\/wp-json\/wp\/v2\/product"}],"about":[{"href":"https:\/\/nextsnkr.com\/fr\/wp-json\/wp\/v2\/types\/product"}],"replies":[{"embeddable":true,"href":"https:\/\/nextsnkr.com\/fr\/wp-json\/wp\/v2\/comments?post=790586"}],"version-history":[{"count":0,"href":"https:\/\/nextsnkr.com\/fr\/wp-json\/wp\/v2\/product\/790586\/revisions"}],"wp:featuredmedia":[{"embeddable":true,"href":"https:\/\/nextsnkr.com\/fr\/wp-json\/wp\/v2\/media\/790587"}],"wp:attachment":[{"href":"https:\/\/nextsnkr.com\/fr\/wp-json\/wp\/v2\/media?parent=790586"}],"wp:term":[{"taxonomy":"product_brand","embeddable":true,"href":"https:\/\/nextsnkr.com\/fr\/wp-json\/wp\/v2\/product_brand?post=790586"},{"taxonomy":"product_cat","embeddable":true,"href":"https:\/\/nextsnkr.com\/fr\/wp-json\/wp\/v2\/product_cat?post=790586"},{"taxonomy":"product_tag","embeddable":true,"href":"https:\/\/nextsnkr.com\/fr\/wp-json\/wp\/v2\/product_tag?post=790586"}],"curies":[{"name":"wp","href":"https:\/\/api.w.org\/{rel}","templated":true}]}}