{"id":790076,"date":"2025-06-13T10:19:20","date_gmt":"2025-06-13T07:19:20","guid":{"rendered":"https:\/\/nextsnkr.com\/product\/ct302-beije\/"},"modified":"2026-01-31T19:00:13","modified_gmt":"2026-01-31T16:00:13","slug":"ct302-beije","status":"publish","type":"product","link":"https:\/\/nextsnkr.com\/fr\/produit\/ct302-beije\/","title":{"rendered":"Baskets en cuir beige CT302 Beije"},"content":{"rendered":"<h2>Baskets en cuir beige CT302 Beije<\/h2>\n<p>Les baskets \u00e9l\u00e9gantes CT302 Beije sont fabriqu\u00e9es en cuir v\u00e9ritable de haute qualit\u00e9, ce qui garantit durabilit\u00e9 et confort pendant le port quotidien. Le mod\u00e8le dans la couleur beige tendance se Marie facilement avec n&rsquo;importe quelle fa\u00e7on, soulignant votre style. La semelle robuste garantit la stabilit\u00e9 et un amorti doux. Fabriqu\u00e9 en Chine selon les normes de qualit\u00e9 modernes. Choisissez des baskets qui combinent le minimalisme, la commodit\u00e9 et le look haut de gamme.<\/p>\n","protected":false},"excerpt":{"rendered":"<p>Les baskets \u00e9l\u00e9gantes CT302 Beije sont fabriqu\u00e9es en cuir v\u00e9ritable de haute qualit\u00e9, ce qui garantit durabilit\u00e9 et confort pendant le port quotidien. Le mod\u00e8le dans la couleur beige tendance se Marie facilement avec n&rsquo;importe quelle fa\u00e7on, soulignant votre style. La semelle robuste garantit la stabilit\u00e9 et un amorti doux. Fabriqu\u00e9 en Chine selon les normes de qualit\u00e9 modernes. Choisissez des baskets qui combinent le minimalisme, la commodit\u00e9 et le look haut de gamme.<\/p>\n","protected":false},"featured_media":790077,"comment_status":"open","ping_status":"open","template":"","meta":[],"product_brand":[],"product_cat":[3212,3319],"product_tag":[],"class_list":{"0":"post-790076","1":"product","2":"type-product","3":"status-publish","4":"has-post-thumbnail","6":"product_cat-all-product","7":"product_cat-kedy","8":"pa_rozmir-910","9":"pa_rozmir-912","10":"pa_rozmir-914","11":"pa_rozmir-915","12":"pa_rozmir-916","13":"pa_rozmir-917","14":"pa_rozmir-918","15":"pa_rozmir-919","16":"pa_rozmir-920","17":"pa_rozmir-921","18":"pa_rozmir-922","20":"first","21":"instock","22":"purchasable","23":"product-type-variable"},"_links":{"self":[{"href":"https:\/\/nextsnkr.com\/fr\/wp-json\/wp\/v2\/product\/790076","targetHints":{"allow":["GET"]}}],"collection":[{"href":"https:\/\/nextsnkr.com\/fr\/wp-json\/wp\/v2\/product"}],"about":[{"href":"https:\/\/nextsnkr.com\/fr\/wp-json\/wp\/v2\/types\/product"}],"replies":[{"embeddable":true,"href":"https:\/\/nextsnkr.com\/fr\/wp-json\/wp\/v2\/comments?post=790076"}],"version-history":[{"count":0,"href":"https:\/\/nextsnkr.com\/fr\/wp-json\/wp\/v2\/product\/790076\/revisions"}],"wp:featuredmedia":[{"embeddable":true,"href":"https:\/\/nextsnkr.com\/fr\/wp-json\/wp\/v2\/media\/790077"}],"wp:attachment":[{"href":"https:\/\/nextsnkr.com\/fr\/wp-json\/wp\/v2\/media?parent=790076"}],"wp:term":[{"taxonomy":"product_brand","embeddable":true,"href":"https:\/\/nextsnkr.com\/fr\/wp-json\/wp\/v2\/product_brand?post=790076"},{"taxonomy":"product_cat","embeddable":true,"href":"https:\/\/nextsnkr.com\/fr\/wp-json\/wp\/v2\/product_cat?post=790076"},{"taxonomy":"product_tag","embeddable":true,"href":"https:\/\/nextsnkr.com\/fr\/wp-json\/wp\/v2\/product_tag?post=790076"}],"curies":[{"name":"wp","href":"https:\/\/api.w.org\/{rel}","templated":true}]}}