{"id":789396,"date":"2025-06-13T10:20:39","date_gmt":"2025-06-13T07:20:39","guid":{"rendered":"https:\/\/nextsnkr.com\/product\/574-black\/"},"modified":"2026-01-31T18:59:55","modified_gmt":"2026-01-31T15:59:55","slug":"574-black","status":"publish","type":"product","link":"https:\/\/nextsnkr.com\/fr\/produit\/574-black\/","title":{"rendered":"Baskets 574 Black en daim et textile &#8211; style et confort quotidien"},"content":{"rendered":"<h2>Baskets 574 Black en daim et textile &#8211; style et confort quotidien<\/h2>\n<p>Les baskets 574 Black combinent des Textiles durables et du daim naturel pour offrir confort et durabilit\u00e9 dans une utilisation quotidienne. Le design noir concis se Marie facilement avec n&rsquo;importe quel style, et la fabrication de haute qualit\u00e9 en Chine garantit un \u00e9quilibre optimal entre co\u00fbt et fiabilit\u00e9. C&rsquo;est un mod\u00e8le polyvalent pour le rythme urbain, la marche et le style de vie actif. Code et SKU: 080-418687.<\/p>\n","protected":false},"excerpt":{"rendered":"<p>Les baskets 574 Black combinent des Textiles durables et du daim naturel pour offrir confort et durabilit\u00e9 dans une utilisation quotidienne. Le design noir concis se Marie facilement avec n&rsquo;importe quel style, et la fabrication de haute qualit\u00e9 en Chine garantit un \u00e9quilibre optimal entre co\u00fbt et fiabilit\u00e9. C&rsquo;est un mod\u00e8le polyvalent pour le rythme urbain, la marche et le style de vie actif. Code et SKU: 080-418687.<\/p>\n","protected":false},"featured_media":789397,"comment_status":"open","ping_status":"open","template":"","meta":[],"product_brand":[],"product_cat":[3212,3213],"product_tag":[],"class_list":{"0":"post-789396","1":"product","2":"type-product","3":"status-publish","4":"has-post-thumbnail","6":"product_cat-all-product","7":"product_cat-krosivky","8":"pa_rozmir-910","9":"pa_rozmir-912","10":"pa_rozmir-914","11":"pa_rozmir-915","12":"pa_rozmir-916","13":"pa_rozmir-917","14":"pa_rozmir-918","15":"pa_rozmir-919","16":"pa_rozmir-920","17":"pa_rozmir-921","18":"pa_rozmir-922","20":"first","21":"instock","22":"purchasable","23":"product-type-variable"},"_links":{"self":[{"href":"https:\/\/nextsnkr.com\/fr\/wp-json\/wp\/v2\/product\/789396","targetHints":{"allow":["GET"]}}],"collection":[{"href":"https:\/\/nextsnkr.com\/fr\/wp-json\/wp\/v2\/product"}],"about":[{"href":"https:\/\/nextsnkr.com\/fr\/wp-json\/wp\/v2\/types\/product"}],"replies":[{"embeddable":true,"href":"https:\/\/nextsnkr.com\/fr\/wp-json\/wp\/v2\/comments?post=789396"}],"version-history":[{"count":0,"href":"https:\/\/nextsnkr.com\/fr\/wp-json\/wp\/v2\/product\/789396\/revisions"}],"wp:featuredmedia":[{"embeddable":true,"href":"https:\/\/nextsnkr.com\/fr\/wp-json\/wp\/v2\/media\/789397"}],"wp:attachment":[{"href":"https:\/\/nextsnkr.com\/fr\/wp-json\/wp\/v2\/media?parent=789396"}],"wp:term":[{"taxonomy":"product_brand","embeddable":true,"href":"https:\/\/nextsnkr.com\/fr\/wp-json\/wp\/v2\/product_brand?post=789396"},{"taxonomy":"product_cat","embeddable":true,"href":"https:\/\/nextsnkr.com\/fr\/wp-json\/wp\/v2\/product_cat?post=789396"},{"taxonomy":"product_tag","embeddable":true,"href":"https:\/\/nextsnkr.com\/fr\/wp-json\/wp\/v2\/product_tag?post=789396"}],"curies":[{"name":"wp","href":"https:\/\/api.w.org\/{rel}","templated":true}]}}