{"id":789056,"date":"2025-06-13T10:21:39","date_gmt":"2025-06-13T07:21:39","guid":{"rendered":"https:\/\/nextsnkr.com\/product\/530-white-v2\/"},"modified":"2026-01-31T18:59:47","modified_gmt":"2026-01-31T15:59:47","slug":"530-white-v2","status":"publish","type":"product","link":"https:\/\/nextsnkr.com\/fr\/produit\/530-white-v2\/","title":{"rendered":"Baskets en cuir 530 White v2-baskets \u00e9l\u00e9gantes pour hommes \/ femmes"},"content":{"rendered":"<h2>Baskets en cuir 530 White v2-baskets \u00e9l\u00e9gantes pour hommes \/ femmes<\/h2>\n<p>Les baskets 530 White v2 sont un mod\u00e8le polyvalent pour les looks urbains et une utilisation quotidienne active. Fabriqu\u00e9s en cuir, ils sont robustes, confortables et durables. La semelle l\u00e9g\u00e8re offre un amorti et une marche confortable toute la journ\u00e9e. Fabriqu\u00e9 en Chine selon les normes de qualit\u00e9 modernes. Le design blanc \u00e9l\u00e9gant se Marie facilement avec n&rsquo;importe quel v\u00eatement, faisant de ces baskets un excellent choix pour ceux qui appr\u00e9cient le confort et le look tendance.<\/p>\n","protected":false},"excerpt":{"rendered":"<p>Les baskets 530 White v2 sont un mod\u00e8le polyvalent pour les looks urbains et une utilisation quotidienne active. Fabriqu\u00e9s en cuir, ils sont robustes, confortables et durables. La semelle l\u00e9g\u00e8re offre un amorti et une marche confortable toute la journ\u00e9e. Fabriqu\u00e9 en Chine selon les normes de qualit\u00e9 modernes. Le design blanc \u00e9l\u00e9gant se Marie facilement avec n&rsquo;importe quel v\u00eatement, faisant de ces baskets un excellent choix pour ceux qui appr\u00e9cient le confort et le look tendance.<\/p>\n","protected":false},"featured_media":789057,"comment_status":"open","ping_status":"open","template":"","meta":[],"product_brand":[],"product_cat":[3212,3213],"product_tag":[],"class_list":{"0":"post-789056","1":"product","2":"type-product","3":"status-publish","4":"has-post-thumbnail","6":"product_cat-all-product","7":"product_cat-krosivky","8":"pa_rozmir-910","9":"pa_rozmir-912","10":"pa_rozmir-914","11":"pa_rozmir-915","12":"pa_rozmir-916","13":"pa_rozmir-917","14":"pa_rozmir-918","15":"pa_rozmir-919","16":"pa_rozmir-920","17":"pa_rozmir-921","18":"pa_rozmir-922","20":"first","21":"instock","22":"purchasable","23":"product-type-variable"},"_links":{"self":[{"href":"https:\/\/nextsnkr.com\/fr\/wp-json\/wp\/v2\/product\/789056","targetHints":{"allow":["GET"]}}],"collection":[{"href":"https:\/\/nextsnkr.com\/fr\/wp-json\/wp\/v2\/product"}],"about":[{"href":"https:\/\/nextsnkr.com\/fr\/wp-json\/wp\/v2\/types\/product"}],"replies":[{"embeddable":true,"href":"https:\/\/nextsnkr.com\/fr\/wp-json\/wp\/v2\/comments?post=789056"}],"version-history":[{"count":0,"href":"https:\/\/nextsnkr.com\/fr\/wp-json\/wp\/v2\/product\/789056\/revisions"}],"wp:featuredmedia":[{"embeddable":true,"href":"https:\/\/nextsnkr.com\/fr\/wp-json\/wp\/v2\/media\/789057"}],"wp:attachment":[{"href":"https:\/\/nextsnkr.com\/fr\/wp-json\/wp\/v2\/media?parent=789056"}],"wp:term":[{"taxonomy":"product_brand","embeddable":true,"href":"https:\/\/nextsnkr.com\/fr\/wp-json\/wp\/v2\/product_brand?post=789056"},{"taxonomy":"product_cat","embeddable":true,"href":"https:\/\/nextsnkr.com\/fr\/wp-json\/wp\/v2\/product_cat?post=789056"},{"taxonomy":"product_tag","embeddable":true,"href":"https:\/\/nextsnkr.com\/fr\/wp-json\/wp\/v2\/product_tag?post=789056"}],"curies":[{"name":"wp","href":"https:\/\/api.w.org\/{rel}","templated":true}]}}