{"id":787876,"date":"2025-06-13T10:23:40","date_gmt":"2025-06-13T07:23:40","guid":{"rendered":"https:\/\/nextsnkr.com\/product\/gazelle-bold-brown\/"},"modified":"2026-01-31T18:59:10","modified_gmt":"2026-01-31T15:59:10","slug":"gazelle-bold-brown","status":"publish","type":"product","link":"https:\/\/nextsnkr.com\/fr\/produit\/gazelle-bold-brown\/","title":{"rendered":"Baskets gazelle Bold Brown-baskets en daim pour femmes en marron \u00e9l\u00e9gant"},"content":{"rendered":"<h2>Baskets gazelle Bold Brown-baskets en daim pour femmes en marron \u00e9l\u00e9gant<\/h2>\n<p>Les baskets gazelle Bold Brown allient design classique et confort moderne. Fabriqu\u00e9s en daim de qualit\u00e9, ils offrent douceur, durabilit\u00e9 et effet tactile agr\u00e9able. Le mod\u00e8le est pratique pour le port quotidien, la marche et les activit\u00e9s de plein air. La nuance brune \u00e9l\u00e9gante se combine facilement avec n&rsquo;importe quelle mani\u00e8re d\u00e9contract\u00e9e. La fabrication au Vietnam garantit une couture soign\u00e9e et des mat\u00e9riaux de haute qualit\u00e9. Gazelle Bold Brown est le choix id\u00e9al pour ceux qui appr\u00e9cient le confort et le style.<\/p>\n","protected":false},"excerpt":{"rendered":"<p>Les baskets gazelle Bold Brown allient design classique et confort moderne. Fabriqu\u00e9s en daim de qualit\u00e9, ils offrent douceur, durabilit\u00e9 et effet tactile agr\u00e9able. Le mod\u00e8le est pratique pour le port quotidien, la marche et les activit\u00e9s de plein air. La nuance brune \u00e9l\u00e9gante se combine facilement avec n&rsquo;importe quelle mani\u00e8re d\u00e9contract\u00e9e. La fabrication au Vietnam garantit une couture soign\u00e9e et des mat\u00e9riaux de haute qualit\u00e9. Gazelle Bold Brown est le choix id\u00e9al pour ceux qui appr\u00e9cient le confort et le style.<\/p>\n","protected":false},"featured_media":787877,"comment_status":"open","ping_status":"open","template":"","meta":[],"product_brand":[],"product_cat":[3212,3319],"product_tag":[],"class_list":{"0":"post-787876","1":"product","2":"type-product","3":"status-publish","4":"has-post-thumbnail","6":"product_cat-all-product","7":"product_cat-kedy","8":"pa_rozmir-910","9":"pa_rozmir-912","10":"pa_rozmir-914","11":"pa_rozmir-915","12":"pa_rozmir-916","13":"pa_rozmir-917","14":"pa_rozmir-918","15":"pa_rozmir-919","16":"pa_rozmir-920","17":"pa_rozmir-921","18":"pa_rozmir-922","20":"first","21":"instock","22":"purchasable","23":"product-type-variable"},"_links":{"self":[{"href":"https:\/\/nextsnkr.com\/fr\/wp-json\/wp\/v2\/product\/787876","targetHints":{"allow":["GET"]}}],"collection":[{"href":"https:\/\/nextsnkr.com\/fr\/wp-json\/wp\/v2\/product"}],"about":[{"href":"https:\/\/nextsnkr.com\/fr\/wp-json\/wp\/v2\/types\/product"}],"replies":[{"embeddable":true,"href":"https:\/\/nextsnkr.com\/fr\/wp-json\/wp\/v2\/comments?post=787876"}],"version-history":[{"count":0,"href":"https:\/\/nextsnkr.com\/fr\/wp-json\/wp\/v2\/product\/787876\/revisions"}],"wp:featuredmedia":[{"embeddable":true,"href":"https:\/\/nextsnkr.com\/fr\/wp-json\/wp\/v2\/media\/787877"}],"wp:attachment":[{"href":"https:\/\/nextsnkr.com\/fr\/wp-json\/wp\/v2\/media?parent=787876"}],"wp:term":[{"taxonomy":"product_brand","embeddable":true,"href":"https:\/\/nextsnkr.com\/fr\/wp-json\/wp\/v2\/product_brand?post=787876"},{"taxonomy":"product_cat","embeddable":true,"href":"https:\/\/nextsnkr.com\/fr\/wp-json\/wp\/v2\/product_cat?post=787876"},{"taxonomy":"product_tag","embeddable":true,"href":"https:\/\/nextsnkr.com\/fr\/wp-json\/wp\/v2\/product_tag?post=787876"}],"curies":[{"name":"wp","href":"https:\/\/api.w.org\/{rel}","templated":true}]}}