{"id":786931,"date":"2025-06-13T10:25:23","date_gmt":"2025-06-13T07:25:23","guid":{"rendered":"https:\/\/nextsnkr.com\/product\/acg-mountain-fly-2-gore-tex\/"},"modified":"2026-01-31T18:58:53","modified_gmt":"2026-01-31T15:58:53","slug":"acg-mountain-fly-2-gore-tex","status":"publish","type":"product","link":"https:\/\/nextsnkr.com\/fr\/produit\/acg-mountain-fly-2-gore-tex\/","title":{"rendered":"ACG Mountain Fly 2 Gore-Tex-chaussures de randonn\u00e9e imperm\u00e9ables"},"content":{"rendered":"<h2>ACG Mountain Fly 2 Gore-Tex-chaussures de randonn\u00e9e imperm\u00e9ables<\/h2>\n<p>Les baskets ACG Mountain Fly 2 Gore-Tex sont con\u00e7ues pour les activit\u00e9s de plein air et les environnements extr\u00eames. Gr\u00e2ce \u00e0 la combinaison de Textiles et de caoutchouc r\u00e9sistant, le mod\u00e8le offre une protection et une durabilit\u00e9 fiables, tandis que la membrane Gore-Tex garantit \u00e9tanch\u00e9it\u00e9 et confort par tous les temps. Fabriqu\u00e9es au Vietnam, ces baskets se distinguent par une semelle puissante et une stabilit\u00e9 sur diff\u00e9rents types de surfaces. ACG Mountain Fly 2 Gore-Tex est le choix id\u00e9al pour la randonn\u00e9e et l&rsquo;activit\u00e9 quotidienne.<\/p>\n","protected":false},"excerpt":{"rendered":"<p>Les baskets ACG Mountain Fly 2 Gore-Tex sont con\u00e7ues pour les activit\u00e9s de plein air et les environnements extr\u00eames. Gr\u00e2ce \u00e0 la combinaison de Textiles et de caoutchouc r\u00e9sistant, le mod\u00e8le offre une protection et une durabilit\u00e9 fiables, tandis que la membrane Gore-Tex garantit \u00e9tanch\u00e9it\u00e9 et confort par tous les temps. Fabriqu\u00e9es au Vietnam, ces baskets se distinguent par une semelle puissante et une stabilit\u00e9 sur diff\u00e9rents types de surfaces. ACG Mountain Fly 2 Gore-Tex est le choix id\u00e9al pour la randonn\u00e9e et l&rsquo;activit\u00e9 quotidienne.<\/p>\n","protected":false},"featured_media":786932,"comment_status":"open","ping_status":"open","template":"","meta":[],"product_brand":[],"product_cat":[3212,3213],"product_tag":[],"class_list":{"0":"post-786931","1":"product","2":"type-product","3":"status-publish","4":"has-post-thumbnail","6":"product_cat-all-product","7":"product_cat-krosivky","8":"pa_rozmir-910","9":"pa_rozmir-912","10":"pa_rozmir-914","11":"pa_rozmir-915","12":"pa_rozmir-916","13":"pa_rozmir-917","14":"pa_rozmir-918","15":"pa_rozmir-919","16":"pa_rozmir-920","17":"pa_rozmir-921","18":"pa_rozmir-922","20":"first","21":"onbackorder","22":"purchasable","23":"product-type-variable"},"_links":{"self":[{"href":"https:\/\/nextsnkr.com\/fr\/wp-json\/wp\/v2\/product\/786931","targetHints":{"allow":["GET"]}}],"collection":[{"href":"https:\/\/nextsnkr.com\/fr\/wp-json\/wp\/v2\/product"}],"about":[{"href":"https:\/\/nextsnkr.com\/fr\/wp-json\/wp\/v2\/types\/product"}],"replies":[{"embeddable":true,"href":"https:\/\/nextsnkr.com\/fr\/wp-json\/wp\/v2\/comments?post=786931"}],"version-history":[{"count":0,"href":"https:\/\/nextsnkr.com\/fr\/wp-json\/wp\/v2\/product\/786931\/revisions"}],"wp:featuredmedia":[{"embeddable":true,"href":"https:\/\/nextsnkr.com\/fr\/wp-json\/wp\/v2\/media\/786932"}],"wp:attachment":[{"href":"https:\/\/nextsnkr.com\/fr\/wp-json\/wp\/v2\/media?parent=786931"}],"wp:term":[{"taxonomy":"product_brand","embeddable":true,"href":"https:\/\/nextsnkr.com\/fr\/wp-json\/wp\/v2\/product_brand?post=786931"},{"taxonomy":"product_cat","embeddable":true,"href":"https:\/\/nextsnkr.com\/fr\/wp-json\/wp\/v2\/product_cat?post=786931"},{"taxonomy":"product_tag","embeddable":true,"href":"https:\/\/nextsnkr.com\/fr\/wp-json\/wp\/v2\/product_tag?post=786931"}],"curies":[{"name":"wp","href":"https:\/\/api.w.org\/{rel}","templated":true}]}}