{"id":786705,"date":"2025-06-13T10:25:45","date_gmt":"2025-06-13T07:25:45","guid":{"rendered":"https:\/\/nextsnkr.com\/product\/acg-mountain-fly-2-gore-tex-black\/"},"modified":"2026-01-31T18:58:49","modified_gmt":"2026-01-31T15:58:49","slug":"acg-mountain-fly-2-gore-tex-black","status":"publish","type":"product","link":"https:\/\/nextsnkr.com\/fr\/produit\/acg-mountain-fly-2-gore-tex-black\/","title":{"rendered":"Baskets ACG Mountain Fly 2 Gore-Tex Black r\u00e9sistant \u00e0 l&rsquo;eau noir"},"content":{"rendered":"<h2>Baskets ACG Mountain Fly 2 Gore-Tex Black r\u00e9sistant \u00e0 l&rsquo;eau noir<\/h2>\n<p>Les baskets ACG Mountain Fly 2 Gore-Tex Black sont con\u00e7ues pour une protection et un confort maximum dans des conditions m\u00e9t\u00e9orologiques difficiles. Le mod\u00e8le est \u00e9quip\u00e9 d&rsquo;une membrane Gore-Tex qui offre une r\u00e9sistance \u00e0 l&rsquo;eau et \u00e0 la respiration, tandis que la base en caoutchouc robuste garantit une prise en main s\u00fbre. Le dessus en textile l\u00e9ger ajoute confort et flexibilit\u00e9. Id\u00e9al pour les activit\u00e9s de plein air, la randonn\u00e9e et le rythme urbain par tous les temps. Fabricant: Vietnam. SKU: 6700-962433<\/p>\n","protected":false},"excerpt":{"rendered":"<p>Les baskets ACG Mountain Fly 2 Gore-Tex Black sont con\u00e7ues pour une protection et un confort maximum dans des conditions m\u00e9t\u00e9orologiques difficiles. Le mod\u00e8le est \u00e9quip\u00e9 d&rsquo;une membrane Gore-Tex qui offre une r\u00e9sistance \u00e0 l&rsquo;eau et \u00e0 la respiration, tandis que la base en caoutchouc robuste garantit une prise en main s\u00fbre. Le dessus en textile l\u00e9ger ajoute confort et flexibilit\u00e9. Id\u00e9al pour les activit\u00e9s de plein air, la randonn\u00e9e et le rythme urbain par tous les temps. Fabricant: Vietnam. SKU: 6700-962433<\/p>\n","protected":false},"featured_media":786706,"comment_status":"open","ping_status":"open","template":"","meta":[],"product_brand":[],"product_cat":[3212,3213],"product_tag":[],"class_list":{"0":"post-786705","1":"product","2":"type-product","3":"status-publish","4":"has-post-thumbnail","6":"product_cat-all-product","7":"product_cat-krosivky","8":"pa_rozmir-910","9":"pa_rozmir-912","10":"pa_rozmir-914","11":"pa_rozmir-915","12":"pa_rozmir-916","13":"pa_rozmir-917","14":"pa_rozmir-918","15":"pa_rozmir-919","16":"pa_rozmir-920","17":"pa_rozmir-921","18":"pa_rozmir-922","20":"first","21":"onbackorder","22":"purchasable","23":"product-type-variable"},"_links":{"self":[{"href":"https:\/\/nextsnkr.com\/fr\/wp-json\/wp\/v2\/product\/786705","targetHints":{"allow":["GET"]}}],"collection":[{"href":"https:\/\/nextsnkr.com\/fr\/wp-json\/wp\/v2\/product"}],"about":[{"href":"https:\/\/nextsnkr.com\/fr\/wp-json\/wp\/v2\/types\/product"}],"replies":[{"embeddable":true,"href":"https:\/\/nextsnkr.com\/fr\/wp-json\/wp\/v2\/comments?post=786705"}],"version-history":[{"count":0,"href":"https:\/\/nextsnkr.com\/fr\/wp-json\/wp\/v2\/product\/786705\/revisions"}],"wp:featuredmedia":[{"embeddable":true,"href":"https:\/\/nextsnkr.com\/fr\/wp-json\/wp\/v2\/media\/786706"}],"wp:attachment":[{"href":"https:\/\/nextsnkr.com\/fr\/wp-json\/wp\/v2\/media?parent=786705"}],"wp:term":[{"taxonomy":"product_brand","embeddable":true,"href":"https:\/\/nextsnkr.com\/fr\/wp-json\/wp\/v2\/product_brand?post=786705"},{"taxonomy":"product_cat","embeddable":true,"href":"https:\/\/nextsnkr.com\/fr\/wp-json\/wp\/v2\/product_cat?post=786705"},{"taxonomy":"product_tag","embeddable":true,"href":"https:\/\/nextsnkr.com\/fr\/wp-json\/wp\/v2\/product_tag?post=786705"}],"curies":[{"name":"wp","href":"https:\/\/api.w.org\/{rel}","templated":true}]}}