{"id":782902,"date":"2025-06-13T10:32:12","date_gmt":"2025-06-13T07:32:12","guid":{"rendered":"https:\/\/nextsnkr.com\/product\/1906r-white-rain-cloud-silver-metallic\/"},"modified":"2026-01-31T18:57:14","modified_gmt":"2026-01-31T15:57:14","slug":"1906r-white-rain-cloud-silver-metallic-2","status":"publish","type":"product","link":"https:\/\/nextsnkr.com\/fr\/produit\/1906r-white-rain-cloud-silver-metallic-2\/","title":{"rendered":"Baskets 1906r White Rain Cloud Silver Metallic-cuir et textile"},"content":{"rendered":"<h2>Baskets 1906r White Rain Cloud Silver Metallic-cuir et textile<\/h2>\n<p>Les baskets 1906r White Rain Cloud Silver Metallic allient design \u00e9l\u00e9gant et mat\u00e9riaux de haute qualit\u00e9: cuir naturel et Textiles. Le mod\u00e8le offre confort, l\u00e9g\u00e8ret\u00e9 et durabilit\u00e9 dans un usage quotidien. Les nuances de blanc et d&rsquo;argent rendent les chaussures polyvalentes pour une vari\u00e9t\u00e9 d&rsquo;images, et la production au Vietnam garantit la fiabilit\u00e9 et l&rsquo;ex\u00e9cution soign\u00e9e. Un choix parfait pour ceux qui appr\u00e9cient les chaussures de marque et un look moderne et \u00e9l\u00e9gant. Code: N3001-805411.<\/p>\n","protected":false},"excerpt":{"rendered":"<p>Les baskets 1906r White Rain Cloud Silver Metallic allient design \u00e9l\u00e9gant et mat\u00e9riaux de haute qualit\u00e9: cuir naturel et Textiles. Le mod\u00e8le offre confort, l\u00e9g\u00e8ret\u00e9 et durabilit\u00e9 dans un usage quotidien. Les nuances de blanc et d&rsquo;argent rendent les chaussures polyvalentes pour une vari\u00e9t\u00e9 d&rsquo;images, et la production au Vietnam garantit la fiabilit\u00e9 et l&rsquo;ex\u00e9cution soign\u00e9e. Un choix parfait pour ceux qui appr\u00e9cient les chaussures de marque et un look moderne et \u00e9l\u00e9gant. Code: N3001-805411.<\/p>\n","protected":false},"featured_media":782903,"comment_status":"open","ping_status":"open","template":"","meta":[],"product_brand":[],"product_cat":[3212,3213],"product_tag":[],"class_list":{"0":"post-782902","1":"product","2":"type-product","3":"status-publish","4":"has-post-thumbnail","6":"product_cat-all-product","7":"product_cat-krosivky","8":"pa_rozmir-910","9":"pa_rozmir-912","10":"pa_rozmir-914","11":"pa_rozmir-915","12":"pa_rozmir-916","13":"pa_rozmir-917","14":"pa_rozmir-918","15":"pa_rozmir-919","16":"pa_rozmir-920","17":"pa_rozmir-921","19":"first","20":"instock","21":"purchasable","22":"product-type-variable"},"_links":{"self":[{"href":"https:\/\/nextsnkr.com\/fr\/wp-json\/wp\/v2\/product\/782902","targetHints":{"allow":["GET"]}}],"collection":[{"href":"https:\/\/nextsnkr.com\/fr\/wp-json\/wp\/v2\/product"}],"about":[{"href":"https:\/\/nextsnkr.com\/fr\/wp-json\/wp\/v2\/types\/product"}],"replies":[{"embeddable":true,"href":"https:\/\/nextsnkr.com\/fr\/wp-json\/wp\/v2\/comments?post=782902"}],"version-history":[{"count":0,"href":"https:\/\/nextsnkr.com\/fr\/wp-json\/wp\/v2\/product\/782902\/revisions"}],"wp:featuredmedia":[{"embeddable":true,"href":"https:\/\/nextsnkr.com\/fr\/wp-json\/wp\/v2\/media\/782903"}],"wp:attachment":[{"href":"https:\/\/nextsnkr.com\/fr\/wp-json\/wp\/v2\/media?parent=782902"}],"wp:term":[{"taxonomy":"product_brand","embeddable":true,"href":"https:\/\/nextsnkr.com\/fr\/wp-json\/wp\/v2\/product_brand?post=782902"},{"taxonomy":"product_cat","embeddable":true,"href":"https:\/\/nextsnkr.com\/fr\/wp-json\/wp\/v2\/product_cat?post=782902"},{"taxonomy":"product_tag","embeddable":true,"href":"https:\/\/nextsnkr.com\/fr\/wp-json\/wp\/v2\/product_tag?post=782902"}],"curies":[{"name":"wp","href":"https:\/\/api.w.org\/{rel}","templated":true}]}}