{"id":782703,"date":"2025-06-13T10:32:32","date_gmt":"2025-06-13T07:32:32","guid":{"rendered":"https:\/\/nextsnkr.com\/product\/1906r-black-metallic-silver\/"},"modified":"2026-01-31T18:57:10","modified_gmt":"2026-01-31T15:57:10","slug":"1906r-black-metallic-silver-2","status":"publish","type":"product","link":"https:\/\/nextsnkr.com\/fr\/produit\/1906r-black-metallic-silver-2\/","title":{"rendered":"Baskets 1906r Black Metallic Silver-baskets en cuir et textile pour hommes"},"content":{"rendered":"<h2>Baskets 1906r Black Metallic Silver-baskets en cuir et textile pour hommes<\/h2>\n<p>Les baskets 1906r Black Metallic Silver allient design moderne, fiabilit\u00e9 et confort. Fabriqu\u00e9s \u00e0 partir d&rsquo;une combinaison de cuir et de Textiles, ils offrent durabilit\u00e9, ventilation et ajustement confortable. La combinaison \u00e9l\u00e9gante du noir et de l&rsquo;argent m\u00e9tallis\u00e9 rend le mod\u00e8le polyvalent pour un usage quotidien, des entra\u00eenements et des activit\u00e9s de plein air. Le Fabricant du Vietnam garantit la qualit\u00e9 de la couture et la durabilit\u00e9. Le 1906r Black Metallic Silver est un excellent choix pour ceux qui appr\u00e9cient le style, le confort et les mat\u00e9riaux fiables.<\/p>\n","protected":false},"excerpt":{"rendered":"<p>Les baskets 1906r Black Metallic Silver allient design moderne, fiabilit\u00e9 et confort. Fabriqu\u00e9s \u00e0 partir d&rsquo;une combinaison de cuir et de Textiles, ils offrent durabilit\u00e9, ventilation et ajustement confortable. La combinaison \u00e9l\u00e9gante du noir et de l&rsquo;argent m\u00e9tallis\u00e9 rend le mod\u00e8le polyvalent pour un usage quotidien, des entra\u00eenements et des activit\u00e9s de plein air. Le Fabricant du Vietnam garantit la qualit\u00e9 de la couture et la durabilit\u00e9. Le 1906r Black Metallic Silver est un excellent choix pour ceux qui appr\u00e9cient le style, le confort et les mat\u00e9riaux fiables.<\/p>\n","protected":false},"featured_media":782704,"comment_status":"open","ping_status":"open","template":"","meta":[],"product_brand":[],"product_cat":[3212,3213],"product_tag":[],"class_list":{"0":"post-782703","1":"product","2":"type-product","3":"status-publish","4":"has-post-thumbnail","6":"product_cat-all-product","7":"product_cat-krosivky","8":"pa_rozmir-910","9":"pa_rozmir-912","10":"pa_rozmir-914","11":"pa_rozmir-915","12":"pa_rozmir-916","13":"pa_rozmir-917","14":"pa_rozmir-918","15":"pa_rozmir-919","16":"pa_rozmir-920","17":"pa_rozmir-921","19":"first","20":"instock","21":"purchasable","22":"product-type-variable"},"_links":{"self":[{"href":"https:\/\/nextsnkr.com\/fr\/wp-json\/wp\/v2\/product\/782703","targetHints":{"allow":["GET"]}}],"collection":[{"href":"https:\/\/nextsnkr.com\/fr\/wp-json\/wp\/v2\/product"}],"about":[{"href":"https:\/\/nextsnkr.com\/fr\/wp-json\/wp\/v2\/types\/product"}],"replies":[{"embeddable":true,"href":"https:\/\/nextsnkr.com\/fr\/wp-json\/wp\/v2\/comments?post=782703"}],"version-history":[{"count":0,"href":"https:\/\/nextsnkr.com\/fr\/wp-json\/wp\/v2\/product\/782703\/revisions"}],"wp:featuredmedia":[{"embeddable":true,"href":"https:\/\/nextsnkr.com\/fr\/wp-json\/wp\/v2\/media\/782704"}],"wp:attachment":[{"href":"https:\/\/nextsnkr.com\/fr\/wp-json\/wp\/v2\/media?parent=782703"}],"wp:term":[{"taxonomy":"product_brand","embeddable":true,"href":"https:\/\/nextsnkr.com\/fr\/wp-json\/wp\/v2\/product_brand?post=782703"},{"taxonomy":"product_cat","embeddable":true,"href":"https:\/\/nextsnkr.com\/fr\/wp-json\/wp\/v2\/product_cat?post=782703"},{"taxonomy":"product_tag","embeddable":true,"href":"https:\/\/nextsnkr.com\/fr\/wp-json\/wp\/v2\/product_tag?post=782703"}],"curies":[{"name":"wp","href":"https:\/\/api.w.org\/{rel}","templated":true}]}}