{"id":781307,"date":"2025-06-13T10:34:55","date_gmt":"2025-06-13T07:34:55","guid":{"rendered":"https:\/\/nextsnkr.com\/product\/adidas-ozweego-beige\/"},"modified":"2026-01-31T18:56:28","modified_gmt":"2026-01-31T15:56:28","slug":"adidas-ozweego-beige-2","status":"publish","type":"product","link":"https:\/\/nextsnkr.com\/fr\/produit\/adidas-ozweego-beige-2\/","title":{"rendered":"Baskets Adidas Ozweego Beige-cuir et textile pour le confort"},"content":{"rendered":"<h2>Baskets Adidas Ozweego Beige-cuir et textile pour le confort<\/h2>\n<p>Les \u00e9l\u00e9gantes baskets Adidas Ozweego Beige allient cuir naturel et textile respirant pour un confort et une durabilit\u00e9 \u00e9lev\u00e9s. Le design beige rend le mod\u00e8le polyvalent pour les looks de tous les jours. Gr\u00e2ce \u00e0 son amorti r\u00e9fl\u00e9chi, les baskets sont adapt\u00e9es au mouvement actif et au port prolong\u00e9. Fabriqu\u00e9s au Vietnam, ils allient qualit\u00e9, style moderne et praticit\u00e9 \u2014 un choix id\u00e9al pour un usage quotidien.<\/p>\n","protected":false},"excerpt":{"rendered":"<p>Les \u00e9l\u00e9gantes baskets Adidas Ozweego Beige allient cuir naturel et textile respirant pour un confort et une durabilit\u00e9 \u00e9lev\u00e9s. Le design beige rend le mod\u00e8le polyvalent pour les looks de tous les jours. Gr\u00e2ce \u00e0 son amorti r\u00e9fl\u00e9chi, les baskets sont adapt\u00e9es au mouvement actif et au port prolong\u00e9. Fabriqu\u00e9s au Vietnam, ils allient qualit\u00e9, style moderne et praticit\u00e9 \u2014 un choix id\u00e9al pour un usage quotidien.<\/p>\n","protected":false},"featured_media":781309,"comment_status":"open","ping_status":"open","template":"","meta":[],"product_brand":[],"product_cat":[3212,3213],"product_tag":[],"class_list":{"0":"post-781307","1":"product","2":"type-product","3":"status-publish","4":"has-post-thumbnail","6":"product_cat-all-product","7":"product_cat-krosivky","8":"pa_rozmir-910","9":"pa_rozmir-912","10":"pa_rozmir-914","11":"pa_rozmir-915","12":"pa_rozmir-916","13":"pa_rozmir-917","14":"pa_rozmir-918","15":"pa_rozmir-919","16":"pa_rozmir-920","17":"pa_rozmir-921","18":"pa_rozmir-922","20":"first","21":"instock","22":"purchasable","23":"product-type-variable"},"_links":{"self":[{"href":"https:\/\/nextsnkr.com\/fr\/wp-json\/wp\/v2\/product\/781307","targetHints":{"allow":["GET"]}}],"collection":[{"href":"https:\/\/nextsnkr.com\/fr\/wp-json\/wp\/v2\/product"}],"about":[{"href":"https:\/\/nextsnkr.com\/fr\/wp-json\/wp\/v2\/types\/product"}],"replies":[{"embeddable":true,"href":"https:\/\/nextsnkr.com\/fr\/wp-json\/wp\/v2\/comments?post=781307"}],"version-history":[{"count":0,"href":"https:\/\/nextsnkr.com\/fr\/wp-json\/wp\/v2\/product\/781307\/revisions"}],"wp:featuredmedia":[{"embeddable":true,"href":"https:\/\/nextsnkr.com\/fr\/wp-json\/wp\/v2\/media\/781309"}],"wp:attachment":[{"href":"https:\/\/nextsnkr.com\/fr\/wp-json\/wp\/v2\/media?parent=781307"}],"wp:term":[{"taxonomy":"product_brand","embeddable":true,"href":"https:\/\/nextsnkr.com\/fr\/wp-json\/wp\/v2\/product_brand?post=781307"},{"taxonomy":"product_cat","embeddable":true,"href":"https:\/\/nextsnkr.com\/fr\/wp-json\/wp\/v2\/product_cat?post=781307"},{"taxonomy":"product_tag","embeddable":true,"href":"https:\/\/nextsnkr.com\/fr\/wp-json\/wp\/v2\/product_tag?post=781307"}],"curies":[{"name":"wp","href":"https:\/\/api.w.org\/{rel}","templated":true}]}}