{"id":779098,"date":"2025-06-13T10:38:46","date_gmt":"2025-06-13T07:38:46","guid":{"rendered":"https:\/\/nextsnkr.com\/product\/adidas-ozweego-black\/"},"modified":"2026-01-31T18:55:48","modified_gmt":"2026-01-31T15:55:48","slug":"adidas-ozweego-black","status":"publish","type":"product","link":"https:\/\/nextsnkr.com\/fr\/produit\/adidas-ozweego-black\/","title":{"rendered":"Baskets Adidas Ozweego noir en cuir pour hommes-style original"},"content":{"rendered":"<h2>Baskets Adidas Ozweego noir en cuir pour hommes-style original<\/h2>\n<p>Adidas Ozweego Black sont des baskets en cuir \u00e9l\u00e9gantes con\u00e7ues pour le confort et une utilisation quotidienne active. Le cuir v\u00e9ritable offre une durabilit\u00e9 et un ajustement agr\u00e9able, tandis que le design signature d&rsquo;Adidas donne confiance et modernit\u00e9 \u00e0 l&rsquo;image. Fabriqu\u00e9s au Vietnam, ils sont de haute qualit\u00e9 et r\u00e9sistants \u00e0 l&rsquo;usure. Un choix parfait pour ceux qui appr\u00e9cient la combinaison de style et de fiabilit\u00e9.<\/p>\n","protected":false},"excerpt":{"rendered":"<p>Adidas Ozweego Black sont des baskets en cuir \u00e9l\u00e9gantes con\u00e7ues pour le confort et une utilisation quotidienne active. Le cuir v\u00e9ritable offre une durabilit\u00e9 et un ajustement agr\u00e9able, tandis que le design signature d&rsquo;Adidas donne confiance et modernit\u00e9 \u00e0 l&rsquo;image. Fabriqu\u00e9s au Vietnam, ils sont de haute qualit\u00e9 et r\u00e9sistants \u00e0 l&rsquo;usure. Un choix parfait pour ceux qui appr\u00e9cient la combinaison de style et de fiabilit\u00e9.<\/p>\n","protected":false},"featured_media":779099,"comment_status":"open","ping_status":"open","template":"","meta":[],"product_brand":[],"product_cat":[3212,3213],"product_tag":[],"class_list":{"0":"post-779098","1":"product","2":"type-product","3":"status-publish","4":"has-post-thumbnail","6":"product_cat-all-product","7":"product_cat-krosivky","8":"pa_rozmir-910","9":"pa_rozmir-912","10":"pa_rozmir-914","11":"pa_rozmir-915","12":"pa_rozmir-916","13":"pa_rozmir-917","14":"pa_rozmir-918","15":"pa_rozmir-919","16":"pa_rozmir-920","17":"pa_rozmir-921","18":"pa_rozmir-922","20":"first","21":"onbackorder","22":"purchasable","23":"product-type-variable"},"_links":{"self":[{"href":"https:\/\/nextsnkr.com\/fr\/wp-json\/wp\/v2\/product\/779098","targetHints":{"allow":["GET"]}}],"collection":[{"href":"https:\/\/nextsnkr.com\/fr\/wp-json\/wp\/v2\/product"}],"about":[{"href":"https:\/\/nextsnkr.com\/fr\/wp-json\/wp\/v2\/types\/product"}],"replies":[{"embeddable":true,"href":"https:\/\/nextsnkr.com\/fr\/wp-json\/wp\/v2\/comments?post=779098"}],"version-history":[{"count":0,"href":"https:\/\/nextsnkr.com\/fr\/wp-json\/wp\/v2\/product\/779098\/revisions"}],"wp:featuredmedia":[{"embeddable":true,"href":"https:\/\/nextsnkr.com\/fr\/wp-json\/wp\/v2\/media\/779099"}],"wp:attachment":[{"href":"https:\/\/nextsnkr.com\/fr\/wp-json\/wp\/v2\/media?parent=779098"}],"wp:term":[{"taxonomy":"product_brand","embeddable":true,"href":"https:\/\/nextsnkr.com\/fr\/wp-json\/wp\/v2\/product_brand?post=779098"},{"taxonomy":"product_cat","embeddable":true,"href":"https:\/\/nextsnkr.com\/fr\/wp-json\/wp\/v2\/product_cat?post=779098"},{"taxonomy":"product_tag","embeddable":true,"href":"https:\/\/nextsnkr.com\/fr\/wp-json\/wp\/v2\/product_tag?post=779098"}],"curies":[{"name":"wp","href":"https:\/\/api.w.org\/{rel}","templated":true}]}}