{"id":776760,"date":"2025-06-13T10:42:30","date_gmt":"2025-06-13T07:42:30","guid":{"rendered":"https:\/\/nextsnkr.com\/product\/adidas-campus-grey-white-winter-khutro\/"},"modified":"2026-01-31T18:54:59","modified_gmt":"2026-01-31T15:54:59","slug":"adidas-campus-grey-white-winter-khutro","status":"publish","type":"product","link":"https:\/\/nextsnkr.com\/fr\/produit\/adidas-campus-grey-white-winter-khutro\/","title":{"rendered":"Baskets Adidas Campus Grey White Winter-baskets hiver en daim avec fourrure"},"content":{"rendered":"<h2>Baskets Adidas Campus Grey White Winter-baskets hiver en daim avec fourrure<\/h2>\n<p>Les baskets Adidas Campus Grey White Winter sont un mod\u00e8le d&rsquo;hiver chaud et \u00e9l\u00e9gant con\u00e7u pour un port confortable pendant la saison froide. Fabriqu\u00e9s en daim de qualit\u00e9 et isol\u00e9s avec une fourrure douce, ils offrent une protection fiable contre le froid et un confort agr\u00e9able. La combinaison classique de gris et de blanc compl\u00e8te facilement n&rsquo;importe quel look d&rsquo;hiver. la fabrication au Vietnam garantit la qualit\u00e9 de la couture et la durabilit\u00e9 des mat\u00e9riaux. Adidas Campus Winter est un excellent choix pour ceux qui recherchent le style et la chaleur dans une seule chaussure.<\/p>\n","protected":false},"excerpt":{"rendered":"<p>Les baskets Adidas Campus Grey White Winter sont un mod\u00e8le d&rsquo;hiver chaud et \u00e9l\u00e9gant con\u00e7u pour un port confortable pendant la saison froide. Fabriqu\u00e9s en daim de qualit\u00e9 et isol\u00e9s avec une fourrure douce, ils offrent une protection fiable contre le froid et un confort agr\u00e9able. La combinaison classique de gris et de blanc compl\u00e8te facilement n&rsquo;importe quel look d&rsquo;hiver. la fabrication au Vietnam garantit la qualit\u00e9 de la couture et la durabilit\u00e9 des mat\u00e9riaux. Adidas Campus Winter est un excellent choix pour ceux qui recherchent le style et la chaleur dans une seule chaussure.<\/p>\n","protected":false},"featured_media":776762,"comment_status":"open","ping_status":"open","template":"","meta":[],"product_brand":[],"product_cat":[3212,3319],"product_tag":[],"class_list":{"0":"post-776760","1":"product","2":"type-product","3":"status-publish","4":"has-post-thumbnail","6":"product_cat-all-product","7":"product_cat-kedy","8":"pa_rozmir-910","9":"pa_rozmir-912","10":"pa_rozmir-914","11":"pa_rozmir-915","12":"pa_rozmir-916","13":"pa_rozmir-917","14":"pa_rozmir-918","15":"pa_rozmir-919","16":"pa_rozmir-920","17":"pa_rozmir-921","18":"pa_rozmir-922","20":"first","21":"onbackorder","22":"purchasable","23":"product-type-variable"},"_links":{"self":[{"href":"https:\/\/nextsnkr.com\/fr\/wp-json\/wp\/v2\/product\/776760","targetHints":{"allow":["GET"]}}],"collection":[{"href":"https:\/\/nextsnkr.com\/fr\/wp-json\/wp\/v2\/product"}],"about":[{"href":"https:\/\/nextsnkr.com\/fr\/wp-json\/wp\/v2\/types\/product"}],"replies":[{"embeddable":true,"href":"https:\/\/nextsnkr.com\/fr\/wp-json\/wp\/v2\/comments?post=776760"}],"version-history":[{"count":0,"href":"https:\/\/nextsnkr.com\/fr\/wp-json\/wp\/v2\/product\/776760\/revisions"}],"wp:featuredmedia":[{"embeddable":true,"href":"https:\/\/nextsnkr.com\/fr\/wp-json\/wp\/v2\/media\/776762"}],"wp:attachment":[{"href":"https:\/\/nextsnkr.com\/fr\/wp-json\/wp\/v2\/media?parent=776760"}],"wp:term":[{"taxonomy":"product_brand","embeddable":true,"href":"https:\/\/nextsnkr.com\/fr\/wp-json\/wp\/v2\/product_brand?post=776760"},{"taxonomy":"product_cat","embeddable":true,"href":"https:\/\/nextsnkr.com\/fr\/wp-json\/wp\/v2\/product_cat?post=776760"},{"taxonomy":"product_tag","embeddable":true,"href":"https:\/\/nextsnkr.com\/fr\/wp-json\/wp\/v2\/product_tag?post=776760"}],"curies":[{"name":"wp","href":"https:\/\/api.w.org\/{rel}","templated":true}]}}