{"id":776447,"date":"2025-06-13T10:44:20","date_gmt":"2025-06-13T07:44:20","guid":{"rendered":"https:\/\/nextsnkr.com\/product\/adidas-originals-white-mint\/"},"modified":"2026-01-31T18:54:50","modified_gmt":"2026-01-31T15:54:50","slug":"adidas-originals-white-mint","status":"publish","type":"product","link":"https:\/\/nextsnkr.com\/fr\/produit\/adidas-originals-white-mint\/","title":{"rendered":"Adidas Originals White Mint &#8211; baskets en cuir blanc avec des accents de menthe"},"content":{"rendered":"<h2>Adidas Originals White Mint &#8211; baskets en cuir blanc avec des accents de menthe<\/h2>\n<p>Les baskets Adidas Originals White Mint sont un mod\u00e8le \u00e9l\u00e9gant et polyvalent pour un usage quotidien. Fabriqu\u00e9s \u00e0 partir de cuir de qualit\u00e9, ils offrent confort, durabilit\u00e9 et un bon ajustement. La base blanche avec des \u00e9l\u00e9ments \u00e0 la menthe donne \u00e0 la chaussure un look frais et moderne. La semelle robuste garantit un soutien fiable pendant la marche. Le choix id\u00e9al pour ceux qui recherchent une combinaison de classique, de confort et de design actuel dans les chaussures Adidas.<\/p>\n","protected":false},"excerpt":{"rendered":"<p>Les baskets Adidas Originals White Mint sont un mod\u00e8le \u00e9l\u00e9gant et polyvalent pour un usage quotidien. Fabriqu\u00e9s \u00e0 partir de cuir de qualit\u00e9, ils offrent confort, durabilit\u00e9 et un bon ajustement. La base blanche avec des \u00e9l\u00e9ments \u00e0 la menthe donne \u00e0 la chaussure un look frais et moderne. La semelle robuste garantit un soutien fiable pendant la marche. Le choix id\u00e9al pour ceux qui recherchent une combinaison de classique, de confort et de design actuel dans les chaussures Adidas.<\/p>\n","protected":false},"featured_media":776449,"comment_status":"open","ping_status":"open","template":"","meta":[],"product_brand":[],"product_cat":[3212,3319],"product_tag":[],"class_list":{"0":"post-776447","1":"product","2":"type-product","3":"status-publish","4":"has-post-thumbnail","6":"product_cat-all-product","7":"product_cat-kedy","8":"pa_rozmir-910","9":"pa_rozmir-912","10":"pa_rozmir-914","11":"pa_rozmir-915","12":"pa_rozmir-916","13":"pa_rozmir-917","14":"pa_rozmir-918","15":"pa_rozmir-919","16":"pa_rozmir-920","17":"pa_rozmir-921","18":"pa_rozmir-922","20":"first","21":"instock","22":"purchasable","23":"product-type-variable"},"_links":{"self":[{"href":"https:\/\/nextsnkr.com\/fr\/wp-json\/wp\/v2\/product\/776447","targetHints":{"allow":["GET"]}}],"collection":[{"href":"https:\/\/nextsnkr.com\/fr\/wp-json\/wp\/v2\/product"}],"about":[{"href":"https:\/\/nextsnkr.com\/fr\/wp-json\/wp\/v2\/types\/product"}],"replies":[{"embeddable":true,"href":"https:\/\/nextsnkr.com\/fr\/wp-json\/wp\/v2\/comments?post=776447"}],"version-history":[{"count":0,"href":"https:\/\/nextsnkr.com\/fr\/wp-json\/wp\/v2\/product\/776447\/revisions"}],"wp:featuredmedia":[{"embeddable":true,"href":"https:\/\/nextsnkr.com\/fr\/wp-json\/wp\/v2\/media\/776449"}],"wp:attachment":[{"href":"https:\/\/nextsnkr.com\/fr\/wp-json\/wp\/v2\/media?parent=776447"}],"wp:term":[{"taxonomy":"product_brand","embeddable":true,"href":"https:\/\/nextsnkr.com\/fr\/wp-json\/wp\/v2\/product_brand?post=776447"},{"taxonomy":"product_cat","embeddable":true,"href":"https:\/\/nextsnkr.com\/fr\/wp-json\/wp\/v2\/product_cat?post=776447"},{"taxonomy":"product_tag","embeddable":true,"href":"https:\/\/nextsnkr.com\/fr\/wp-json\/wp\/v2\/product_tag?post=776447"}],"curies":[{"name":"wp","href":"https:\/\/api.w.org\/{rel}","templated":true}]}}