{"id":776279,"date":"2025-06-13T10:44:41","date_gmt":"2025-06-13T07:44:41","guid":{"rendered":"https:\/\/nextsnkr.com\/product\/adidas-originals-white\/"},"modified":"2026-01-31T18:54:46","modified_gmt":"2026-01-31T15:54:46","slug":"adidas-originals-white","status":"publish","type":"product","link":"https:\/\/nextsnkr.com\/fr\/produit\/adidas-originals-white\/","title":{"rendered":"Adidas Originals White-baskets en cuir blanc pour le style quotidien"},"content":{"rendered":"<h2>Adidas Originals White-baskets en cuir blanc pour le style quotidien<\/h2>\n<p>Les baskets Adidas Originals White allient design classique et confort moderne. Le mod\u00e8le est fait de cuir v\u00e9ritable, ce qui assure la force, la durabilit\u00e9 et un ajustement agr\u00e9able. Fabriqu\u00e9es au Vietnam, ces baskets sont parfaites pour un usage quotidien, se marient facilement avec n&rsquo;importe quelle garde-robe et ajoutent un accent \u00e9l\u00e9gant au look. Adidas Originals White est un choix fiable pour ceux qui appr\u00e9cient le confort, la qualit\u00e9 et les classiques en un.<\/p>\n","protected":false},"excerpt":{"rendered":"<p>Les baskets Adidas Originals White allient design classique et confort moderne. Le mod\u00e8le est fait de cuir v\u00e9ritable, ce qui assure la force, la durabilit\u00e9 et un ajustement agr\u00e9able. Fabriqu\u00e9es au Vietnam, ces baskets sont parfaites pour un usage quotidien, se marient facilement avec n&rsquo;importe quelle garde-robe et ajoutent un accent \u00e9l\u00e9gant au look. Adidas Originals White est un choix fiable pour ceux qui appr\u00e9cient le confort, la qualit\u00e9 et les classiques en un.<\/p>\n","protected":false},"featured_media":776280,"comment_status":"open","ping_status":"open","template":"","meta":[],"product_brand":[],"product_cat":[3212,3319],"product_tag":[],"class_list":{"0":"post-776279","1":"product","2":"type-product","3":"status-publish","4":"has-post-thumbnail","6":"product_cat-all-product","7":"product_cat-kedy","8":"pa_rozmir-910","9":"pa_rozmir-912","10":"pa_rozmir-914","11":"pa_rozmir-915","12":"pa_rozmir-916","13":"pa_rozmir-917","14":"pa_rozmir-918","15":"pa_rozmir-919","16":"pa_rozmir-920","17":"pa_rozmir-921","18":"pa_rozmir-922","20":"first","21":"onbackorder","22":"purchasable","23":"product-type-variable"},"_links":{"self":[{"href":"https:\/\/nextsnkr.com\/fr\/wp-json\/wp\/v2\/product\/776279","targetHints":{"allow":["GET"]}}],"collection":[{"href":"https:\/\/nextsnkr.com\/fr\/wp-json\/wp\/v2\/product"}],"about":[{"href":"https:\/\/nextsnkr.com\/fr\/wp-json\/wp\/v2\/types\/product"}],"replies":[{"embeddable":true,"href":"https:\/\/nextsnkr.com\/fr\/wp-json\/wp\/v2\/comments?post=776279"}],"version-history":[{"count":0,"href":"https:\/\/nextsnkr.com\/fr\/wp-json\/wp\/v2\/product\/776279\/revisions"}],"wp:featuredmedia":[{"embeddable":true,"href":"https:\/\/nextsnkr.com\/fr\/wp-json\/wp\/v2\/media\/776280"}],"wp:attachment":[{"href":"https:\/\/nextsnkr.com\/fr\/wp-json\/wp\/v2\/media?parent=776279"}],"wp:term":[{"taxonomy":"product_brand","embeddable":true,"href":"https:\/\/nextsnkr.com\/fr\/wp-json\/wp\/v2\/product_brand?post=776279"},{"taxonomy":"product_cat","embeddable":true,"href":"https:\/\/nextsnkr.com\/fr\/wp-json\/wp\/v2\/product_cat?post=776279"},{"taxonomy":"product_tag","embeddable":true,"href":"https:\/\/nextsnkr.com\/fr\/wp-json\/wp\/v2\/product_tag?post=776279"}],"curies":[{"name":"wp","href":"https:\/\/api.w.org\/{rel}","templated":true}]}}