{"id":775602,"date":"2025-06-13T10:47:25","date_gmt":"2025-06-13T07:47:25","guid":{"rendered":"https:\/\/nextsnkr.com\/product\/nike-air-force-1-white-black\/"},"modified":"2026-01-31T18:54:28","modified_gmt":"2026-01-31T15:54:28","slug":"nike-air-force-1-white-black","status":"publish","type":"product","link":"https:\/\/nextsnkr.com\/fr\/produit\/nike-air-force-1-white-black\/","title":{"rendered":"Baskets Nike air Force 1 White Black-cuir, \u00e9l\u00e9gant et polyvalent"},"content":{"rendered":"<h2>Baskets Nike air Force 1 White Black-cuir, \u00e9l\u00e9gant et polyvalent<\/h2>\n<p>Les baskets Nike air Force 1 White Black sont fabriqu\u00e9es en cuir de haute qualit\u00e9 pour une durabilit\u00e9, une durabilit\u00e9 et un confort au quotidien. La combinaison classique du blanc et du noir rend le mod\u00e8le universel pour n&rsquo;importe quelle image. La semelle amortissante garantit une d\u00e9marche douce et un soutien du pied. La fabrication de qualit\u00e9 au Vietnam confirme la fiabilit\u00e9 et le confort de la vapeur. Choisissez Nike Air Force 1-un style l\u00e9gendaire \u00e0 chaque \u00e9tape.<\/p>\n","protected":false},"excerpt":{"rendered":"<p>Les baskets Nike air Force 1 White Black sont fabriqu\u00e9es en cuir de haute qualit\u00e9 pour une durabilit\u00e9, une durabilit\u00e9 et un confort au quotidien. La combinaison classique du blanc et du noir rend le mod\u00e8le universel pour n&rsquo;importe quelle image. La semelle amortissante garantit une d\u00e9marche douce et un soutien du pied. La fabrication de qualit\u00e9 au Vietnam confirme la fiabilit\u00e9 et le confort de la vapeur. Choisissez Nike Air Force 1-un style l\u00e9gendaire \u00e0 chaque \u00e9tape.<\/p>\n","protected":false},"featured_media":775603,"comment_status":"open","ping_status":"open","template":"","meta":[],"product_brand":[],"product_cat":[3212,3319],"product_tag":[],"class_list":{"0":"post-775602","1":"product","2":"type-product","3":"status-publish","4":"has-post-thumbnail","6":"product_cat-all-product","7":"product_cat-kedy","8":"pa_rozmir-910","9":"pa_rozmir-912","10":"pa_rozmir-914","11":"pa_rozmir-915","12":"pa_rozmir-916","13":"pa_rozmir-917","14":"pa_rozmir-918","15":"pa_rozmir-919","16":"pa_rozmir-920","17":"pa_rozmir-921","18":"pa_rozmir-922","20":"first","21":"onbackorder","22":"purchasable","23":"product-type-variable"},"_links":{"self":[{"href":"https:\/\/nextsnkr.com\/fr\/wp-json\/wp\/v2\/product\/775602","targetHints":{"allow":["GET"]}}],"collection":[{"href":"https:\/\/nextsnkr.com\/fr\/wp-json\/wp\/v2\/product"}],"about":[{"href":"https:\/\/nextsnkr.com\/fr\/wp-json\/wp\/v2\/types\/product"}],"replies":[{"embeddable":true,"href":"https:\/\/nextsnkr.com\/fr\/wp-json\/wp\/v2\/comments?post=775602"}],"version-history":[{"count":0,"href":"https:\/\/nextsnkr.com\/fr\/wp-json\/wp\/v2\/product\/775602\/revisions"}],"wp:featuredmedia":[{"embeddable":true,"href":"https:\/\/nextsnkr.com\/fr\/wp-json\/wp\/v2\/media\/775603"}],"wp:attachment":[{"href":"https:\/\/nextsnkr.com\/fr\/wp-json\/wp\/v2\/media?parent=775602"}],"wp:term":[{"taxonomy":"product_brand","embeddable":true,"href":"https:\/\/nextsnkr.com\/fr\/wp-json\/wp\/v2\/product_brand?post=775602"},{"taxonomy":"product_cat","embeddable":true,"href":"https:\/\/nextsnkr.com\/fr\/wp-json\/wp\/v2\/product_cat?post=775602"},{"taxonomy":"product_tag","embeddable":true,"href":"https:\/\/nextsnkr.com\/fr\/wp-json\/wp\/v2\/product_tag?post=775602"}],"curies":[{"name":"wp","href":"https:\/\/api.w.org\/{rel}","templated":true}]}}