{"id":774077,"date":"2025-06-13T10:52:18","date_gmt":"2025-06-13T07:52:18","guid":{"rendered":"https:\/\/nextsnkr.com\/product\/nike-air-force-shadow-beige\/"},"modified":"2026-01-31T18:53:38","modified_gmt":"2026-01-31T15:53:38","slug":"nike-air-force-shadow-beige-2","status":"publish","type":"product","link":"https:\/\/nextsnkr.com\/fr\/produit\/nike-air-force-shadow-beige-2\/","title":{"rendered":"Nike air Force Shadow Beige cuir-style et confort quotidien"},"content":{"rendered":"<h2>Nike air Force Shadow Beige cuir-style et confort quotidien<\/h2>\n<p>Les baskets en cuir Nike air Force Shadow Beige allient durabilit\u00e9, confort et design moderne. Le mod\u00e8le offre un ajustement confortable, la durabilit\u00e9 du mat\u00e9riau et une nuance beige \u00e9l\u00e9gante qui convient \u00e0 tous les looks. Id\u00e9al pour un mode de vie actif et une utilisation quotidienne. Choisissez Nike Air Force Shadow-look tendance, qualit\u00e9 du cuir et fiabilit\u00e9 \u00e0 chaque \u00e9tape.<\/p>\n","protected":false},"excerpt":{"rendered":"<p>Les baskets en cuir Nike air Force Shadow Beige allient durabilit\u00e9, confort et design moderne. Le mod\u00e8le offre un ajustement confortable, la durabilit\u00e9 du mat\u00e9riau et une nuance beige \u00e9l\u00e9gante qui convient \u00e0 tous les looks. Id\u00e9al pour un mode de vie actif et une utilisation quotidienne. Choisissez Nike Air Force Shadow-look tendance, qualit\u00e9 du cuir et fiabilit\u00e9 \u00e0 chaque \u00e9tape.<\/p>\n","protected":false},"featured_media":774078,"comment_status":"open","ping_status":"open","template":"","meta":[],"product_brand":[],"product_cat":[3212,3319],"product_tag":[],"class_list":{"0":"post-774077","1":"product","2":"type-product","3":"status-publish","4":"has-post-thumbnail","6":"product_cat-all-product","7":"product_cat-kedy","8":"pa_rozmir-910","9":"pa_rozmir-912","10":"pa_rozmir-914","11":"pa_rozmir-915","12":"pa_rozmir-916","13":"pa_rozmir-917","14":"pa_rozmir-918","15":"pa_rozmir-919","16":"pa_rozmir-920","17":"pa_rozmir-921","18":"pa_rozmir-922","20":"first","21":"instock","22":"purchasable","23":"product-type-variable"},"_links":{"self":[{"href":"https:\/\/nextsnkr.com\/fr\/wp-json\/wp\/v2\/product\/774077","targetHints":{"allow":["GET"]}}],"collection":[{"href":"https:\/\/nextsnkr.com\/fr\/wp-json\/wp\/v2\/product"}],"about":[{"href":"https:\/\/nextsnkr.com\/fr\/wp-json\/wp\/v2\/types\/product"}],"replies":[{"embeddable":true,"href":"https:\/\/nextsnkr.com\/fr\/wp-json\/wp\/v2\/comments?post=774077"}],"version-history":[{"count":0,"href":"https:\/\/nextsnkr.com\/fr\/wp-json\/wp\/v2\/product\/774077\/revisions"}],"wp:featuredmedia":[{"embeddable":true,"href":"https:\/\/nextsnkr.com\/fr\/wp-json\/wp\/v2\/media\/774078"}],"wp:attachment":[{"href":"https:\/\/nextsnkr.com\/fr\/wp-json\/wp\/v2\/media?parent=774077"}],"wp:term":[{"taxonomy":"product_brand","embeddable":true,"href":"https:\/\/nextsnkr.com\/fr\/wp-json\/wp\/v2\/product_brand?post=774077"},{"taxonomy":"product_cat","embeddable":true,"href":"https:\/\/nextsnkr.com\/fr\/wp-json\/wp\/v2\/product_cat?post=774077"},{"taxonomy":"product_tag","embeddable":true,"href":"https:\/\/nextsnkr.com\/fr\/wp-json\/wp\/v2\/product_tag?post=774077"}],"curies":[{"name":"wp","href":"https:\/\/api.w.org\/{rel}","templated":true}]}}