{"id":771484,"date":"2025-06-13T10:57:13","date_gmt":"2025-06-13T07:57:13","guid":{"rendered":"https:\/\/nextsnkr.com\/product\/nike-af1-lx-chrome-swooshees-white\/"},"modified":"2026-01-31T18:52:39","modified_gmt":"2026-01-31T15:52:39","slug":"nike-af1-lx-chrome-swooshees-white","status":"publish","type":"product","link":"https:\/\/nextsnkr.com\/fr\/produit\/nike-af1-lx-chrome-swooshees-white\/","title":{"rendered":"Baskets Nike AF1 LX chrome Swooshees White-baskets \u00e9l\u00e9gantes en cuir"},"content":{"rendered":"<h2>Baskets Nike AF1 LX chrome Swooshees White-baskets \u00e9l\u00e9gantes en cuir<\/h2>\n<p>Les baskets Nike AF1 LX chrome Swooshees White sont fabriqu\u00e9es en cuir v\u00e9ritable de haute qualit\u00e9, ce qui garantit durabilit\u00e9 et confort lors de l&rsquo;utilisation quotidienne. Les \u00e9l\u00e9ments chrom\u00e9s vifs et Le logo swoosh reconnaissable conf\u00e8rent au mod\u00e8le un look moderne et \u00e9l\u00e9gant. La semelle l\u00e9g\u00e8re offre amorti et confort pendant la marche. Choisissez Nike AF1 LX chrome Swooshees White pour accentuer votre style et compl\u00e9ter votre garde-robe avec des baskets haut de gamme pour la vie urbaine.<\/p>\n","protected":false},"excerpt":{"rendered":"<p>Les baskets Nike AF1 LX chrome Swooshees White sont fabriqu\u00e9es en cuir v\u00e9ritable de haute qualit\u00e9, ce qui garantit durabilit\u00e9 et confort lors de l&rsquo;utilisation quotidienne. Les \u00e9l\u00e9ments chrom\u00e9s vifs et Le logo swoosh reconnaissable conf\u00e8rent au mod\u00e8le un look moderne et \u00e9l\u00e9gant. La semelle l\u00e9g\u00e8re offre amorti et confort pendant la marche. Choisissez Nike AF1 LX chrome Swooshees White pour accentuer votre style et compl\u00e9ter votre garde-robe avec des baskets haut de gamme pour la vie urbaine.<\/p>\n","protected":false},"featured_media":771485,"comment_status":"open","ping_status":"open","template":"","meta":[],"product_brand":[],"product_cat":[3212,3319],"product_tag":[],"class_list":{"0":"post-771484","1":"product","2":"type-product","3":"status-publish","4":"has-post-thumbnail","6":"product_cat-all-product","7":"product_cat-kedy","8":"pa_rozmir-910","9":"pa_rozmir-912","10":"pa_rozmir-914","11":"pa_rozmir-915","12":"pa_rozmir-916","13":"pa_rozmir-917","14":"pa_rozmir-918","15":"pa_rozmir-919","16":"pa_rozmir-920","17":"pa_rozmir-921","18":"pa_rozmir-922","20":"first","21":"onbackorder","22":"purchasable","23":"product-type-variable"},"_links":{"self":[{"href":"https:\/\/nextsnkr.com\/fr\/wp-json\/wp\/v2\/product\/771484","targetHints":{"allow":["GET"]}}],"collection":[{"href":"https:\/\/nextsnkr.com\/fr\/wp-json\/wp\/v2\/product"}],"about":[{"href":"https:\/\/nextsnkr.com\/fr\/wp-json\/wp\/v2\/types\/product"}],"replies":[{"embeddable":true,"href":"https:\/\/nextsnkr.com\/fr\/wp-json\/wp\/v2\/comments?post=771484"}],"version-history":[{"count":0,"href":"https:\/\/nextsnkr.com\/fr\/wp-json\/wp\/v2\/product\/771484\/revisions"}],"wp:featuredmedia":[{"embeddable":true,"href":"https:\/\/nextsnkr.com\/fr\/wp-json\/wp\/v2\/media\/771485"}],"wp:attachment":[{"href":"https:\/\/nextsnkr.com\/fr\/wp-json\/wp\/v2\/media?parent=771484"}],"wp:term":[{"taxonomy":"product_brand","embeddable":true,"href":"https:\/\/nextsnkr.com\/fr\/wp-json\/wp\/v2\/product_brand?post=771484"},{"taxonomy":"product_cat","embeddable":true,"href":"https:\/\/nextsnkr.com\/fr\/wp-json\/wp\/v2\/product_cat?post=771484"},{"taxonomy":"product_tag","embeddable":true,"href":"https:\/\/nextsnkr.com\/fr\/wp-json\/wp\/v2\/product_tag?post=771484"}],"curies":[{"name":"wp","href":"https:\/\/api.w.org\/{rel}","templated":true}]}}