{"id":771314,"date":"2025-06-13T10:58:09","date_gmt":"2025-06-13T07:58:09","guid":{"rendered":"https:\/\/nextsnkr.com\/product\/nike-af1-lx-chrome-swooshees-white-black\/"},"modified":"2026-01-31T18:52:35","modified_gmt":"2026-01-31T15:52:35","slug":"nike-af1-lx-chrome-swooshees-white-black","status":"publish","type":"product","link":"https:\/\/nextsnkr.com\/fr\/produit\/nike-af1-lx-chrome-swooshees-white-black\/","title":{"rendered":"Baskets Nike AF1 LX chrome Swooshes blanc \/ noir en cuir-style Premium"},"content":{"rendered":"<h2>Baskets Nike AF1 LX chrome Swooshes blanc \/ noir en cuir-style Premium<\/h2>\n<p>Les baskets Nike AF1 LX Chrome swooshes White \/ Black sont le l\u00e9gendaire design Air Force 1 dans une version Premium. Le cuir v\u00e9ritable offre une r\u00e9sistance et une durabilit\u00e9 \u00e9lev\u00e9es, tandis que les logos chrom\u00e9s ajoutent un accent unique et un look \u00e9l\u00e9gant. Fabriqu\u00e9s au Vietnam, ils garantissent confort, ajustement s\u00fbr et polyvalence dans les looks de tous les jours. Un choix id\u00e9al pour les connaisseurs de chaussures de qualit\u00e9.<\/p>\n","protected":false},"excerpt":{"rendered":"<p>Les baskets Nike AF1 LX Chrome swooshes White \/ Black sont le l\u00e9gendaire design Air Force 1 dans une version Premium. Le cuir v\u00e9ritable offre une r\u00e9sistance et une durabilit\u00e9 \u00e9lev\u00e9es, tandis que les logos chrom\u00e9s ajoutent un accent unique et un look \u00e9l\u00e9gant. Fabriqu\u00e9s au Vietnam, ils garantissent confort, ajustement s\u00fbr et polyvalence dans les looks de tous les jours. Un choix id\u00e9al pour les connaisseurs de chaussures de qualit\u00e9.<\/p>\n","protected":false},"featured_media":771315,"comment_status":"open","ping_status":"open","template":"","meta":[],"product_brand":[],"product_cat":[3212,3319],"product_tag":[],"class_list":{"0":"post-771314","1":"product","2":"type-product","3":"status-publish","4":"has-post-thumbnail","6":"product_cat-all-product","7":"product_cat-kedy","8":"pa_rozmir-910","9":"pa_rozmir-912","10":"pa_rozmir-914","11":"pa_rozmir-915","12":"pa_rozmir-916","13":"pa_rozmir-917","14":"pa_rozmir-918","15":"pa_rozmir-919","16":"pa_rozmir-920","17":"pa_rozmir-921","18":"pa_rozmir-922","20":"first","21":"onbackorder","22":"purchasable","23":"product-type-variable"},"_links":{"self":[{"href":"https:\/\/nextsnkr.com\/fr\/wp-json\/wp\/v2\/product\/771314","targetHints":{"allow":["GET"]}}],"collection":[{"href":"https:\/\/nextsnkr.com\/fr\/wp-json\/wp\/v2\/product"}],"about":[{"href":"https:\/\/nextsnkr.com\/fr\/wp-json\/wp\/v2\/types\/product"}],"replies":[{"embeddable":true,"href":"https:\/\/nextsnkr.com\/fr\/wp-json\/wp\/v2\/comments?post=771314"}],"version-history":[{"count":0,"href":"https:\/\/nextsnkr.com\/fr\/wp-json\/wp\/v2\/product\/771314\/revisions"}],"wp:featuredmedia":[{"embeddable":true,"href":"https:\/\/nextsnkr.com\/fr\/wp-json\/wp\/v2\/media\/771315"}],"wp:attachment":[{"href":"https:\/\/nextsnkr.com\/fr\/wp-json\/wp\/v2\/media?parent=771314"}],"wp:term":[{"taxonomy":"product_brand","embeddable":true,"href":"https:\/\/nextsnkr.com\/fr\/wp-json\/wp\/v2\/product_brand?post=771314"},{"taxonomy":"product_cat","embeddable":true,"href":"https:\/\/nextsnkr.com\/fr\/wp-json\/wp\/v2\/product_cat?post=771314"},{"taxonomy":"product_tag","embeddable":true,"href":"https:\/\/nextsnkr.com\/fr\/wp-json\/wp\/v2\/product_tag?post=771314"}],"curies":[{"name":"wp","href":"https:\/\/api.w.org\/{rel}","templated":true}]}}