{"id":770708,"date":"2025-06-17T22:49:20","date_gmt":"2025-06-17T19:49:20","guid":{"rendered":"https:\/\/nextsnkr.com\/product\/north-face-dark-blue\/"},"modified":"2026-01-31T18:52:02","modified_gmt":"2026-01-31T15:52:02","slug":"north-face-dark-blue","status":"publish","type":"product","link":"https:\/\/nextsnkr.com\/fr\/produit\/north-face-dark-blue\/","title":{"rendered":"Chapeau NORTH FACE Dark Blue-acrylique, taille Universelle"},"content":{"rendered":"<h2>Chapeau NORTH FACE Dark Blue-acrylique, taille Universelle<\/h2>\n<p>Le chapeau NORTH FACE Dark Blue est fabriqu\u00e9 en acrylique de qualit\u00e9, offrant chaleur et confort par temps froid. La taille polyvalente s&rsquo;adapte \u00e0 la plupart et la broderie volumineuse ajoute un accent \u00e9l\u00e9gant \u00e0 votre look. Facile \u00e0 entretenir \u2014 lavable \u00e0 30\u00b0C. id\u00e9al pour les activit\u00e9s de plein air, la marche et l&rsquo;utilisation quotidienne, le chapeau NORTH FACE Dark Blue allie fonctionnalit\u00e9, durabilit\u00e9 et design \u00e0 la mode.<\/p>\n","protected":false},"excerpt":{"rendered":"<p>Le chapeau NORTH FACE Dark Blue est fabriqu\u00e9 en acrylique de qualit\u00e9, offrant chaleur et confort par temps froid. La taille polyvalente s&rsquo;adapte \u00e0 la plupart et la broderie volumineuse ajoute un accent \u00e9l\u00e9gant \u00e0 votre look. Facile \u00e0 entretenir \u2014 lavable \u00e0 30\u00b0C. id\u00e9al pour les activit\u00e9s de plein air, la marche et l&rsquo;utilisation quotidienne, le chapeau NORTH FACE Dark Blue allie fonctionnalit\u00e9, durabilit\u00e9 et design \u00e0 la mode.<\/p>\n","protected":false},"featured_media":770709,"comment_status":"open","ping_status":"open","template":"","meta":[],"product_brand":[],"product_cat":[3212,4449],"product_tag":[],"class_list":{"0":"post-770708","1":"product","2":"type-product","3":"status-publish","4":"has-post-thumbnail","6":"product_cat-all-product","7":"product_cat-shapky","8":"pa_rozmir-one-size","10":"first","11":"instock","12":"purchasable","13":"product-type-simple"},"_links":{"self":[{"href":"https:\/\/nextsnkr.com\/fr\/wp-json\/wp\/v2\/product\/770708","targetHints":{"allow":["GET"]}}],"collection":[{"href":"https:\/\/nextsnkr.com\/fr\/wp-json\/wp\/v2\/product"}],"about":[{"href":"https:\/\/nextsnkr.com\/fr\/wp-json\/wp\/v2\/types\/product"}],"replies":[{"embeddable":true,"href":"https:\/\/nextsnkr.com\/fr\/wp-json\/wp\/v2\/comments?post=770708"}],"version-history":[{"count":0,"href":"https:\/\/nextsnkr.com\/fr\/wp-json\/wp\/v2\/product\/770708\/revisions"}],"wp:featuredmedia":[{"embeddable":true,"href":"https:\/\/nextsnkr.com\/fr\/wp-json\/wp\/v2\/media\/770709"}],"wp:attachment":[{"href":"https:\/\/nextsnkr.com\/fr\/wp-json\/wp\/v2\/media?parent=770708"}],"wp:term":[{"taxonomy":"product_brand","embeddable":true,"href":"https:\/\/nextsnkr.com\/fr\/wp-json\/wp\/v2\/product_brand?post=770708"},{"taxonomy":"product_cat","embeddable":true,"href":"https:\/\/nextsnkr.com\/fr\/wp-json\/wp\/v2\/product_cat?post=770708"},{"taxonomy":"product_tag","embeddable":true,"href":"https:\/\/nextsnkr.com\/fr\/wp-json\/wp\/v2\/product_tag?post=770708"}],"curies":[{"name":"wp","href":"https:\/\/api.w.org\/{rel}","templated":true}]}}