{"id":770582,"date":"2025-06-13T11:06:34","date_gmt":"2025-06-13T08:06:34","guid":{"rendered":"https:\/\/nextsnkr.com\/product\/adidas-yeezy-boost-black\/"},"modified":"2026-01-31T18:52:08","modified_gmt":"2026-01-31T15:52:08","slug":"adidas-yeezy-boost-black","status":"publish","type":"product","link":"https:\/\/nextsnkr.com\/fr\/produit\/adidas-yeezy-boost-black\/","title":{"rendered":"Baskets Adidas Yeezy Boost Black-style et confort tous les jours"},"content":{"rendered":"<h2>Baskets Adidas Yeezy Boost Black-style et confort tous les jours<\/h2>\n<p>Les baskets Adidas Yeezy Boost Black sont une combinaison de design tendance, de l\u00e9g\u00e8ret\u00e9 et de confort \u00e9lev\u00e9. Le mod\u00e8le est fabriqu\u00e9 \u00e0 partir de Textiles de qualit\u00e9, ce qui procure une ventilation et une sensation agr\u00e9able pendant le port. Gr\u00e2ce \u00e0 la semelle amortie Boost, les chaussures conviennent \u00e0 une utilisation quotidienne, aux activit\u00e9s de plein air et aux promenades en ville. Le design noir \u00e9l\u00e9gant est facile \u00e0 assortir avec n&rsquo;importe quelle fa\u00e7on. Choisissez Yeezy Boost pour un confort maximal et un style confiant.<\/p>\n","protected":false},"excerpt":{"rendered":"<p>Les baskets Adidas Yeezy Boost Black sont une combinaison de design tendance, de l\u00e9g\u00e8ret\u00e9 et de confort \u00e9lev\u00e9. Le mod\u00e8le est fabriqu\u00e9 \u00e0 partir de Textiles de qualit\u00e9, ce qui procure une ventilation et une sensation agr\u00e9able pendant le port. Gr\u00e2ce \u00e0 la semelle amortie Boost, les chaussures conviennent \u00e0 une utilisation quotidienne, aux activit\u00e9s de plein air et aux promenades en ville. Le design noir \u00e9l\u00e9gant est facile \u00e0 assortir avec n&rsquo;importe quelle fa\u00e7on. Choisissez Yeezy Boost pour un confort maximal et un style confiant.<\/p>\n","protected":false},"featured_media":770583,"comment_status":"open","ping_status":"open","template":"","meta":[],"product_brand":[],"product_cat":[3397,3212,3213],"product_tag":[],"class_list":{"0":"post-770582","1":"product","2":"type-product","3":"status-publish","4":"has-post-thumbnail","6":"product_cat-adidas-yeezy","7":"product_cat-all-product","8":"product_cat-krosivky","9":"pa_rozmir-910","10":"pa_rozmir-912","11":"pa_rozmir-914","12":"pa_rozmir-915","13":"pa_rozmir-916","14":"pa_rozmir-917","15":"pa_rozmir-918","16":"pa_rozmir-919","17":"pa_rozmir-920","18":"pa_rozmir-921","19":"pa_rozmir-922","21":"first","22":"onbackorder","23":"purchasable","24":"product-type-variable"},"_links":{"self":[{"href":"https:\/\/nextsnkr.com\/fr\/wp-json\/wp\/v2\/product\/770582","targetHints":{"allow":["GET"]}}],"collection":[{"href":"https:\/\/nextsnkr.com\/fr\/wp-json\/wp\/v2\/product"}],"about":[{"href":"https:\/\/nextsnkr.com\/fr\/wp-json\/wp\/v2\/types\/product"}],"replies":[{"embeddable":true,"href":"https:\/\/nextsnkr.com\/fr\/wp-json\/wp\/v2\/comments?post=770582"}],"version-history":[{"count":0,"href":"https:\/\/nextsnkr.com\/fr\/wp-json\/wp\/v2\/product\/770582\/revisions"}],"wp:featuredmedia":[{"embeddable":true,"href":"https:\/\/nextsnkr.com\/fr\/wp-json\/wp\/v2\/media\/770583"}],"wp:attachment":[{"href":"https:\/\/nextsnkr.com\/fr\/wp-json\/wp\/v2\/media?parent=770582"}],"wp:term":[{"taxonomy":"product_brand","embeddable":true,"href":"https:\/\/nextsnkr.com\/fr\/wp-json\/wp\/v2\/product_brand?post=770582"},{"taxonomy":"product_cat","embeddable":true,"href":"https:\/\/nextsnkr.com\/fr\/wp-json\/wp\/v2\/product_cat?post=770582"},{"taxonomy":"product_tag","embeddable":true,"href":"https:\/\/nextsnkr.com\/fr\/wp-json\/wp\/v2\/product_tag?post=770582"}],"curies":[{"name":"wp","href":"https:\/\/api.w.org\/{rel}","templated":true}]}}