{"id":770327,"date":"2025-06-17T22:49:30","date_gmt":"2025-06-17T19:49:30","guid":{"rendered":"https:\/\/nextsnkr.com\/product\/champion-white\/"},"modified":"2026-01-31T18:51:44","modified_gmt":"2026-01-31T15:51:44","slug":"champion-white","status":"publish","type":"product","link":"https:\/\/nextsnkr.com\/fr\/produit\/champion-white\/","title":{"rendered":"Chapeau CHAMPION White-acrylique polyvalent avec broderie"},"content":{"rendered":"<h2>Chapeau CHAMPION White-acrylique polyvalent avec broderie<\/h2>\n<p>Le chapeau \u00e9l\u00e9gant CHAMPION White est fabriqu\u00e9 en acrylique de qualit\u00e9, offrant chaleur et confort par temps froid. La taille universelle s&rsquo;adapte \u00e0 la plupart, et la broderie volumineuse ajoute un accent \u00e0 la mode \u00e0 votre look. Facile \u00e0 entretenir &#8211; lavable \u00e0 30 degr\u00e9s. Parfait pour porter tous les jours et cr\u00e9er un style sportif ou d\u00e9contract\u00e9. Choisissez CHAMPION White pour un look confortable et \u00e9l\u00e9gant en toute saison.<\/p>\n","protected":false},"excerpt":{"rendered":"<p>Le chapeau \u00e9l\u00e9gant CHAMPION White est fabriqu\u00e9 en acrylique de qualit\u00e9, offrant chaleur et confort par temps froid. La taille universelle s&rsquo;adapte \u00e0 la plupart, et la broderie volumineuse ajoute un accent \u00e0 la mode \u00e0 votre look. Facile \u00e0 entretenir &#8211; lavable \u00e0 30 degr\u00e9s. Parfait pour porter tous les jours et cr\u00e9er un style sportif ou d\u00e9contract\u00e9. Choisissez CHAMPION White pour un look confortable et \u00e9l\u00e9gant en toute saison.<\/p>\n","protected":false},"featured_media":770330,"comment_status":"open","ping_status":"open","template":"","meta":[],"product_brand":[],"product_cat":[3212,4449],"product_tag":[],"class_list":{"0":"post-770327","1":"product","2":"type-product","3":"status-publish","4":"has-post-thumbnail","6":"product_cat-all-product","7":"product_cat-shapky","8":"pa_rozmir-one-size","10":"first","11":"instock","12":"purchasable","13":"product-type-simple"},"_links":{"self":[{"href":"https:\/\/nextsnkr.com\/fr\/wp-json\/wp\/v2\/product\/770327","targetHints":{"allow":["GET"]}}],"collection":[{"href":"https:\/\/nextsnkr.com\/fr\/wp-json\/wp\/v2\/product"}],"about":[{"href":"https:\/\/nextsnkr.com\/fr\/wp-json\/wp\/v2\/types\/product"}],"replies":[{"embeddable":true,"href":"https:\/\/nextsnkr.com\/fr\/wp-json\/wp\/v2\/comments?post=770327"}],"version-history":[{"count":0,"href":"https:\/\/nextsnkr.com\/fr\/wp-json\/wp\/v2\/product\/770327\/revisions"}],"wp:featuredmedia":[{"embeddable":true,"href":"https:\/\/nextsnkr.com\/fr\/wp-json\/wp\/v2\/media\/770330"}],"wp:attachment":[{"href":"https:\/\/nextsnkr.com\/fr\/wp-json\/wp\/v2\/media?parent=770327"}],"wp:term":[{"taxonomy":"product_brand","embeddable":true,"href":"https:\/\/nextsnkr.com\/fr\/wp-json\/wp\/v2\/product_brand?post=770327"},{"taxonomy":"product_cat","embeddable":true,"href":"https:\/\/nextsnkr.com\/fr\/wp-json\/wp\/v2\/product_cat?post=770327"},{"taxonomy":"product_tag","embeddable":true,"href":"https:\/\/nextsnkr.com\/fr\/wp-json\/wp\/v2\/product_tag?post=770327"}],"curies":[{"name":"wp","href":"https:\/\/api.w.org\/{rel}","templated":true}]}}