{"id":769396,"date":"2025-06-17T22:49:54","date_gmt":"2025-06-17T19:49:54","guid":{"rendered":"https:\/\/nextsnkr.com\/product\/anti-social-club-grey\/"},"modified":"2026-01-31T18:50:55","modified_gmt":"2026-01-31T15:50:55","slug":"anti-social-club-grey","status":"publish","type":"product","link":"https:\/\/nextsnkr.com\/fr\/produit\/anti-social-club-grey\/","title":{"rendered":"Chapeau ANTI SOCIAL Club Grey &#8211; acrylique polyvalent avec broderie volum\u00e9trique"},"content":{"rendered":"<h2>Chapeau ANTI SOCIAL Club Grey &#8211; acrylique polyvalent avec broderie volum\u00e9trique<\/h2>\n<p>Le bonnet ANTI SOCIAL Club Grey est fabriqu\u00e9 \u00e0 partir d&rsquo;acrylique doux et chaud qui garde la chaleur m\u00eame par temps froid. La taille universelle s&rsquo;adapte \u00e0 toutes les t\u00eates et la broderie volumineuse \u00e9l\u00e9gante met en valeur le look \u00e0 la mode et la personnalit\u00e9. Facile \u00e0 entretenir, lavable \u00e0 30\u00b0C, ce bonnet est id\u00e9al pour un usage quotidien, des sorties en plein air et des activit\u00e9s de plein air. L&rsquo;accessoire \u00e9l\u00e9gant de LA marque anti SOCIAL CLUB allie confort, praticit\u00e9 et design moderne.<\/p>\n","protected":false},"excerpt":{"rendered":"<p>Le bonnet ANTI SOCIAL Club Grey est fabriqu\u00e9 \u00e0 partir d&rsquo;acrylique doux et chaud qui garde la chaleur m\u00eame par temps froid. La taille universelle s&rsquo;adapte \u00e0 toutes les t\u00eates et la broderie volumineuse \u00e9l\u00e9gante met en valeur le look \u00e0 la mode et la personnalit\u00e9. Facile \u00e0 entretenir, lavable \u00e0 30\u00b0C, ce bonnet est id\u00e9al pour un usage quotidien, des sorties en plein air et des activit\u00e9s de plein air. L&rsquo;accessoire \u00e9l\u00e9gant de LA marque anti SOCIAL CLUB allie confort, praticit\u00e9 et design moderne.<\/p>\n","protected":false},"featured_media":769403,"comment_status":"open","ping_status":"open","template":"","meta":[],"product_brand":[],"product_cat":[3212,4449],"product_tag":[],"class_list":{"0":"post-769396","1":"product","2":"type-product","3":"status-publish","4":"has-post-thumbnail","6":"product_cat-all-product","7":"product_cat-shapky","8":"pa_rozmir-one-size","10":"first","11":"instock","12":"purchasable","13":"product-type-simple"},"_links":{"self":[{"href":"https:\/\/nextsnkr.com\/fr\/wp-json\/wp\/v2\/product\/769396","targetHints":{"allow":["GET"]}}],"collection":[{"href":"https:\/\/nextsnkr.com\/fr\/wp-json\/wp\/v2\/product"}],"about":[{"href":"https:\/\/nextsnkr.com\/fr\/wp-json\/wp\/v2\/types\/product"}],"replies":[{"embeddable":true,"href":"https:\/\/nextsnkr.com\/fr\/wp-json\/wp\/v2\/comments?post=769396"}],"version-history":[{"count":0,"href":"https:\/\/nextsnkr.com\/fr\/wp-json\/wp\/v2\/product\/769396\/revisions"}],"wp:featuredmedia":[{"embeddable":true,"href":"https:\/\/nextsnkr.com\/fr\/wp-json\/wp\/v2\/media\/769403"}],"wp:attachment":[{"href":"https:\/\/nextsnkr.com\/fr\/wp-json\/wp\/v2\/media?parent=769396"}],"wp:term":[{"taxonomy":"product_brand","embeddable":true,"href":"https:\/\/nextsnkr.com\/fr\/wp-json\/wp\/v2\/product_brand?post=769396"},{"taxonomy":"product_cat","embeddable":true,"href":"https:\/\/nextsnkr.com\/fr\/wp-json\/wp\/v2\/product_cat?post=769396"},{"taxonomy":"product_tag","embeddable":true,"href":"https:\/\/nextsnkr.com\/fr\/wp-json\/wp\/v2\/product_tag?post=769396"}],"curies":[{"name":"wp","href":"https:\/\/api.w.org\/{rel}","templated":true}]}}