{"id":766232,"date":"2025-06-13T11:21:03","date_gmt":"2025-06-13T08:21:03","guid":{"rendered":"https:\/\/nextsnkr.com\/product\/new-balance-574-x-stone-island-grey\/"},"modified":"2026-01-31T18:48:36","modified_gmt":"2026-01-31T15:48:36","slug":"new-balance-574-x-stone-island-grey","status":"publish","type":"product","link":"https:\/\/nextsnkr.com\/fr\/produit\/new-balance-574-x-stone-island-grey\/","title":{"rendered":"Baskets New Balance 574 x Stone Island Grey &#8211; daim \u00e9l\u00e9gant pour homme"},"content":{"rendered":"<h2>Baskets New Balance 574 x Stone Island Grey &#8211; daim \u00e9l\u00e9gant pour homme<\/h2>\n<p>Les baskets New Balance 574 x Stone Island Grey sont une collaboration Premium con\u00e7ue pour les connaisseurs de confort et de style unique. Le mod\u00e8le est fabriqu\u00e9 en daim de qualit\u00e9, ce qui offre une r\u00e9sistance, une texture agr\u00e9able et une durabilit\u00e9. Un amorti l\u00e9ger et un ajustement confortable rendent les chaussures id\u00e9ales pour une utilisation quotidienne. Le design polyvalent gris se Marie facilement avec des images urbaines. Choisissez New Balance 574 x Stone Island \u2014 une combinaison de style embl\u00e9matique et de fiabilit\u00e9.<\/p>\n","protected":false},"excerpt":{"rendered":"<p>Les baskets New Balance 574 x Stone Island Grey sont une collaboration Premium con\u00e7ue pour les connaisseurs de confort et de style unique. Le mod\u00e8le est fabriqu\u00e9 en daim de qualit\u00e9, ce qui offre une r\u00e9sistance, une texture agr\u00e9able et une durabilit\u00e9. Un amorti l\u00e9ger et un ajustement confortable rendent les chaussures id\u00e9ales pour une utilisation quotidienne. Le design polyvalent gris se Marie facilement avec des images urbaines. Choisissez New Balance 574 x Stone Island \u2014 une combinaison de style embl\u00e9matique et de fiabilit\u00e9.<\/p>\n","protected":false},"featured_media":766235,"comment_status":"open","ping_status":"open","template":"","meta":[],"product_brand":[],"product_cat":[3212,3213],"product_tag":[],"class_list":{"0":"post-766232","1":"product","2":"type-product","3":"status-publish","4":"has-post-thumbnail","6":"product_cat-all-product","7":"product_cat-krosivky","8":"pa_rozmir-910","9":"pa_rozmir-912","10":"pa_rozmir-914","11":"pa_rozmir-915","12":"pa_rozmir-916","13":"pa_rozmir-917","14":"pa_rozmir-918","15":"pa_rozmir-919","16":"pa_rozmir-920","17":"pa_rozmir-921","18":"pa_rozmir-922","20":"first","21":"onbackorder","22":"purchasable","23":"product-type-variable"},"_links":{"self":[{"href":"https:\/\/nextsnkr.com\/fr\/wp-json\/wp\/v2\/product\/766232","targetHints":{"allow":["GET"]}}],"collection":[{"href":"https:\/\/nextsnkr.com\/fr\/wp-json\/wp\/v2\/product"}],"about":[{"href":"https:\/\/nextsnkr.com\/fr\/wp-json\/wp\/v2\/types\/product"}],"replies":[{"embeddable":true,"href":"https:\/\/nextsnkr.com\/fr\/wp-json\/wp\/v2\/comments?post=766232"}],"version-history":[{"count":0,"href":"https:\/\/nextsnkr.com\/fr\/wp-json\/wp\/v2\/product\/766232\/revisions"}],"wp:featuredmedia":[{"embeddable":true,"href":"https:\/\/nextsnkr.com\/fr\/wp-json\/wp\/v2\/media\/766235"}],"wp:attachment":[{"href":"https:\/\/nextsnkr.com\/fr\/wp-json\/wp\/v2\/media?parent=766232"}],"wp:term":[{"taxonomy":"product_brand","embeddable":true,"href":"https:\/\/nextsnkr.com\/fr\/wp-json\/wp\/v2\/product_brand?post=766232"},{"taxonomy":"product_cat","embeddable":true,"href":"https:\/\/nextsnkr.com\/fr\/wp-json\/wp\/v2\/product_cat?post=766232"},{"taxonomy":"product_tag","embeddable":true,"href":"https:\/\/nextsnkr.com\/fr\/wp-json\/wp\/v2\/product_tag?post=766232"}],"curies":[{"name":"wp","href":"https:\/\/api.w.org\/{rel}","templated":true}]}}