{"id":765098,"date":"2025-06-18T18:52:27","date_gmt":"2025-06-18T15:52:27","guid":{"rendered":"https:\/\/nextsnkr.com\/product\/muzhskoe-bele-calvin-klein-red\/"},"modified":"2026-01-31T18:47:46","modified_gmt":"2026-01-31T15:47:46","slug":"muzhskoe-bele-calvin-klein-red","status":"publish","type":"product","link":"https:\/\/nextsnkr.com\/fr\/produit\/muzhskoe-bele-calvin-klein-red\/","title":{"rendered":"Calvin Klein Red sous-v\u00eatements pour hommes-coton et spandex, confort et style"},"content":{"rendered":"<h2>Calvin Klein Red sous-v\u00eatements pour hommes-coton et spandex, confort et style<\/h2>\n<p>Les sous-v\u00eatements Calvin Klein Red pour hommes sont fabriqu\u00e9s en coton de haute qualit\u00e9 avec l&rsquo;ajout de spandex pour une \u00e9lasticit\u00e9 et un confort optimaux. Disponible Dans les tailles s-XXL, il s&rsquo;adapte parfaitement au corps, offrant libert\u00e9 de mouvement et confort toute la journ\u00e9e. La couleur rouge \u00e9l\u00e9gante met en valeur le design moderne de la marque Calvin Klein. Un choix parfait pour un usage quotidien et ceux qui appr\u00e9cient la qualit\u00e9, le confort et l&rsquo;\u00e9l\u00e9gance dans les d\u00e9tails.<\/p>\n","protected":false},"excerpt":{"rendered":"<p>Les sous-v\u00eatements Calvin Klein Red pour hommes sont fabriqu\u00e9s en coton de haute qualit\u00e9 avec l&rsquo;ajout de spandex pour une \u00e9lasticit\u00e9 et un confort optimaux. Disponible Dans les tailles s-XXL, il s&rsquo;adapte parfaitement au corps, offrant libert\u00e9 de mouvement et confort toute la journ\u00e9e. La couleur rouge \u00e9l\u00e9gante met en valeur le design moderne de la marque Calvin Klein. Un choix parfait pour un usage quotidien et ceux qui appr\u00e9cient la qualit\u00e9, le confort et l&rsquo;\u00e9l\u00e9gance dans les d\u00e9tails.<\/p>\n","protected":false},"featured_media":765101,"comment_status":"open","ping_status":"open","template":"","meta":[],"product_brand":[],"product_cat":[3212,3533],"product_tag":[],"class_list":{"0":"post-765098","1":"product","2":"type-product","3":"status-publish","4":"has-post-thumbnail","6":"product_cat-all-product","7":"product_cat-cholovicha-bilyzna","8":"pa_rozmir-s","9":"pa_rozmir-m","10":"pa_rozmir-l","11":"pa_rozmir-xl","12":"pa_rozmir-xxl","14":"first","15":"onbackorder","16":"purchasable","17":"product-type-variable"},"_links":{"self":[{"href":"https:\/\/nextsnkr.com\/fr\/wp-json\/wp\/v2\/product\/765098","targetHints":{"allow":["GET"]}}],"collection":[{"href":"https:\/\/nextsnkr.com\/fr\/wp-json\/wp\/v2\/product"}],"about":[{"href":"https:\/\/nextsnkr.com\/fr\/wp-json\/wp\/v2\/types\/product"}],"replies":[{"embeddable":true,"href":"https:\/\/nextsnkr.com\/fr\/wp-json\/wp\/v2\/comments?post=765098"}],"version-history":[{"count":0,"href":"https:\/\/nextsnkr.com\/fr\/wp-json\/wp\/v2\/product\/765098\/revisions"}],"wp:featuredmedia":[{"embeddable":true,"href":"https:\/\/nextsnkr.com\/fr\/wp-json\/wp\/v2\/media\/765101"}],"wp:attachment":[{"href":"https:\/\/nextsnkr.com\/fr\/wp-json\/wp\/v2\/media?parent=765098"}],"wp:term":[{"taxonomy":"product_brand","embeddable":true,"href":"https:\/\/nextsnkr.com\/fr\/wp-json\/wp\/v2\/product_brand?post=765098"},{"taxonomy":"product_cat","embeddable":true,"href":"https:\/\/nextsnkr.com\/fr\/wp-json\/wp\/v2\/product_cat?post=765098"},{"taxonomy":"product_tag","embeddable":true,"href":"https:\/\/nextsnkr.com\/fr\/wp-json\/wp\/v2\/product_tag?post=765098"}],"curies":[{"name":"wp","href":"https:\/\/api.w.org\/{rel}","templated":true}]}}