{"id":764333,"date":"2025-06-18T18:53:47","date_gmt":"2025-06-18T15:53:47","guid":{"rendered":"https:\/\/nextsnkr.com\/product\/adidas-zelenyj-rozovyj-fyolet-holuboj-bezhevyj-synyj\/"},"modified":"2026-01-31T18:47:19","modified_gmt":"2026-01-31T15:47:19","slug":"adidas-zelenyj-rozovyj-fyolet-holuboj-bezhevyj-synyj","status":"publish","type":"product","link":"https:\/\/nextsnkr.com\/fr\/produit\/adidas-zelenyj-rozovyj-fyolet-holuboj-bezhevyj-synyj\/","title":{"rendered":"Ensemble de chaussettes ADIDAS 3 paires &#8211; style et confort quotidien"},"content":{"rendered":"<h2>Ensemble de chaussettes ADIDAS 3 paires &#8211; style et confort quotidien<\/h2>\n<p>L&rsquo;ensemble de chaussettes ADIDAS comprend 3 paires de couleurs vives et polyvalentes: vert, rose, violet, cyan, beige et bleu. Fabriqu\u00e9s \u00e0 partir de mat\u00e9riaux de qualit\u00e9, ils offrent confort, durabilit\u00e9 et bonne ventilation pour un port quotidien. Id\u00e9ales pour le sport, la marche et le style de vie actif, ces chaussettes combinent la marque ADIDAS, le design \u00e9l\u00e9gant et la praticit\u00e9, garantissant la durabilit\u00e9 et la commodit\u00e9.<\/p>\n","protected":false},"excerpt":{"rendered":"<p>L&rsquo;ensemble de chaussettes ADIDAS comprend 3 paires de couleurs vives et polyvalentes: vert, rose, violet, cyan, beige et bleu. Fabriqu\u00e9s \u00e0 partir de mat\u00e9riaux de qualit\u00e9, ils offrent confort, durabilit\u00e9 et bonne ventilation pour un port quotidien. Id\u00e9ales pour le sport, la marche et le style de vie actif, ces chaussettes combinent la marque ADIDAS, le design \u00e9l\u00e9gant et la praticit\u00e9, garantissant la durabilit\u00e9 et la commodit\u00e9.<\/p>\n","protected":false},"featured_media":764334,"comment_status":"open","ping_status":"open","template":"","meta":[],"product_brand":[],"product_cat":[3212],"product_tag":[],"class_list":{"0":"post-764333","1":"product","2":"type-product","3":"status-publish","4":"has-post-thumbnail","6":"product_cat-all-product","8":"first","9":"onbackorder","10":"purchasable","11":"product-type-variable"},"_links":{"self":[{"href":"https:\/\/nextsnkr.com\/fr\/wp-json\/wp\/v2\/product\/764333","targetHints":{"allow":["GET"]}}],"collection":[{"href":"https:\/\/nextsnkr.com\/fr\/wp-json\/wp\/v2\/product"}],"about":[{"href":"https:\/\/nextsnkr.com\/fr\/wp-json\/wp\/v2\/types\/product"}],"replies":[{"embeddable":true,"href":"https:\/\/nextsnkr.com\/fr\/wp-json\/wp\/v2\/comments?post=764333"}],"version-history":[{"count":0,"href":"https:\/\/nextsnkr.com\/fr\/wp-json\/wp\/v2\/product\/764333\/revisions"}],"wp:featuredmedia":[{"embeddable":true,"href":"https:\/\/nextsnkr.com\/fr\/wp-json\/wp\/v2\/media\/764334"}],"wp:attachment":[{"href":"https:\/\/nextsnkr.com\/fr\/wp-json\/wp\/v2\/media?parent=764333"}],"wp:term":[{"taxonomy":"product_brand","embeddable":true,"href":"https:\/\/nextsnkr.com\/fr\/wp-json\/wp\/v2\/product_brand?post=764333"},{"taxonomy":"product_cat","embeddable":true,"href":"https:\/\/nextsnkr.com\/fr\/wp-json\/wp\/v2\/product_cat?post=764333"},{"taxonomy":"product_tag","embeddable":true,"href":"https:\/\/nextsnkr.com\/fr\/wp-json\/wp\/v2\/product_tag?post=764333"}],"curies":[{"name":"wp","href":"https:\/\/api.w.org\/{rel}","templated":true}]}}