{"id":763766,"date":"2025-06-13T11:25:17","date_gmt":"2025-06-13T08:25:17","guid":{"rendered":"https:\/\/nextsnkr.com\/product\/timberland-pink-termo\/"},"modified":"2026-01-31T18:47:07","modified_gmt":"2026-01-31T15:47:07","slug":"timberland-pink-termo","status":"publish","type":"product","link":"https:\/\/nextsnkr.com\/fr\/produit\/timberland-pink-termo\/","title":{"rendered":"Timberland rose thermo femmes hiver nubuck bottes"},"content":{"rendered":"<h2>Timberland rose thermo femmes hiver nubuck bottes<\/h2>\n<p>Les bottes Timberland Pink (thermo) sont des bottes d&rsquo;hiver \u00e9l\u00e9gantes et chaudes pour femmes en nubuck et en mat\u00e9riau thermo. Fournir une protection fiable contre le froid et l&rsquo;humidit\u00e9, id\u00e9al pour les promenades en ville et l&rsquo;utilisation quotidienne. La doublure douce et la semelle r\u00e9sistante \u00e0 l&rsquo;usure garantissent un confort par tous les temps. Fabrication USA confirme la haute qualit\u00e9 et la durabilit\u00e9. Choisissez Timberland pour combiner chaleur, fiabilit\u00e9 et style moderne.<\/p>\n","protected":false},"excerpt":{"rendered":"<p>Les bottes Timberland Pink (thermo) sont des bottes d&rsquo;hiver \u00e9l\u00e9gantes et chaudes pour femmes en nubuck et en mat\u00e9riau thermo. Fournir une protection fiable contre le froid et l&rsquo;humidit\u00e9, id\u00e9al pour les promenades en ville et l&rsquo;utilisation quotidienne. La doublure douce et la semelle r\u00e9sistante \u00e0 l&rsquo;usure garantissent un confort par tous les temps. Fabrication USA confirme la haute qualit\u00e9 et la durabilit\u00e9. Choisissez Timberland pour combiner chaleur, fiabilit\u00e9 et style moderne.<\/p>\n","protected":false},"featured_media":763767,"comment_status":"open","ping_status":"open","template":"","meta":[],"product_brand":[],"product_cat":[3212,3332],"product_tag":[],"class_list":{"0":"post-763766","1":"product","2":"type-product","3":"status-publish","4":"has-post-thumbnail","6":"product_cat-all-product","7":"product_cat-cherevyky","8":"pa_rozmir-910","9":"pa_rozmir-912","10":"pa_rozmir-914","11":"pa_rozmir-915","12":"pa_rozmir-916","13":"pa_rozmir-917","14":"pa_rozmir-918","15":"pa_rozmir-919","16":"pa_rozmir-920","17":"pa_rozmir-921","18":"pa_rozmir-922","20":"first","21":"instock","22":"purchasable","23":"product-type-variable"},"_links":{"self":[{"href":"https:\/\/nextsnkr.com\/fr\/wp-json\/wp\/v2\/product\/763766","targetHints":{"allow":["GET"]}}],"collection":[{"href":"https:\/\/nextsnkr.com\/fr\/wp-json\/wp\/v2\/product"}],"about":[{"href":"https:\/\/nextsnkr.com\/fr\/wp-json\/wp\/v2\/types\/product"}],"replies":[{"embeddable":true,"href":"https:\/\/nextsnkr.com\/fr\/wp-json\/wp\/v2\/comments?post=763766"}],"version-history":[{"count":0,"href":"https:\/\/nextsnkr.com\/fr\/wp-json\/wp\/v2\/product\/763766\/revisions"}],"wp:featuredmedia":[{"embeddable":true,"href":"https:\/\/nextsnkr.com\/fr\/wp-json\/wp\/v2\/media\/763767"}],"wp:attachment":[{"href":"https:\/\/nextsnkr.com\/fr\/wp-json\/wp\/v2\/media?parent=763766"}],"wp:term":[{"taxonomy":"product_brand","embeddable":true,"href":"https:\/\/nextsnkr.com\/fr\/wp-json\/wp\/v2\/product_brand?post=763766"},{"taxonomy":"product_cat","embeddable":true,"href":"https:\/\/nextsnkr.com\/fr\/wp-json\/wp\/v2\/product_cat?post=763766"},{"taxonomy":"product_tag","embeddable":true,"href":"https:\/\/nextsnkr.com\/fr\/wp-json\/wp\/v2\/product_tag?post=763766"}],"curies":[{"name":"wp","href":"https:\/\/api.w.org\/{rel}","templated":true}]}}