{"id":762740,"date":"2025-06-13T11:26:35","date_gmt":"2025-06-13T08:26:35","guid":{"rendered":"https:\/\/nextsnkr.com\/product\/timberland-black-termo\/"},"modified":"2026-01-31T18:46:30","modified_gmt":"2026-01-31T15:46:30","slug":"timberland-black-termo","status":"publish","type":"product","link":"https:\/\/nextsnkr.com\/fr\/produit\/timberland-black-termo\/","title":{"rendered":"Bottes Timberland noir thermo hommes bottes d&rsquo;hiver nubuck"},"content":{"rendered":"<h2>Bottes Timberland noir thermo hommes bottes d&rsquo;hiver nubuck<\/h2>\n<p>Les bottes Timberland Black-thermo sont des chaussures d&rsquo;hiver fiables con\u00e7ues pour le confort et la protection par temps froid. Le nubuck robuste combin\u00e9 \u00e0 un mat\u00e9riau thermo offre chaleur, r\u00e9sistance \u00e0 l&rsquo;humidit\u00e9 et durabilit\u00e9. Les bottes se distinguent par la qualit\u00e9 de la marque Timberland, ont un ajustement anatomique confortable et une semelle fiable avec une bonne adh\u00e9rence. Id\u00e9al pour une utilisation quotidienne en hiver, les voyages et les activit\u00e9s de plein air.<\/p>\n","protected":false},"excerpt":{"rendered":"<p>Les bottes Timberland Black-thermo sont des chaussures d&rsquo;hiver fiables con\u00e7ues pour le confort et la protection par temps froid. Le nubuck robuste combin\u00e9 \u00e0 un mat\u00e9riau thermo offre chaleur, r\u00e9sistance \u00e0 l&rsquo;humidit\u00e9 et durabilit\u00e9. Les bottes se distinguent par la qualit\u00e9 de la marque Timberland, ont un ajustement anatomique confortable et une semelle fiable avec une bonne adh\u00e9rence. Id\u00e9al pour une utilisation quotidienne en hiver, les voyages et les activit\u00e9s de plein air.<\/p>\n","protected":false},"featured_media":762745,"comment_status":"open","ping_status":"open","template":"","meta":[],"product_brand":[],"product_cat":[3212,3332],"product_tag":[],"class_list":{"0":"post-762740","1":"product","2":"type-product","3":"status-publish","4":"has-post-thumbnail","6":"product_cat-all-product","7":"product_cat-cherevyky","8":"pa_rozmir-910","9":"pa_rozmir-912","10":"pa_rozmir-914","11":"pa_rozmir-915","12":"pa_rozmir-916","13":"pa_rozmir-917","14":"pa_rozmir-918","15":"pa_rozmir-919","16":"pa_rozmir-920","17":"pa_rozmir-921","18":"pa_rozmir-922","20":"first","21":"instock","22":"purchasable","23":"product-type-variable"},"_links":{"self":[{"href":"https:\/\/nextsnkr.com\/fr\/wp-json\/wp\/v2\/product\/762740","targetHints":{"allow":["GET"]}}],"collection":[{"href":"https:\/\/nextsnkr.com\/fr\/wp-json\/wp\/v2\/product"}],"about":[{"href":"https:\/\/nextsnkr.com\/fr\/wp-json\/wp\/v2\/types\/product"}],"replies":[{"embeddable":true,"href":"https:\/\/nextsnkr.com\/fr\/wp-json\/wp\/v2\/comments?post=762740"}],"version-history":[{"count":0,"href":"https:\/\/nextsnkr.com\/fr\/wp-json\/wp\/v2\/product\/762740\/revisions"}],"wp:featuredmedia":[{"embeddable":true,"href":"https:\/\/nextsnkr.com\/fr\/wp-json\/wp\/v2\/media\/762745"}],"wp:attachment":[{"href":"https:\/\/nextsnkr.com\/fr\/wp-json\/wp\/v2\/media?parent=762740"}],"wp:term":[{"taxonomy":"product_brand","embeddable":true,"href":"https:\/\/nextsnkr.com\/fr\/wp-json\/wp\/v2\/product_brand?post=762740"},{"taxonomy":"product_cat","embeddable":true,"href":"https:\/\/nextsnkr.com\/fr\/wp-json\/wp\/v2\/product_cat?post=762740"},{"taxonomy":"product_tag","embeddable":true,"href":"https:\/\/nextsnkr.com\/fr\/wp-json\/wp\/v2\/product_tag?post=762740"}],"curies":[{"name":"wp","href":"https:\/\/api.w.org\/{rel}","templated":true}]}}