{"id":762392,"date":"2025-06-13T11:26:59","date_gmt":"2025-06-13T08:26:59","guid":{"rendered":"https:\/\/nextsnkr.com\/product\/re-nylon-bryshed-beige\/"},"modified":"2026-01-31T18:46:22","modified_gmt":"2026-01-31T15:46:22","slug":"re-nylon-bryshed-beige","status":"publish","type":"product","link":"https:\/\/nextsnkr.com\/fr\/produit\/re-nylon-bryshed-beige\/","title":{"rendered":"Re-Nylon bryshed Beige-chaussures \u00e9l\u00e9gantes pour hommes en cuir et daim"},"content":{"rendered":"<h2>Re-Nylon bryshed Beige-chaussures \u00e9l\u00e9gantes pour hommes en cuir et daim<\/h2>\n<p>Les baskets Re-Nylon bryshed Beige sont fabriqu\u00e9es en cuir et en daim pour une durabilit\u00e9, un confort et une bonne tactilit\u00e9. Le mod\u00e8le pr\u00e9sente une couleur beige polyvalente qui se Marie facilement avec le style d\u00e9contract\u00e9 et urbain. Fabriqu\u00e9es en Turquie, ces baskets apportent confort et personnalit\u00e9 au quotidien. Choisissez Re-Nylon bryshed Beige pour ajouter une touche d&rsquo;\u00e9l\u00e9gance et de confort.<\/p>\n","protected":false},"excerpt":{"rendered":"<p>Les baskets Re-Nylon bryshed Beige sont fabriqu\u00e9es en cuir et en daim pour une durabilit\u00e9, un confort et une bonne tactilit\u00e9. Le mod\u00e8le pr\u00e9sente une couleur beige polyvalente qui se Marie facilement avec le style d\u00e9contract\u00e9 et urbain. Fabriqu\u00e9es en Turquie, ces baskets apportent confort et personnalit\u00e9 au quotidien. Choisissez Re-Nylon bryshed Beige pour ajouter une touche d&rsquo;\u00e9l\u00e9gance et de confort.<\/p>\n","protected":false},"featured_media":762397,"comment_status":"open","ping_status":"open","template":"","meta":[],"product_brand":[],"product_cat":[3212,3319],"product_tag":[],"class_list":{"0":"post-762392","1":"product","2":"type-product","3":"status-publish","4":"has-post-thumbnail","6":"product_cat-all-product","7":"product_cat-kedy","8":"pa_rozmir-910","9":"pa_rozmir-912","10":"pa_rozmir-914","11":"pa_rozmir-915","12":"pa_rozmir-916","13":"pa_rozmir-917","14":"pa_rozmir-918","15":"pa_rozmir-919","16":"pa_rozmir-920","17":"pa_rozmir-921","18":"pa_rozmir-922","20":"first","21":"onbackorder","22":"purchasable","23":"product-type-variable"},"_links":{"self":[{"href":"https:\/\/nextsnkr.com\/fr\/wp-json\/wp\/v2\/product\/762392","targetHints":{"allow":["GET"]}}],"collection":[{"href":"https:\/\/nextsnkr.com\/fr\/wp-json\/wp\/v2\/product"}],"about":[{"href":"https:\/\/nextsnkr.com\/fr\/wp-json\/wp\/v2\/types\/product"}],"replies":[{"embeddable":true,"href":"https:\/\/nextsnkr.com\/fr\/wp-json\/wp\/v2\/comments?post=762392"}],"version-history":[{"count":0,"href":"https:\/\/nextsnkr.com\/fr\/wp-json\/wp\/v2\/product\/762392\/revisions"}],"wp:featuredmedia":[{"embeddable":true,"href":"https:\/\/nextsnkr.com\/fr\/wp-json\/wp\/v2\/media\/762397"}],"wp:attachment":[{"href":"https:\/\/nextsnkr.com\/fr\/wp-json\/wp\/v2\/media?parent=762392"}],"wp:term":[{"taxonomy":"product_brand","embeddable":true,"href":"https:\/\/nextsnkr.com\/fr\/wp-json\/wp\/v2\/product_brand?post=762392"},{"taxonomy":"product_cat","embeddable":true,"href":"https:\/\/nextsnkr.com\/fr\/wp-json\/wp\/v2\/product_cat?post=762392"},{"taxonomy":"product_tag","embeddable":true,"href":"https:\/\/nextsnkr.com\/fr\/wp-json\/wp\/v2\/product_tag?post=762392"}],"curies":[{"name":"wp","href":"https:\/\/api.w.org\/{rel}","templated":true}]}}