{"id":761733,"date":"2025-06-13T12:22:36","date_gmt":"2025-06-13T09:22:36","guid":{"rendered":"https:\/\/nextsnkr.com\/product\/1-retro-high-pink\/"},"modified":"2026-01-31T18:45:55","modified_gmt":"2026-01-31T15:45:55","slug":"1-retro-high-pink","status":"publish","type":"product","link":"https:\/\/nextsnkr.com\/fr\/produit\/1-retro-high-pink\/","title":{"rendered":"Baskets 1 Retro High Pink-baskets hautes \u00e9l\u00e9gantes en cuir et textile"},"content":{"rendered":"<h2>Baskets 1 Retro High Pink-baskets hautes \u00e9l\u00e9gantes en cuir et textile<\/h2>\n<p>Les baskets 1 Retro High Pink sont une combinaison brillante de style et de confort, en cuir et en textile durable. L&rsquo;ajustement \u00e9lev\u00e9 assure un ajustement s\u00fbr, tandis que la conception r\u00e9fl\u00e9chie rend le mod\u00e8le confortable pour un port quotidien. L\u00e9gers, modernes et durables, ils soulignent parfaitement le style individuel. Fabricant-Chine. Choisissez 1 Retro High Pink pour ajouter de l&rsquo;expressivit\u00e9 et obtenir des baskets de qualit\u00e9 pour les promenades en ville.<\/p>\n","protected":false},"excerpt":{"rendered":"<p>Les baskets 1 Retro High Pink sont une combinaison brillante de style et de confort, en cuir et en textile durable. L&rsquo;ajustement \u00e9lev\u00e9 assure un ajustement s\u00fbr, tandis que la conception r\u00e9fl\u00e9chie rend le mod\u00e8le confortable pour un port quotidien. L\u00e9gers, modernes et durables, ils soulignent parfaitement le style individuel. Fabricant-Chine. Choisissez 1 Retro High Pink pour ajouter de l&rsquo;expressivit\u00e9 et obtenir des baskets de qualit\u00e9 pour les promenades en ville.<\/p>\n","protected":false},"featured_media":761735,"comment_status":"open","ping_status":"open","template":"","meta":[],"product_brand":[],"product_cat":[3212,3319],"product_tag":[],"class_list":{"0":"post-761733","1":"product","2":"type-product","3":"status-publish","4":"has-post-thumbnail","6":"product_cat-all-product","7":"product_cat-kedy","8":"pa_rozmir-910","9":"pa_rozmir-912","10":"pa_rozmir-914","11":"pa_rozmir-915","12":"pa_rozmir-916","13":"pa_rozmir-917","14":"pa_rozmir-918","15":"pa_rozmir-919","16":"pa_rozmir-920","17":"pa_rozmir-921","18":"pa_rozmir-922","20":"first","21":"instock","22":"purchasable","23":"product-type-variable"},"_links":{"self":[{"href":"https:\/\/nextsnkr.com\/fr\/wp-json\/wp\/v2\/product\/761733","targetHints":{"allow":["GET"]}}],"collection":[{"href":"https:\/\/nextsnkr.com\/fr\/wp-json\/wp\/v2\/product"}],"about":[{"href":"https:\/\/nextsnkr.com\/fr\/wp-json\/wp\/v2\/types\/product"}],"replies":[{"embeddable":true,"href":"https:\/\/nextsnkr.com\/fr\/wp-json\/wp\/v2\/comments?post=761733"}],"version-history":[{"count":0,"href":"https:\/\/nextsnkr.com\/fr\/wp-json\/wp\/v2\/product\/761733\/revisions"}],"wp:featuredmedia":[{"embeddable":true,"href":"https:\/\/nextsnkr.com\/fr\/wp-json\/wp\/v2\/media\/761735"}],"wp:attachment":[{"href":"https:\/\/nextsnkr.com\/fr\/wp-json\/wp\/v2\/media?parent=761733"}],"wp:term":[{"taxonomy":"product_brand","embeddable":true,"href":"https:\/\/nextsnkr.com\/fr\/wp-json\/wp\/v2\/product_brand?post=761733"},{"taxonomy":"product_cat","embeddable":true,"href":"https:\/\/nextsnkr.com\/fr\/wp-json\/wp\/v2\/product_cat?post=761733"},{"taxonomy":"product_tag","embeddable":true,"href":"https:\/\/nextsnkr.com\/fr\/wp-json\/wp\/v2\/product_tag?post=761733"}],"curies":[{"name":"wp","href":"https:\/\/api.w.org\/{rel}","templated":true}]}}