{"id":761395,"date":"2025-06-13T12:23:09","date_gmt":"2025-06-13T09:23:09","guid":{"rendered":"https:\/\/nextsnkr.com\/product\/1-retro-high-white-blue\/"},"modified":"2026-01-31T18:45:46","modified_gmt":"2026-01-31T15:45:46","slug":"1-retro-high-white-blue","status":"publish","type":"product","link":"https:\/\/nextsnkr.com\/fr\/produit\/1-retro-high-white-blue\/","title":{"rendered":"Baskets 1 Retro High White &#038; Blue-baskets hautes en cuir \u00e9l\u00e9gantes"},"content":{"rendered":"<h2>Baskets 1 Retro High White &#038; Blue-baskets hautes en cuir \u00e9l\u00e9gantes<\/h2>\n<p>Les baskets \u00e9l\u00e9gantes 1 Retro High White &#038; Blue sont fabriqu\u00e9es en cuir v\u00e9ritable de qualit\u00e9, ce qui garantit fiabilit\u00e9, durabilit\u00e9 et confort pendant le port quotidien. La silhouette haute offre une meilleure fixation et un meilleur soutien, tandis que la combinaison de blanc et de bleu rend le mod\u00e8le polyvalent pour n&rsquo;importe quelle image. Fabriqu\u00e9s au Vietnam, les baskets allient design moderne et ergonomie r\u00e9fl\u00e9chie. Un choix id\u00e9al pour les connaisseurs de chaussures \u00e9l\u00e9gantes et confortables.<\/p>\n","protected":false},"excerpt":{"rendered":"<p>Les baskets \u00e9l\u00e9gantes 1 Retro High White &#038; Blue sont fabriqu\u00e9es en cuir v\u00e9ritable de qualit\u00e9, ce qui garantit fiabilit\u00e9, durabilit\u00e9 et confort pendant le port quotidien. La silhouette haute offre une meilleure fixation et un meilleur soutien, tandis que la combinaison de blanc et de bleu rend le mod\u00e8le polyvalent pour n&rsquo;importe quelle image. Fabriqu\u00e9s au Vietnam, les baskets allient design moderne et ergonomie r\u00e9fl\u00e9chie. Un choix id\u00e9al pour les connaisseurs de chaussures \u00e9l\u00e9gantes et confortables.<\/p>\n","protected":false},"featured_media":761399,"comment_status":"open","ping_status":"open","template":"","meta":[],"product_brand":[],"product_cat":[3212,3319],"product_tag":[],"class_list":{"0":"post-761395","1":"product","2":"type-product","3":"status-publish","4":"has-post-thumbnail","6":"product_cat-all-product","7":"product_cat-kedy","8":"pa_rozmir-910","9":"pa_rozmir-912","10":"pa_rozmir-914","11":"pa_rozmir-915","12":"pa_rozmir-916","13":"pa_rozmir-917","14":"pa_rozmir-918","15":"pa_rozmir-919","16":"pa_rozmir-920","17":"pa_rozmir-921","18":"pa_rozmir-922","20":"first","21":"onbackorder","22":"purchasable","23":"product-type-variable"},"_links":{"self":[{"href":"https:\/\/nextsnkr.com\/fr\/wp-json\/wp\/v2\/product\/761395","targetHints":{"allow":["GET"]}}],"collection":[{"href":"https:\/\/nextsnkr.com\/fr\/wp-json\/wp\/v2\/product"}],"about":[{"href":"https:\/\/nextsnkr.com\/fr\/wp-json\/wp\/v2\/types\/product"}],"replies":[{"embeddable":true,"href":"https:\/\/nextsnkr.com\/fr\/wp-json\/wp\/v2\/comments?post=761395"}],"version-history":[{"count":0,"href":"https:\/\/nextsnkr.com\/fr\/wp-json\/wp\/v2\/product\/761395\/revisions"}],"wp:featuredmedia":[{"embeddable":true,"href":"https:\/\/nextsnkr.com\/fr\/wp-json\/wp\/v2\/media\/761399"}],"wp:attachment":[{"href":"https:\/\/nextsnkr.com\/fr\/wp-json\/wp\/v2\/media?parent=761395"}],"wp:term":[{"taxonomy":"product_brand","embeddable":true,"href":"https:\/\/nextsnkr.com\/fr\/wp-json\/wp\/v2\/product_brand?post=761395"},{"taxonomy":"product_cat","embeddable":true,"href":"https:\/\/nextsnkr.com\/fr\/wp-json\/wp\/v2\/product_cat?post=761395"},{"taxonomy":"product_tag","embeddable":true,"href":"https:\/\/nextsnkr.com\/fr\/wp-json\/wp\/v2\/product_tag?post=761395"}],"curies":[{"name":"wp","href":"https:\/\/api.w.org\/{rel}","templated":true}]}}