{"id":761341,"date":"2025-06-18T19:02:56","date_gmt":"2025-06-18T16:02:56","guid":{"rendered":"https:\/\/nextsnkr.com\/product\/miu-miu-matelasse-nappa-black-slides\/"},"modified":"2026-01-31T18:45:42","modified_gmt":"2026-01-31T15:45:42","slug":"miu-miu-matelasse-nappa-black-slides","status":"publish","type":"product","link":"https:\/\/nextsnkr.com\/fr\/produit\/miu-miu-matelasse-nappa-black-slides\/","title":{"rendered":"Chaussons MIU MIU Matelass\u00e9 Nappa Black-style et confort pour tous les jours"},"content":{"rendered":"<h2>Chaussons MIU MIU Matelass\u00e9 Nappa Black-style et confort pour tous les jours<\/h2>\n<p>Les \u00e9l\u00e9gantes pantoufles MIU Miu Matelass\u00e9 Nappa Black sont fabriqu\u00e9es en cuir de haute qualit\u00e9, ce qui garantit durabilit\u00e9, \u00e9l\u00e9gance et confort \u00e0 chaque \u00e9tape. Le mod\u00e8le est parfait pour porter tous les jours \u00e0 la maison ou \u00e0 l&rsquo;ext\u00e9rieur, alliant design moderne et pratique. La couleur noire ajoute de la polyvalence et la texture matelase cr\u00e9e un style particulier. Fabricant-Turquie. Code: 1282-1160934.<\/p>\n","protected":false},"excerpt":{"rendered":"<p>Les \u00e9l\u00e9gantes pantoufles MIU Miu Matelass\u00e9 Nappa Black sont fabriqu\u00e9es en cuir de haute qualit\u00e9, ce qui garantit durabilit\u00e9, \u00e9l\u00e9gance et confort \u00e0 chaque \u00e9tape. Le mod\u00e8le est parfait pour porter tous les jours \u00e0 la maison ou \u00e0 l&rsquo;ext\u00e9rieur, alliant design moderne et pratique. La couleur noire ajoute de la polyvalence et la texture matelase cr\u00e9e un style particulier. Fabricant-Turquie. Code: 1282-1160934.<\/p>\n","protected":false},"featured_media":761344,"comment_status":"open","ping_status":"open","template":"","meta":[],"product_brand":[],"product_cat":[3212,3421],"product_tag":[],"class_list":{"0":"post-761341","1":"product","2":"type-product","3":"status-publish","4":"has-post-thumbnail","6":"product_cat-all-product","7":"product_cat-shlopantsi","8":"pa_rozmir-910","9":"pa_rozmir-912","10":"pa_rozmir-914","11":"pa_rozmir-915","12":"pa_rozmir-916","13":"pa_rozmir-917","14":"pa_rozmir-918","15":"pa_rozmir-919","16":"pa_rozmir-920","17":"pa_rozmir-921","18":"pa_rozmir-922","20":"first","21":"instock","22":"purchasable","23":"product-type-variable"},"_links":{"self":[{"href":"https:\/\/nextsnkr.com\/fr\/wp-json\/wp\/v2\/product\/761341","targetHints":{"allow":["GET"]}}],"collection":[{"href":"https:\/\/nextsnkr.com\/fr\/wp-json\/wp\/v2\/product"}],"about":[{"href":"https:\/\/nextsnkr.com\/fr\/wp-json\/wp\/v2\/types\/product"}],"replies":[{"embeddable":true,"href":"https:\/\/nextsnkr.com\/fr\/wp-json\/wp\/v2\/comments?post=761341"}],"version-history":[{"count":0,"href":"https:\/\/nextsnkr.com\/fr\/wp-json\/wp\/v2\/product\/761341\/revisions"}],"wp:featuredmedia":[{"embeddable":true,"href":"https:\/\/nextsnkr.com\/fr\/wp-json\/wp\/v2\/media\/761344"}],"wp:attachment":[{"href":"https:\/\/nextsnkr.com\/fr\/wp-json\/wp\/v2\/media?parent=761341"}],"wp:term":[{"taxonomy":"product_brand","embeddable":true,"href":"https:\/\/nextsnkr.com\/fr\/wp-json\/wp\/v2\/product_brand?post=761341"},{"taxonomy":"product_cat","embeddable":true,"href":"https:\/\/nextsnkr.com\/fr\/wp-json\/wp\/v2\/product_cat?post=761341"},{"taxonomy":"product_tag","embeddable":true,"href":"https:\/\/nextsnkr.com\/fr\/wp-json\/wp\/v2\/product_tag?post=761341"}],"curies":[{"name":"wp","href":"https:\/\/api.w.org\/{rel}","templated":true}]}}