{"id":761007,"date":"2025-06-18T19:03:56","date_gmt":"2025-06-18T16:03:56","guid":{"rendered":"https:\/\/nextsnkr.com\/product\/louis-vuitton-black-cream-slides\/"},"modified":"2026-01-31T18:45:33","modified_gmt":"2026-01-31T15:45:33","slug":"louis-vuitton-black-cream-slides","status":"publish","type":"product","link":"https:\/\/nextsnkr.com\/fr\/produit\/louis-vuitton-black-cream-slides\/","title":{"rendered":"LOUIS VUITTON BLACK \/ CREAM SLIDES-pantoufles en cuir \u00e9l\u00e9gantes"},"content":{"rendered":"<h2>LOUIS VUITTON BLACK \/ CREAM SLIDES-pantoufles en cuir \u00e9l\u00e9gantes<\/h2>\n<p>Les pantoufles LOUIS VUITTON BLACK \/ CREAM SLIDES allient style et confort. Fabriqu\u00e9s \u00e0 partir de cuir et de Textiles de haute qualit\u00e9, ils offrent une exp\u00e9rience de port confortable et durable. Le mod\u00e8le est parfait pour un usage domestique et la marche, et la combinaison classique de noir et de cr\u00e8me ajoute de l&rsquo;\u00e9l\u00e9gance. La marque LOUIS VUITTON garantit une qualit\u00e9 sup\u00e9rieure et un design moderne. Fabricant-Turquie. Choisissez le luxe et le confort tous les jours.<\/p>\n","protected":false},"excerpt":{"rendered":"<p>Les pantoufles LOUIS VUITTON BLACK \/ CREAM SLIDES allient style et confort. Fabriqu\u00e9s \u00e0 partir de cuir et de Textiles de haute qualit\u00e9, ils offrent une exp\u00e9rience de port confortable et durable. Le mod\u00e8le est parfait pour un usage domestique et la marche, et la combinaison classique de noir et de cr\u00e8me ajoute de l&rsquo;\u00e9l\u00e9gance. La marque LOUIS VUITTON garantit une qualit\u00e9 sup\u00e9rieure et un design moderne. Fabricant-Turquie. Choisissez le luxe et le confort tous les jours.<\/p>\n","protected":false},"featured_media":761012,"comment_status":"open","ping_status":"open","template":"","meta":[],"product_brand":[],"product_cat":[3212,3421],"product_tag":[],"class_list":{"0":"post-761007","1":"product","2":"type-product","3":"status-publish","4":"has-post-thumbnail","6":"product_cat-all-product","7":"product_cat-shlopantsi","8":"pa_rozmir-910","9":"pa_rozmir-912","10":"pa_rozmir-914","11":"pa_rozmir-915","12":"pa_rozmir-916","13":"pa_rozmir-917","14":"pa_rozmir-918","15":"pa_rozmir-919","16":"pa_rozmir-920","17":"pa_rozmir-921","18":"pa_rozmir-922","20":"first","21":"instock","22":"purchasable","23":"product-type-variable"},"_links":{"self":[{"href":"https:\/\/nextsnkr.com\/fr\/wp-json\/wp\/v2\/product\/761007","targetHints":{"allow":["GET"]}}],"collection":[{"href":"https:\/\/nextsnkr.com\/fr\/wp-json\/wp\/v2\/product"}],"about":[{"href":"https:\/\/nextsnkr.com\/fr\/wp-json\/wp\/v2\/types\/product"}],"replies":[{"embeddable":true,"href":"https:\/\/nextsnkr.com\/fr\/wp-json\/wp\/v2\/comments?post=761007"}],"version-history":[{"count":0,"href":"https:\/\/nextsnkr.com\/fr\/wp-json\/wp\/v2\/product\/761007\/revisions"}],"wp:featuredmedia":[{"embeddable":true,"href":"https:\/\/nextsnkr.com\/fr\/wp-json\/wp\/v2\/media\/761012"}],"wp:attachment":[{"href":"https:\/\/nextsnkr.com\/fr\/wp-json\/wp\/v2\/media?parent=761007"}],"wp:term":[{"taxonomy":"product_brand","embeddable":true,"href":"https:\/\/nextsnkr.com\/fr\/wp-json\/wp\/v2\/product_brand?post=761007"},{"taxonomy":"product_cat","embeddable":true,"href":"https:\/\/nextsnkr.com\/fr\/wp-json\/wp\/v2\/product_cat?post=761007"},{"taxonomy":"product_tag","embeddable":true,"href":"https:\/\/nextsnkr.com\/fr\/wp-json\/wp\/v2\/product_tag?post=761007"}],"curies":[{"name":"wp","href":"https:\/\/api.w.org\/{rel}","templated":true}]}}