{"id":760652,"date":"2025-06-18T19:04:56","date_gmt":"2025-06-18T16:04:56","guid":{"rendered":"https:\/\/nextsnkr.com\/product\/hermes-platform-slides-fuchsia-orange\/"},"modified":"2026-01-31T18:45:25","modified_gmt":"2026-01-31T15:45:25","slug":"hermes-platform-slides-fuchsia-orange","status":"publish","type":"product","link":"https:\/\/nextsnkr.com\/fr\/produit\/hermes-platform-slides-fuchsia-orange\/","title":{"rendered":"Pantoufles HERMES Platform Slides Fuchsia \/ Orange cuir et daim"},"content":{"rendered":"<h2>Pantoufles HERMES Platform Slides Fuchsia \/ Orange cuir et daim<\/h2>\n<p>Les \u00e9l\u00e9gantes pantoufles Hermes Platform Slides, alliant fuchsia et Orange, sont fabriqu\u00e9es en cuir v\u00e9ritable et en daim pour un confort et une durabilit\u00e9. La plate-forme ajoute un design moderne et pratique lors de la marche. Fabricant-Turquie garantit une ex\u00e9cution de haute qualit\u00e9. Id\u00e9ales pour porter tous les jours et cr\u00e9er un look \u00e0 la mode, ces pantoufles HERMES allient marque, style et praticit\u00e9.<\/p>\n","protected":false},"excerpt":{"rendered":"<p>Les \u00e9l\u00e9gantes pantoufles Hermes Platform Slides, alliant fuchsia et Orange, sont fabriqu\u00e9es en cuir v\u00e9ritable et en daim pour un confort et une durabilit\u00e9. La plate-forme ajoute un design moderne et pratique lors de la marche. Fabricant-Turquie garantit une ex\u00e9cution de haute qualit\u00e9. Id\u00e9ales pour porter tous les jours et cr\u00e9er un look \u00e0 la mode, ces pantoufles HERMES allient marque, style et praticit\u00e9.<\/p>\n","protected":false},"featured_media":760657,"comment_status":"open","ping_status":"open","template":"","meta":[],"product_brand":[],"product_cat":[3212,3421],"product_tag":[],"class_list":{"0":"post-760652","1":"product","2":"type-product","3":"status-publish","4":"has-post-thumbnail","6":"product_cat-all-product","7":"product_cat-shlopantsi","8":"pa_rozmir-910","9":"pa_rozmir-912","10":"pa_rozmir-914","11":"pa_rozmir-915","12":"pa_rozmir-916","13":"pa_rozmir-917","14":"pa_rozmir-918","15":"pa_rozmir-919","16":"pa_rozmir-920","17":"pa_rozmir-921","18":"pa_rozmir-922","20":"first","21":"instock","22":"purchasable","23":"product-type-variable"},"_links":{"self":[{"href":"https:\/\/nextsnkr.com\/fr\/wp-json\/wp\/v2\/product\/760652","targetHints":{"allow":["GET"]}}],"collection":[{"href":"https:\/\/nextsnkr.com\/fr\/wp-json\/wp\/v2\/product"}],"about":[{"href":"https:\/\/nextsnkr.com\/fr\/wp-json\/wp\/v2\/types\/product"}],"replies":[{"embeddable":true,"href":"https:\/\/nextsnkr.com\/fr\/wp-json\/wp\/v2\/comments?post=760652"}],"version-history":[{"count":0,"href":"https:\/\/nextsnkr.com\/fr\/wp-json\/wp\/v2\/product\/760652\/revisions"}],"wp:featuredmedia":[{"embeddable":true,"href":"https:\/\/nextsnkr.com\/fr\/wp-json\/wp\/v2\/media\/760657"}],"wp:attachment":[{"href":"https:\/\/nextsnkr.com\/fr\/wp-json\/wp\/v2\/media?parent=760652"}],"wp:term":[{"taxonomy":"product_brand","embeddable":true,"href":"https:\/\/nextsnkr.com\/fr\/wp-json\/wp\/v2\/product_brand?post=760652"},{"taxonomy":"product_cat","embeddable":true,"href":"https:\/\/nextsnkr.com\/fr\/wp-json\/wp\/v2\/product_cat?post=760652"},{"taxonomy":"product_tag","embeddable":true,"href":"https:\/\/nextsnkr.com\/fr\/wp-json\/wp\/v2\/product_tag?post=760652"}],"curies":[{"name":"wp","href":"https:\/\/api.w.org\/{rel}","templated":true}]}}