{"id":759618,"date":"2025-06-18T19:08:25","date_gmt":"2025-06-18T16:08:25","guid":{"rendered":"https:\/\/nextsnkr.com\/product\/christian-dior-dway-slide-beige\/"},"modified":"2026-01-31T18:44:46","modified_gmt":"2026-01-31T15:44:46","slug":"christian-dior-dway-slide-beige","status":"publish","type":"product","link":"https:\/\/nextsnkr.com\/fr\/produit\/christian-dior-dway-slide-beige\/","title":{"rendered":"Chaussons Christian Dior Dway Slide Beige-\u00e9l\u00e9gant et confortable"},"content":{"rendered":"<h2>Chaussons Christian Dior Dway Slide Beige-\u00e9l\u00e9gant et confortable<\/h2>\n<p>Les \u00e9l\u00e9gantes pantoufles Christian Dior Dway Slide Beige sont fabriqu\u00e9es \u00e0 partir de cuir et de Textiles de haute qualit\u00e9, ce qui garantit confort et durabilit\u00e9. Le mod\u00e8le est parfait pour une utilisation quotidienne \u00e0 la maison ou en vacances. Le design \u00e9l\u00e9gant en beige de Christian Dior accentue votre go\u00fbt et ajoute un accent luxueux \u00e0 votre look d\u00e9contract\u00e9. La semelle l\u00e9g\u00e8re et confortable offre un soutien optimal au pied.<\/p>\n","protected":false},"excerpt":{"rendered":"<p>Les \u00e9l\u00e9gantes pantoufles Christian Dior Dway Slide Beige sont fabriqu\u00e9es \u00e0 partir de cuir et de Textiles de haute qualit\u00e9, ce qui garantit confort et durabilit\u00e9. Le mod\u00e8le est parfait pour une utilisation quotidienne \u00e0 la maison ou en vacances. Le design \u00e9l\u00e9gant en beige de Christian Dior accentue votre go\u00fbt et ajoute un accent luxueux \u00e0 votre look d\u00e9contract\u00e9. La semelle l\u00e9g\u00e8re et confortable offre un soutien optimal au pied.<\/p>\n","protected":false},"featured_media":759619,"comment_status":"open","ping_status":"open","template":"","meta":[],"product_brand":[],"product_cat":[3212,3421],"product_tag":[],"class_list":{"0":"post-759618","1":"product","2":"type-product","3":"status-publish","4":"has-post-thumbnail","6":"product_cat-all-product","7":"product_cat-shlopantsi","8":"pa_rozmir-910","9":"pa_rozmir-912","10":"pa_rozmir-914","11":"pa_rozmir-915","12":"pa_rozmir-916","13":"pa_rozmir-917","14":"pa_rozmir-918","15":"pa_rozmir-919","16":"pa_rozmir-920","17":"pa_rozmir-921","18":"pa_rozmir-922","20":"first","21":"instock","22":"purchasable","23":"product-type-variable"},"_links":{"self":[{"href":"https:\/\/nextsnkr.com\/fr\/wp-json\/wp\/v2\/product\/759618","targetHints":{"allow":["GET"]}}],"collection":[{"href":"https:\/\/nextsnkr.com\/fr\/wp-json\/wp\/v2\/product"}],"about":[{"href":"https:\/\/nextsnkr.com\/fr\/wp-json\/wp\/v2\/types\/product"}],"replies":[{"embeddable":true,"href":"https:\/\/nextsnkr.com\/fr\/wp-json\/wp\/v2\/comments?post=759618"}],"version-history":[{"count":0,"href":"https:\/\/nextsnkr.com\/fr\/wp-json\/wp\/v2\/product\/759618\/revisions"}],"wp:featuredmedia":[{"embeddable":true,"href":"https:\/\/nextsnkr.com\/fr\/wp-json\/wp\/v2\/media\/759619"}],"wp:attachment":[{"href":"https:\/\/nextsnkr.com\/fr\/wp-json\/wp\/v2\/media?parent=759618"}],"wp:term":[{"taxonomy":"product_brand","embeddable":true,"href":"https:\/\/nextsnkr.com\/fr\/wp-json\/wp\/v2\/product_brand?post=759618"},{"taxonomy":"product_cat","embeddable":true,"href":"https:\/\/nextsnkr.com\/fr\/wp-json\/wp\/v2\/product_cat?post=759618"},{"taxonomy":"product_tag","embeddable":true,"href":"https:\/\/nextsnkr.com\/fr\/wp-json\/wp\/v2\/product_tag?post=759618"}],"curies":[{"name":"wp","href":"https:\/\/api.w.org\/{rel}","templated":true}]}}