{"id":759279,"date":"2025-06-18T19:09:36","date_gmt":"2025-06-18T16:09:36","guid":{"rendered":"https:\/\/nextsnkr.com\/product\/louis-vuitton-ginger-cream-slides\/"},"modified":"2026-01-31T18:44:38","modified_gmt":"2026-01-31T15:44:38","slug":"louis-vuitton-ginger-cream-slides","status":"publish","type":"product","link":"https:\/\/nextsnkr.com\/fr\/produit\/louis-vuitton-ginger-cream-slides\/","title":{"rendered":"LOUIS VUITTON GINGER \/ Cream SLIDES-empreintes en cuir et Textiles"},"content":{"rendered":"<h2>LOUIS VUITTON GINGER \/ Cream SLIDES-empreintes en cuir et Textiles<\/h2>\n<p>Les \u00e9l\u00e9gantes pantoufles Louis VUITTON GINGER \/ CREAM SLIDES sont fabriqu\u00e9es \u00e0 partir de cuir et de Textiles de haute qualit\u00e9, ce qui garantit confort et durabilit\u00e9. L\u00e9gers et confortables, ils sont parfaits pour \u00eatre port\u00e9s tous les jours \u00e0 la maison ou en vacances. Le design \u00e9l\u00e9gant dans les tons clairs ajoute du charme \u00e0 n&rsquo;importe quel look, tandis que la marque LOUIS VUITTON souligne le statut et le go\u00fbt exquis du propri\u00e9taire. Un choix pour ceux qui appr\u00e9cient le confort, le style et la qualit\u00e9.<\/p>\n","protected":false},"excerpt":{"rendered":"<p>Les \u00e9l\u00e9gantes pantoufles Louis VUITTON GINGER \/ CREAM SLIDES sont fabriqu\u00e9es \u00e0 partir de cuir et de Textiles de haute qualit\u00e9, ce qui garantit confort et durabilit\u00e9. L\u00e9gers et confortables, ils sont parfaits pour \u00eatre port\u00e9s tous les jours \u00e0 la maison ou en vacances. Le design \u00e9l\u00e9gant dans les tons clairs ajoute du charme \u00e0 n&rsquo;importe quel look, tandis que la marque LOUIS VUITTON souligne le statut et le go\u00fbt exquis du propri\u00e9taire. Un choix pour ceux qui appr\u00e9cient le confort, le style et la qualit\u00e9.<\/p>\n","protected":false},"featured_media":759282,"comment_status":"open","ping_status":"open","template":"","meta":[],"product_brand":[],"product_cat":[3212,3421],"product_tag":[],"class_list":{"0":"post-759279","1":"product","2":"type-product","3":"status-publish","4":"has-post-thumbnail","6":"product_cat-all-product","7":"product_cat-shlopantsi","8":"pa_rozmir-910","9":"pa_rozmir-912","10":"pa_rozmir-914","11":"pa_rozmir-915","12":"pa_rozmir-916","13":"pa_rozmir-917","14":"pa_rozmir-918","15":"pa_rozmir-919","16":"pa_rozmir-920","17":"pa_rozmir-921","18":"pa_rozmir-922","20":"first","21":"instock","22":"purchasable","23":"product-type-variable"},"_links":{"self":[{"href":"https:\/\/nextsnkr.com\/fr\/wp-json\/wp\/v2\/product\/759279","targetHints":{"allow":["GET"]}}],"collection":[{"href":"https:\/\/nextsnkr.com\/fr\/wp-json\/wp\/v2\/product"}],"about":[{"href":"https:\/\/nextsnkr.com\/fr\/wp-json\/wp\/v2\/types\/product"}],"replies":[{"embeddable":true,"href":"https:\/\/nextsnkr.com\/fr\/wp-json\/wp\/v2\/comments?post=759279"}],"version-history":[{"count":0,"href":"https:\/\/nextsnkr.com\/fr\/wp-json\/wp\/v2\/product\/759279\/revisions"}],"wp:featuredmedia":[{"embeddable":true,"href":"https:\/\/nextsnkr.com\/fr\/wp-json\/wp\/v2\/media\/759282"}],"wp:attachment":[{"href":"https:\/\/nextsnkr.com\/fr\/wp-json\/wp\/v2\/media?parent=759279"}],"wp:term":[{"taxonomy":"product_brand","embeddable":true,"href":"https:\/\/nextsnkr.com\/fr\/wp-json\/wp\/v2\/product_brand?post=759279"},{"taxonomy":"product_cat","embeddable":true,"href":"https:\/\/nextsnkr.com\/fr\/wp-json\/wp\/v2\/product_cat?post=759279"},{"taxonomy":"product_tag","embeddable":true,"href":"https:\/\/nextsnkr.com\/fr\/wp-json\/wp\/v2\/product_tag?post=759279"}],"curies":[{"name":"wp","href":"https:\/\/api.w.org\/{rel}","templated":true}]}}