{"id":758392,"date":"2025-06-13T12:26:52","date_gmt":"2025-06-13T09:26:52","guid":{"rendered":"https:\/\/nextsnkr.com\/product\/350-v2-mono-clay\/"},"modified":"2026-01-31T18:44:07","modified_gmt":"2026-01-31T15:44:07","slug":"350-v2-mono-clay","status":"publish","type":"product","link":"https:\/\/nextsnkr.com\/fr\/produit\/350-v2-mono-clay\/","title":{"rendered":"Baskets 350 v2 Mono Clay-textile l\u00e9ger \u00e9l\u00e9gant pour homme"},"content":{"rendered":"<h2>Baskets 350 v2 Mono Clay-textile l\u00e9ger \u00e9l\u00e9gant pour homme<\/h2>\n<p>La chaussure de course 350 v2 Mono Clay est un design moderne, confortable et pratique pour une utilisation quotidienne. Le mod\u00e8le est fabriqu\u00e9 \u00e0 partir de Textiles respirants qui offrent l\u00e9g\u00e8ret\u00e9 et ventilation lors de promenades ou d&rsquo;entra\u00eenements actifs. La semelle amortissante confortable cr\u00e9e un soutien naturel pour le pied, r\u00e9duisant ainsi la fatigue. La teinte \u00e9l\u00e9gante Mono Clay ajoute de l&rsquo;originalit\u00e9 \u00e0 l&rsquo;image. Optez pour le 350 v2 Mono Clay-confort et style \u00e0 chaque \u00e9tape.<\/p>\n","protected":false},"excerpt":{"rendered":"<p>La chaussure de course 350 v2 Mono Clay est un design moderne, confortable et pratique pour une utilisation quotidienne. Le mod\u00e8le est fabriqu\u00e9 \u00e0 partir de Textiles respirants qui offrent l\u00e9g\u00e8ret\u00e9 et ventilation lors de promenades ou d&rsquo;entra\u00eenements actifs. La semelle amortissante confortable cr\u00e9e un soutien naturel pour le pied, r\u00e9duisant ainsi la fatigue. La teinte \u00e9l\u00e9gante Mono Clay ajoute de l&rsquo;originalit\u00e9 \u00e0 l&rsquo;image. Optez pour le 350 v2 Mono Clay-confort et style \u00e0 chaque \u00e9tape.<\/p>\n","protected":false},"featured_media":758396,"comment_status":"open","ping_status":"open","template":"","meta":[],"product_brand":[],"product_cat":[3212,3213],"product_tag":[],"class_list":{"0":"post-758392","1":"product","2":"type-product","3":"status-publish","4":"has-post-thumbnail","6":"product_cat-all-product","7":"product_cat-krosivky","8":"pa_rozmir-910","9":"pa_rozmir-912","10":"pa_rozmir-914","11":"pa_rozmir-915","12":"pa_rozmir-916","13":"pa_rozmir-917","14":"pa_rozmir-918","15":"pa_rozmir-919","16":"pa_rozmir-920","17":"pa_rozmir-921","18":"pa_rozmir-922","20":"first","21":"instock","22":"purchasable","23":"product-type-variable"},"_links":{"self":[{"href":"https:\/\/nextsnkr.com\/fr\/wp-json\/wp\/v2\/product\/758392","targetHints":{"allow":["GET"]}}],"collection":[{"href":"https:\/\/nextsnkr.com\/fr\/wp-json\/wp\/v2\/product"}],"about":[{"href":"https:\/\/nextsnkr.com\/fr\/wp-json\/wp\/v2\/types\/product"}],"replies":[{"embeddable":true,"href":"https:\/\/nextsnkr.com\/fr\/wp-json\/wp\/v2\/comments?post=758392"}],"version-history":[{"count":0,"href":"https:\/\/nextsnkr.com\/fr\/wp-json\/wp\/v2\/product\/758392\/revisions"}],"wp:featuredmedia":[{"embeddable":true,"href":"https:\/\/nextsnkr.com\/fr\/wp-json\/wp\/v2\/media\/758396"}],"wp:attachment":[{"href":"https:\/\/nextsnkr.com\/fr\/wp-json\/wp\/v2\/media?parent=758392"}],"wp:term":[{"taxonomy":"product_brand","embeddable":true,"href":"https:\/\/nextsnkr.com\/fr\/wp-json\/wp\/v2\/product_brand?post=758392"},{"taxonomy":"product_cat","embeddable":true,"href":"https:\/\/nextsnkr.com\/fr\/wp-json\/wp\/v2\/product_cat?post=758392"},{"taxonomy":"product_tag","embeddable":true,"href":"https:\/\/nextsnkr.com\/fr\/wp-json\/wp\/v2\/product_tag?post=758392"}],"curies":[{"name":"wp","href":"https:\/\/api.w.org\/{rel}","templated":true}]}}