{"id":757411,"date":"2025-06-18T19:16:37","date_gmt":"2025-06-18T16:16:37","guid":{"rendered":"https:\/\/nextsnkr.com\/product\/balenciaga-3xl-sandals-black\/"},"modified":"2026-01-31T18:43:40","modified_gmt":"2026-01-31T15:43:40","slug":"balenciaga-3xl-sandals-black","status":"publish","type":"product","link":"https:\/\/nextsnkr.com\/fr\/produit\/balenciaga-3xl-sandals-black\/","title":{"rendered":"Sandales BALENCIAGA 3XL Black-sandales \u00e9l\u00e9gantes en cuir et en textile"},"content":{"rendered":"<h2>Sandales BALENCIAGA 3XL Black-sandales \u00e9l\u00e9gantes en cuir et en textile<\/h2>\n<p>BALENCIAGA 3XL SANDALS BLACK sont des sandales haut de gamme de la marque BALENCIAGA, fabriqu\u00e9es \u00e0 partir de cuir et de Textiles de haute qualit\u00e9. Le mod\u00e8le combine un design moderne, un confort et une durabilit\u00e9, adapt\u00e9 au port quotidien et aux promenades estivales. La fabrication en Chine garantit la pr\u00e9cision de l&rsquo;ex\u00e9cution et la qualit\u00e9 des mat\u00e9riaux. Un choix parfait pour ceux qui appr\u00e9cient le style, la commodit\u00e9 et les chaussures de marque.<\/p>\n","protected":false},"excerpt":{"rendered":"<p>BALENCIAGA 3XL SANDALS BLACK sont des sandales haut de gamme de la marque BALENCIAGA, fabriqu\u00e9es \u00e0 partir de cuir et de Textiles de haute qualit\u00e9. Le mod\u00e8le combine un design moderne, un confort et une durabilit\u00e9, adapt\u00e9 au port quotidien et aux promenades estivales. La fabrication en Chine garantit la pr\u00e9cision de l&rsquo;ex\u00e9cution et la qualit\u00e9 des mat\u00e9riaux. Un choix parfait pour ceux qui appr\u00e9cient le style, la commodit\u00e9 et les chaussures de marque.<\/p>\n","protected":false},"featured_media":757412,"comment_status":"open","ping_status":"open","template":"","meta":[],"product_brand":[],"product_cat":[3212,3448],"product_tag":[],"class_list":{"0":"post-757411","1":"product","2":"type-product","3":"status-publish","4":"has-post-thumbnail","6":"product_cat-all-product","7":"product_cat-sandali","8":"pa_rozmir-910","9":"pa_rozmir-912","10":"pa_rozmir-914","11":"pa_rozmir-915","12":"pa_rozmir-916","13":"pa_rozmir-917","14":"pa_rozmir-918","15":"pa_rozmir-919","16":"pa_rozmir-920","17":"pa_rozmir-921","18":"pa_rozmir-922","20":"first","21":"instock","22":"purchasable","23":"product-type-variable"},"_links":{"self":[{"href":"https:\/\/nextsnkr.com\/fr\/wp-json\/wp\/v2\/product\/757411","targetHints":{"allow":["GET"]}}],"collection":[{"href":"https:\/\/nextsnkr.com\/fr\/wp-json\/wp\/v2\/product"}],"about":[{"href":"https:\/\/nextsnkr.com\/fr\/wp-json\/wp\/v2\/types\/product"}],"replies":[{"embeddable":true,"href":"https:\/\/nextsnkr.com\/fr\/wp-json\/wp\/v2\/comments?post=757411"}],"version-history":[{"count":0,"href":"https:\/\/nextsnkr.com\/fr\/wp-json\/wp\/v2\/product\/757411\/revisions"}],"wp:featuredmedia":[{"embeddable":true,"href":"https:\/\/nextsnkr.com\/fr\/wp-json\/wp\/v2\/media\/757412"}],"wp:attachment":[{"href":"https:\/\/nextsnkr.com\/fr\/wp-json\/wp\/v2\/media?parent=757411"}],"wp:term":[{"taxonomy":"product_brand","embeddable":true,"href":"https:\/\/nextsnkr.com\/fr\/wp-json\/wp\/v2\/product_brand?post=757411"},{"taxonomy":"product_cat","embeddable":true,"href":"https:\/\/nextsnkr.com\/fr\/wp-json\/wp\/v2\/product_cat?post=757411"},{"taxonomy":"product_tag","embeddable":true,"href":"https:\/\/nextsnkr.com\/fr\/wp-json\/wp\/v2\/product_tag?post=757411"}],"curies":[{"name":"wp","href":"https:\/\/api.w.org\/{rel}","templated":true}]}}